{"id":5587,"date":"2022-05-02T10:53:01","date_gmt":"2022-05-02T08:53:01","guid":{"rendered":"https:\/\/wearesi.se\/?page_id=5587"},"modified":"2025-10-02T17:57:37","modified_gmt":"2025-10-02T15:57:37","slug":"code-of-conduct","status":"publish","type":"page","link":"https:\/\/wearesi.se\/en\/code-of-conduct","title":{"rendered":"Code of Conduct"},"content":{"rendered":"\t\t<div data-elementor-type=\"wp-page\" data-elementor-id=\"5587\" class=\"elementor elementor-5587\" data-elementor-post-type=\"page\">\n\t\t\t\t\t\t<section class=\"elementor-section elementor-top-section elementor-element elementor-element-7580675 elementor-section-height-min-height elementor-section-boxed elementor-section-height-default elementor-section-items-middle\" data-id=\"7580675\" data-element_type=\"section\" data-e-type=\"section\" data-settings=\"{&quot;background_background&quot;:&quot;classic&quot;}\">\n\t\t\t\t\t\t\t<div class=\"elementor-background-overlay\"><\/div>\n\t\t\t\t\t\t\t<div class=\"elementor-container elementor-column-gap-default\">\n\t\t\t\t\t<div class=\"elementor-column elementor-col-50 elementor-top-column elementor-element elementor-element-b7208af\" data-id=\"b7208af\" data-element_type=\"column\" data-e-type=\"column\" data-settings=\"{&quot;motion_fx_motion_fx_scrolling&quot;:&quot;yes&quot;,&quot;motion_fx_translateY_effect&quot;:&quot;yes&quot;,&quot;motion_fx_translateY_speed&quot;:{&quot;unit&quot;:&quot;px&quot;,&quot;size&quot;:4,&quot;sizes&quot;:[]},&quot;motion_fx_translateY_affectedRange&quot;:{&quot;unit&quot;:&quot;%&quot;,&quot;size&quot;:&quot;&quot;,&quot;sizes&quot;:{&quot;start&quot;:0,&quot;end&quot;:100}},&quot;motion_fx_devices&quot;:[&quot;desktop&quot;,&quot;tablet&quot;,&quot;mobile&quot;]}\">\n\t\t\t<div class=\"elementor-widget-wrap elementor-element-populated\">\n\t\t\t\t\t\t<div class=\"elementor-element elementor-element-e19f05b elementor-invisible elementor-widget elementor-widget-heading\" data-id=\"e19f05b\" data-element_type=\"widget\" data-e-type=\"widget\" data-settings=\"{&quot;_animation&quot;:&quot;fadeInUp&quot;}\" data-widget_type=\"heading.default\">\n\t\t\t\t<div class=\"elementor-widget-container\">\n\t\t\t\t\t<h2 class=\"elementor-heading-title elementor-size-default\">Code of Conduct<\/h2>\t\t\t\t<\/div>\n\t\t\t\t<\/div>\n\t\t\t\t<div class=\"elementor-element elementor-element-39b7146 elementor-invisible elementor-widget elementor-widget-heading\" data-id=\"39b7146\" data-element_type=\"widget\" data-e-type=\"widget\" data-settings=\"{&quot;_animation&quot;:&quot;fadeInUp&quot;}\" data-widget_type=\"heading.default\">\n\t\t\t\t<div class=\"elementor-widget-container\">\n\t\t\t\t\t<h2 class=\"elementor-heading-title elementor-size-default\">Uppf\u00f6randekod<\/h2>\t\t\t\t<\/div>\n\t\t\t\t<\/div>\n\t\t\t\t<div class=\"elementor-element elementor-element-2252b8e elementor-invisible elementor-widget elementor-widget-text-editor\" data-id=\"2252b8e\" data-element_type=\"widget\" data-e-type=\"widget\" data-settings=\"{&quot;_animation&quot;:&quot;fadeInUp&quot;}\" data-widget_type=\"text-editor.default\">\n\t\t\t\t<div class=\"elementor-widget-container\">\n\t\t\t\t\t\t\t\t\tVi inom SI utvecklar, installerar och tar i drift l\u00f6sningar f\u00f6r energieffektiva anl\u00e4ggningar i Sverige och v\u00e4rlden \u00f6ver. D\u00e5 h\u00e5llbar utveckling \u00e4r en del av SI:s dagliga verksamhet \u00e4r det viktigt att vi agerar p\u00e5 ett ansvarsfullt s\u00e4tt, b\u00e5de milj\u00f6m\u00e4ssigt, etiskt och socialt. SI vill genom denna uppf\u00f6randekod skapa merv\u00e4rden f\u00f6r kunder, medarbetare, leverant\u00f6rer och aktie\u00e4gare, samtidigt som vi bidrar till en h\u00e5llbar framtid.\t\t\t\t\t\t\t\t<\/div>\n\t\t\t\t<\/div>\n\t\t\t\t\t<\/div>\n\t\t<\/div>\n\t\t\t\t<div class=\"elementor-column elementor-col-50 elementor-top-column elementor-element elementor-element-b5751f7\" data-id=\"b5751f7\" data-element_type=\"column\" data-e-type=\"column\">\n\t\t\t<div class=\"elementor-widget-wrap\">\n\t\t\t\t\t\t\t<\/div>\n\t\t<\/div>\n\t\t\t\t\t<\/div>\n\t\t<\/section>\n\t\t\t\t<section class=\"elementor-section elementor-top-section elementor-element elementor-element-990ea92 elementor-section-boxed elementor-section-height-default elementor-section-height-default\" data-id=\"990ea92\" data-element_type=\"section\" data-e-type=\"section\">\n\t\t\t\t\t\t<div class=\"elementor-container elementor-column-gap-default\">\n\t\t\t\t\t<div class=\"elementor-column elementor-col-100 elementor-top-column elementor-element elementor-element-218f0a6\" data-id=\"218f0a6\" data-element_type=\"column\" data-e-type=\"column\">\n\t\t\t<div class=\"elementor-widget-wrap elementor-element-populated\">\n\t\t\t\t\t\t<div class=\"elementor-element elementor-element-6b8f639 elementor-invisible elementor-widget elementor-widget-heading\" data-id=\"6b8f639\" data-element_type=\"widget\" data-e-type=\"widget\" data-settings=\"{&quot;_animation&quot;:&quot;fadeInUp&quot;}\" data-widget_type=\"heading.default\">\n\t\t\t\t<div class=\"elementor-widget-container\">\n\t\t\t\t\t<h2 class=\"elementor-heading-title elementor-size-default\">We are SI<\/h2>\t\t\t\t<\/div>\n\t\t\t\t<\/div>\n\t\t\t\t<div class=\"elementor-element elementor-element-bbddbd7 elementor-invisible elementor-widget elementor-widget-text-editor\" data-id=\"bbddbd7\" data-element_type=\"widget\" data-e-type=\"widget\" data-settings=\"{&quot;_animation&quot;:&quot;fadeInUp&quot;}\" data-widget_type=\"text-editor.default\">\n\t\t\t\t<div class=\"elementor-widget-container\">\n\t\t\t\t\t\t\t\t\t<p>SI:s uppf\u00f6randekod (Code of Conduct) inneh\u00e5ller grundl\u00e4ggande principer och f\u00f6rv\u00e4ntningar p\u00e5 hur v\u00e5r organisation sk\u00f6ter aff\u00e4rer och hur vi interagerar med v\u00e5ra kollegor, leverant\u00f6rer, kunder och samarbetspartners. Uppf\u00f6randekoden g\u00e4ller alla i SI:s koncern, fr\u00e5n styrelse och ledning till enskilda medarbetare. Det \u00e4r v\u00e5rt personliga ansvar att f\u00f6rst\u00e5 uppf\u00f6randekoden och inneh\u00e5llet ska respekteras och f\u00f6ljas.<\/p>\t\t\t\t\t\t\t\t<\/div>\n\t\t\t\t<\/div>\n\t\t\t\t<div class=\"elementor-element elementor-element-5b41dc7 elementor-invisible elementor-widget elementor-widget-heading\" data-id=\"5b41dc7\" data-element_type=\"widget\" data-e-type=\"widget\" data-settings=\"{&quot;_animation&quot;:&quot;fadeInUp&quot;}\" data-widget_type=\"heading.default\">\n\t\t\t\t<div class=\"elementor-widget-container\">\n\t\t\t\t\t<h2 class=\"elementor-heading-title elementor-size-default\">SIs k\u00e4rnv\u00e4rden<\/h2>\t\t\t\t<\/div>\n\t\t\t\t<\/div>\n\t\t\t\t<div class=\"elementor-element elementor-element-32e2f4e elementor-invisible elementor-widget elementor-widget-text-editor\" data-id=\"32e2f4e\" data-element_type=\"widget\" data-e-type=\"widget\" data-settings=\"{&quot;_animation&quot;:&quot;fadeInUp&quot;}\" data-widget_type=\"text-editor.default\">\n\t\t\t\t<div class=\"elementor-widget-container\">\n\t\t\t\t\t\t\t\t\t<ul><li><b>Kompetent<\/b> <b>\u2013\u00a0<\/b>SI bygger p\u00e5 att vi kan det vi g\u00f6r. Att vi t\u00e4nker ett extra varv f\u00f6r att erbjuda den smartaste l\u00f6sningen i form av teknik, ekonomi och h\u00e5llbarhet. Vi arbetar alltid f\u00f6r att v\u00e5r senaste leverans skall vara den b\u00e4sta.<br \/><br \/><\/li><li><b>Jordn\u00e4ra \u2013\u00a0<\/b>Vi ska vara k\u00e4nda f\u00f6r ett jordn\u00e4ra arbetss\u00e4tt med korta beslutsv\u00e4gar och vi ska vara lyh\u00f6rda f\u00f6r kundernas intressen. Vi ska uppfattas som prestigel\u00f6sa och arbeta n\u00e4ra v\u00e5ra kunder.<b><\/b><br \/><span class=\"Apple-converted-space\">\u00a0<\/span><\/li><li><b>Kreativt \u2013\u00a0<\/b>V\u00e5r ambition \u00e4r att str\u00e4va efter hur saker och ting kan g\u00f6ras b\u00e4ttre. Att st\u00e4ndigt utvecklas och s\u00f6ka efter nya l\u00f6sningar. Vi tror att sm\u00e5 f\u00f6rb\u00e4ttringar varje dag g\u00f6r stor nytta f\u00f6r framtiden.<br \/><br \/><\/li><li><b>Engagerat \u2013\u00a0<\/b>F\u00f6r oss betyder engagemang att vi \u00e4r h\u00e4ngivna, dedikerade och tror p\u00e5 det vi g\u00f6r. Vi bidrar med entusiasm, energi och g\u00f6r v\u00e5r yttersta f\u00f6r att n\u00e5 det l\u00e5ngsiktiga m\u00e5let.<br \/><br \/><\/li><\/ul><p><b>Tillsammans! \u2013<\/b> P\u00e5 SI har vi en stor tillsammans-kultur. Vi arbetar tillsammans med varandra, tillsammans med leverant\u00f6rer och inte minst tillsammans med v\u00e5ra kunder. Vi tror att det \u00e4r en f\u00f6ruts\u00e4ttning f\u00f6r att \u00e5stadkomma goda och varaktiga resultat d\u00e4r m\u00e5let \u00e4r att skapa n\u00e4sta generations energieffektiva v\u00e4rld.<b> <\/b>Tillsammans!<\/p>\t\t\t\t\t\t\t\t<\/div>\n\t\t\t\t<\/div>\n\t\t\t\t<div class=\"elementor-element elementor-element-0b3de88 elementor-invisible elementor-widget elementor-widget-heading\" data-id=\"0b3de88\" data-element_type=\"widget\" data-e-type=\"widget\" data-settings=\"{&quot;_animation&quot;:&quot;fadeInUp&quot;}\" data-widget_type=\"heading.default\">\n\t\t\t\t<div class=\"elementor-widget-container\">\n\t\t\t\t\t<h2 class=\"elementor-heading-title elementor-size-default\">Aff\u00e4rsetik och aff\u00e4rsprinciper<\/h2>\t\t\t\t<\/div>\n\t\t\t\t<\/div>\n\t\t\t\t<div class=\"elementor-element elementor-element-348bf1a elementor-invisible elementor-widget elementor-widget-text-editor\" data-id=\"348bf1a\" data-element_type=\"widget\" data-e-type=\"widget\" data-settings=\"{&quot;_animation&quot;:&quot;fadeInUp&quot;}\" data-widget_type=\"text-editor.default\">\n\t\t\t\t<div class=\"elementor-widget-container\">\n\t\t\t\t\t\t\t\t\t<p>SI f\u00f6ljer de lagar, regler och f\u00f6rordningar som g\u00e4ller p\u00e5 marknader d\u00e4r vi \u00e4r verksamma. Vi ser att detta utg\u00f6r en l\u00e4gsta niv\u00e5 f\u00f6r v\u00e5rt uppf\u00f6rande och vi f\u00f6ruts\u00e4tter att v\u00e5ra aff\u00e4rspartners agerar p\u00e5 motsvarande s\u00e4tt.<\/p><p><b>Antikorruption<\/b><\/p><p>SI agerar alltid etiskt och ansvarsfullt i aff\u00e4rsrelationer. Vi accepterar ingen form av korruption, mutor eller utpressning<\/p><p>Det inneb\u00e4r bland annat att:<span class=\"Apple-converted-space\">\u00a0<\/span><\/p><ul><li>Vi agerar och fattar beslut utan h\u00e4nsyn till personlig vinning f\u00f6r oss eller v\u00e5ra n\u00e4rst\u00e5ende.<br \/><span class=\"Apple-converted-space\">\u00a0<\/span><\/li><li>Vi undviker situationer som kan skapa eller ge intryck av att skapa intressekonflikter.<br \/><span class=\"Apple-converted-space\">\u00a0<\/span><\/li><li>Vid eventuella resor och evenemang tillsammans med kunder eller leverant\u00f6rer betalar vi alltid f\u00f6r v\u00e5ra egna utgifter f\u00f6r att inte s\u00e4tta oss i beroendest\u00e4llning.<span class=\"Apple-converted-space\">\u00a0<br \/><br \/><\/span><\/li><li>Vi \u00f6vertr\u00e4der aldrig g\u00e4llande lag om givande eller tagande av muta. Vi efterf\u00f6ljer aff\u00e4rspartners regler om g\u00e5vor och representation med mera.<\/li><\/ul><p><b><br \/>Sund konkurrens<br \/><\/b>SI driver verksamhet enligt g\u00e4llande konkurrenslagstiftning. Vi agerar f\u00f6r sund konkurrens vid anbud, offert, upphandling och ink\u00f6p.<span class=\"Apple-converted-space\">\u00a0<\/span><\/p><ul><li style=\"list-style-type: none;\"><ul><li>V\u00e5ra medarbetare engagerar sig inte i diskussioner med konkurrenter om marknadsf\u00f6rdelning, informationsutbyte, priss\u00e4ttning, produktion och f\u00f6rs\u00e4ljningskvoter<span class=\"Apple-converted-space\"><br \/><br \/><\/span><\/li><li>Vi accepterar inte n\u00e5gon form av olagligt konkurrensbegr\u00e4nsande \u00e5tg\u00e4rd, s\u00e5som till exempel prissamverkan, kartellbildning eller missbruk av marknadsdominans.<span class=\"Apple-converted-space\">\u00a0<\/span><\/li><\/ul><\/li><\/ul>\t\t\t\t\t\t\t\t<\/div>\n\t\t\t\t<\/div>\n\t\t\t\t<div class=\"elementor-element elementor-element-ad8a154 elementor-invisible elementor-widget elementor-widget-heading\" data-id=\"ad8a154\" data-element_type=\"widget\" data-e-type=\"widget\" data-settings=\"{&quot;_animation&quot;:&quot;fadeInUp&quot;}\" data-widget_type=\"heading.default\">\n\t\t\t\t<div class=\"elementor-widget-container\">\n\t\t\t\t\t<h2 class=\"elementor-heading-title elementor-size-default\">R\u00e4ttvisa arbetsvillkor<\/h2>\t\t\t\t<\/div>\n\t\t\t\t<\/div>\n\t\t\t\t<div class=\"elementor-element elementor-element-a77ca35 elementor-invisible elementor-widget elementor-widget-text-editor\" data-id=\"a77ca35\" data-element_type=\"widget\" data-e-type=\"widget\" data-settings=\"{&quot;_animation&quot;:&quot;fadeInUp&quot;}\" data-widget_type=\"text-editor.default\">\n\t\t\t\t<div class=\"elementor-widget-container\">\n\t\t\t\t\t\t\t\t\t<p>Alla m\u00e4nniskors lika v\u00e4rde \u00e4r en sj\u00e4lvklarhet och vi har ett ansvar f\u00f6r att s\u00e4kerst\u00e4lla r\u00e4ttvisa arbetsvillkor och efterlevnad av m\u00e4nskliga r\u00e4ttigheter f\u00f6r SIs medarbetare. SI str\u00e4var hela tiden efter att vara ett f\u00f6retag d\u00e4r alla medarbetare skall trivas och utvecklas. Att vi p\u00e5 SI bryr oss om varandra bidrar till arbetsgl\u00e4dje, bra arbetsklimat och god h\u00e4lsa. Detta \u00e4r f\u00f6ruts\u00e4ttningar f\u00f6r att vi, tillsammans, skall skapa en inspirerande arbetsmilj\u00f6.<\/p><p><b>Likabehandling och m\u00e5ngfald<span class=\"Apple-converted-space\">\u00a0<br \/><\/span><\/b>SI arbetar f\u00f6r \u00f6kad m\u00e5ngfald och likabehandling i alla delar av organisationen. Vi tror att v\u00e5ra olikheter bidrar till att vi \u00e4r en intressant, inspirerande och dynamisk arbetsplats som g\u00f6r oss starka p\u00e5 marknaden.<\/p><p>Alla anst\u00e4llda ska omfattas av samma m\u00f6jligheter, r\u00e4ttigheter och skyldigheter oberoende av k\u00f6n, k\u00f6ns\u00f6verskridande identitet eller uttryck, etnisk tillh\u00f6righet, religion eller annan trosuppfattning, funktionsvariation, sexuell l\u00e4ggning eller \u00e5lder. V\u00e5r verksamhet skall bygga p\u00e5 god etik och stor respekt f\u00f6r alla individer s\u00e5v\u00e4l inom f\u00f6retaget som vid externa kontakter.<span class=\"Apple-converted-space\">\u00a0<\/span><\/p><p><b>Nolltolerans mot s\u00e4rbehandling eller diskriminering<span class=\"Apple-converted-space\">\u00a0<br \/><\/span><\/b>Ingen ska uts\u00e4ttas f\u00f6r kr\u00e4nkande s\u00e4rbehandling, mobbning eller diskriminering. SI har ansvar f\u00f6r att f\u00f6rebygga, f\u00f6rhindra och agera. Alla medarbetare och aff\u00e4rspartners som ser eller misst\u00e4nker \u00f6vertr\u00e4delser \u00e4r skyldiga att p\u00e5tala detta.<span class=\"Apple-converted-space\">\u00a0<\/span><\/p>\t\t\t\t\t\t\t\t<\/div>\n\t\t\t\t<\/div>\n\t\t\t\t<div class=\"elementor-element elementor-element-669b123 elementor-invisible elementor-widget elementor-widget-heading\" data-id=\"669b123\" data-element_type=\"widget\" data-e-type=\"widget\" data-settings=\"{&quot;_animation&quot;:&quot;fadeInUp&quot;}\" data-widget_type=\"heading.default\">\n\t\t\t\t<div class=\"elementor-widget-container\">\n\t\t\t\t\t<h2 class=\"elementor-heading-title elementor-size-default\">Milj\u00f6 och h\u00e5llbarhet\n<\/h2>\t\t\t\t<\/div>\n\t\t\t\t<\/div>\n\t\t\t\t<div class=\"elementor-element elementor-element-90e8a4e elementor-invisible elementor-widget elementor-widget-text-editor\" data-id=\"90e8a4e\" data-element_type=\"widget\" data-e-type=\"widget\" data-settings=\"{&quot;_animation&quot;:&quot;fadeInUp&quot;}\" data-widget_type=\"text-editor.default\">\n\t\t\t\t<div class=\"elementor-widget-container\">\n\t\t\t\t\t\t\t\t\t<p>SIs engagemang f\u00f6r milj\u00f6n \u00e4r gemensamt f\u00f6r alla v\u00e5ra verksamhetsomr\u00e5den. Vi str\u00e4var efter att bedriva v\u00e5r verksamhet p\u00e5 ett milj\u00f6m\u00e4ssigt h\u00e5llbart s\u00e4tt och att minska v\u00e5rt milj\u00f6avtryck genom att unders\u00f6ka f\u00f6rb\u00e4ttringsm\u00f6jligheter i produkter och processer. Men framf\u00f6r allt verkar vi f\u00f6r att hj\u00e4lpa v\u00e5ra kunder att p\u00e5 olika s\u00e4tt energieffektivisera sina verksamheter.<span class=\"Apple-converted-space\">\u00a0<\/span><\/p><p>-Tillsammans f\u00f6r n\u00e4sta generations energieffektiva v\u00e4rld.<\/p>\t\t\t\t\t\t\t\t<\/div>\n\t\t\t\t<\/div>\n\t\t\t\t<div class=\"elementor-element elementor-element-52c15b6 elementor-invisible elementor-widget elementor-widget-heading\" data-id=\"52c15b6\" data-element_type=\"widget\" data-e-type=\"widget\" data-settings=\"{&quot;_animation&quot;:&quot;fadeInUp&quot;}\" data-widget_type=\"heading.default\">\n\t\t\t\t<div class=\"elementor-widget-container\">\n\t\t\t\t\t<h2 class=\"elementor-heading-title elementor-size-default\">Efterlevnad<\/h2>\t\t\t\t<\/div>\n\t\t\t\t<\/div>\n\t\t\t\t<div class=\"elementor-element elementor-element-3f24fa3 elementor-invisible elementor-widget elementor-widget-text-editor\" data-id=\"3f24fa3\" data-element_type=\"widget\" data-e-type=\"widget\" data-settings=\"{&quot;_animation&quot;:&quot;fadeInUp&quot;}\" data-widget_type=\"text-editor.default\">\n\t\t\t\t<div class=\"elementor-widget-container\">\n\t\t\t\t\t\t\t\t\t<p>Uppf\u00f6randekoden skall efterlevas. En medarbetare som k\u00e4nner os\u00e4kerhet runt till\u00e4mpningen i det dagliga arbetet kan f\u00e5 v\u00e4gledning av sin chef, men en god grundl\u00e4ggande princip \u00e4r att vi i aff\u00e4rssammanhang alltid ska agera p\u00e5 ett s\u00e5dant s\u00e4tt att det ska t\u00e5la att publiceras i media.<\/p><p>Det finns m\u00f6jlighet att rapportera anonymt via SIs system f\u00f6r visselbl\u00e5sning (<a href=\"https:\/\/systeminstallation.whistlelink.com\" target=\"_blank\" rel=\"noopener\">https:\/\/systeminstallation.whistlelink.com<\/a>) vid misstanke om s\u00e5dant som strider mot uppf\u00f6randekod eller lagstiftning. Om en medarbetare inte agerar i enlighet med uppf\u00f6randekoden kan det leda till korrigerande \u00e5tg\u00e4rder. Om en aff\u00e4rspartner upprepat eller allvarligt bryter mot uppf\u00f6randekoden kommer aff\u00e4rssamarbetet att avvecklas.<span class=\"Apple-converted-space\">\u00a0<\/span><\/p>\t\t\t\t\t\t\t\t<\/div>\n\t\t\t\t<\/div>\n\t\t\t\t\t<\/div>\n\t\t<\/div>\n\t\t\t\t\t<\/div>\n\t\t<\/section>\n\t\t\t\t<\/div>\n\t\t","protected":false},"excerpt":{"rendered":"<p>Code of Conduct Uppf\u00f6randekod Vi inom SI utvecklar, installerar och tar i drift l\u00f6sningar f\u00f6r energieffektiva anl\u00e4ggningar i Sverige och v\u00e4rlden \u00f6ver. D\u00e5 h\u00e5llbar utveckling \u00e4r en del av SI:s dagliga verksamhet \u00e4r det viktigt att vi agerar p\u00e5 ett ansvarsfullt s\u00e4tt, b\u00e5de milj\u00f6m\u00e4ssigt, etiskt och socialt. SI vill genom denna uppf\u00f6randekod skapa merv\u00e4rden f\u00f6r [&hellip;]<\/p>\n","protected":false},"author":9,"featured_media":0,"parent":0,"menu_order":0,"comment_status":"closed","ping_status":"closed","template":"elementor_header_footer","meta":{"_acf_changed":false,"footnotes":""},"class_list":["post-5587","page","type-page","status-publish","hentry"],"acf":[],"_links":{"self":[{"href":"https:\/\/wearesi.se\/en\/wp-json\/wp\/v2\/pages\/5587","targetHints":{"allow":["GET"]}}],"collection":[{"href":"https:\/\/wearesi.se\/en\/wp-json\/wp\/v2\/pages"}],"about":[{"href":"https:\/\/wearesi.se\/en\/wp-json\/wp\/v2\/types\/page"}],"author":[{"embeddable":true,"href":"https:\/\/wearesi.se\/en\/wp-json\/wp\/v2\/users\/9"}],"replies":[{"embeddable":true,"href":"https:\/\/wearesi.se\/en\/wp-json\/wp\/v2\/comments?post=5587"}],"version-history":[{"count":24,"href":"https:\/\/wearesi.se\/en\/wp-json\/wp\/v2\/pages\/5587\/revisions"}],"predecessor-version":[{"id":16677,"href":"https:\/\/wearesi.se\/en\/wp-json\/wp\/v2\/pages\/5587\/revisions\/16677"}],"wp:attachment":[{"href":"https:\/\/wearesi.se\/en\/wp-json\/wp\/v2\/media?parent=5587"}],"curies":[{"name":"wp","href":"https:\/\/api.w.org\/{rel}","templated":true}]}}