{"id":3150,"date":"2022-03-15T15:22:31","date_gmt":"2022-03-15T14:22:31","guid":{"rendered":"https:\/\/wearesi.se\/?page_id=3150"},"modified":"2023-03-29T19:31:26","modified_gmt":"2023-03-29T17:31:26","slug":"spa-bad","status":"publish","type":"page","link":"https:\/\/wearesi.se\/en\/spa-bad","title":{"rendered":"Spa &amp; Bath"},"content":{"rendered":"\t\t<div data-elementor-type=\"wp-page\" data-elementor-id=\"3150\" class=\"elementor elementor-3150\" data-elementor-post-type=\"page\">\n\t\t\t\t\t\t<section class=\"elementor-section elementor-top-section elementor-element elementor-element-27cda8c elementor-section-height-min-height elementor-section-boxed elementor-section-height-default elementor-section-items-middle\" data-id=\"27cda8c\" data-element_type=\"section\" data-e-type=\"section\" data-settings=\"{&quot;background_background&quot;:&quot;classic&quot;}\">\n\t\t\t\t\t\t\t<div class=\"elementor-background-overlay\"><\/div>\n\t\t\t\t\t\t\t<div class=\"elementor-container elementor-column-gap-default\">\n\t\t\t\t\t<div class=\"elementor-column elementor-col-50 elementor-top-column elementor-element elementor-element-2fd368a\" data-id=\"2fd368a\" data-element_type=\"column\" data-e-type=\"column\" data-settings=\"{&quot;motion_fx_motion_fx_scrolling&quot;:&quot;yes&quot;,&quot;motion_fx_translateY_effect&quot;:&quot;yes&quot;,&quot;motion_fx_translateY_speed&quot;:{&quot;unit&quot;:&quot;px&quot;,&quot;size&quot;:4,&quot;sizes&quot;:[]},&quot;motion_fx_translateY_affectedRange&quot;:{&quot;unit&quot;:&quot;%&quot;,&quot;size&quot;:&quot;&quot;,&quot;sizes&quot;:{&quot;start&quot;:0,&quot;end&quot;:100}},&quot;motion_fx_devices&quot;:[&quot;desktop&quot;,&quot;tablet&quot;,&quot;mobile&quot;]}\">\n\t\t\t<div class=\"elementor-widget-wrap elementor-element-populated\">\n\t\t\t\t\t\t<div class=\"elementor-element elementor-element-21c071b elementor-invisible elementor-widget elementor-widget-heading\" data-id=\"21c071b\" data-element_type=\"widget\" data-e-type=\"widget\" data-settings=\"{&quot;_animation&quot;:&quot;fadeInUp&quot;}\" data-widget_type=\"heading.default\">\n\t\t\t\t<div class=\"elementor-widget-container\">\n\t\t\t\t\t<h2 class=\"elementor-heading-title elementor-size-default\">Spa &amp; bad<\/h2>\t\t\t\t<\/div>\n\t\t\t\t<\/div>\n\t\t\t\t<div class=\"elementor-element elementor-element-21ed694 elementor-invisible elementor-widget elementor-widget-heading\" data-id=\"21ed694\" data-element_type=\"widget\" data-e-type=\"widget\" data-settings=\"{&quot;_animation&quot;:&quot;fadeInUp&quot;}\" data-widget_type=\"heading.default\">\n\t\t\t\t<div class=\"elementor-widget-container\">\n\t\t\t\t\t<h2 class=\"elementor-heading-title elementor-size-default\">Stolt underleverant\u00f6r till en av Nordens st\u00f6rsta akt\u00f6rer inom Spa &amp; bad<\/h2>\t\t\t\t<\/div>\n\t\t\t\t<\/div>\n\t\t\t\t<div class=\"elementor-element elementor-element-2da5575 elementor-invisible elementor-widget elementor-widget-text-editor\" data-id=\"2da5575\" data-element_type=\"widget\" data-e-type=\"widget\" data-settings=\"{&quot;_animation&quot;:&quot;fadeInUp&quot;}\" data-widget_type=\"text-editor.default\">\n\t\t\t\t<div class=\"elementor-widget-container\">\n\t\t\t\t\t\t\t\t\t<p>SI \u00e4r stolt underleverant\u00f6r till EnviroProcess \u2013 Sveriges\u00a0ledande leverant\u00f6r av spa- och badl\u00f6sningar. I mer \u00e4n ett decennium har vi f\u00e5tt f\u00f6rnyat f\u00f6rtroende\u00a0att vidareutveckla och integrera l\u00f6sningar f\u00f6r energieffektiv styrning och kontroll av kommunala bad &amp; spaanl\u00e4ggningar.<\/p>\t\t\t\t\t\t\t\t<\/div>\n\t\t\t\t<\/div>\n\t\t\t\t\t<\/div>\n\t\t<\/div>\n\t\t\t\t<div class=\"elementor-column elementor-col-50 elementor-top-column elementor-element elementor-element-651923f\" data-id=\"651923f\" data-element_type=\"column\" data-e-type=\"column\">\n\t\t\t<div class=\"elementor-widget-wrap\">\n\t\t\t\t\t\t\t<\/div>\n\t\t<\/div>\n\t\t\t\t\t<\/div>\n\t\t<\/section>\n\t\t\t\t<section class=\"elementor-section elementor-top-section elementor-element elementor-element-603c32c elementor-section-height-min-height elementor-section-boxed elementor-section-height-default elementor-section-items-middle\" data-id=\"603c32c\" data-element_type=\"section\" data-e-type=\"section\" data-settings=\"{&quot;background_background&quot;:&quot;classic&quot;}\">\n\t\t\t\t\t\t<div class=\"elementor-container elementor-column-gap-default\">\n\t\t\t\t\t<div class=\"elementor-column elementor-col-50 elementor-top-column elementor-element elementor-element-95cc2e8\" data-id=\"95cc2e8\" data-element_type=\"column\" data-e-type=\"column\">\n\t\t\t<div class=\"elementor-widget-wrap elementor-element-populated\">\n\t\t\t\t\t\t<div class=\"elementor-element elementor-element-0c7ddf3 elementor-invisible elementor-widget elementor-widget-heading\" data-id=\"0c7ddf3\" data-element_type=\"widget\" data-e-type=\"widget\" data-settings=\"{&quot;_animation&quot;:&quot;fadeInUp&quot;}\" data-widget_type=\"heading.default\">\n\t\t\t\t<div class=\"elementor-widget-container\">\n\t\t\t\t\t<h2 class=\"elementor-heading-title elementor-size-default\">F\u00f6rvaltning och optimering f\u00f6r just dina behov<\/h2>\t\t\t\t<\/div>\n\t\t\t\t<\/div>\n\t\t\t\t<div class=\"elementor-element elementor-element-36f72c1 elementor-invisible elementor-widget elementor-widget-text-editor\" data-id=\"36f72c1\" data-element_type=\"widget\" data-e-type=\"widget\" data-settings=\"{&quot;_animation&quot;:&quot;fadeInUp&quot;}\" data-widget_type=\"text-editor.default\">\n\t\t\t\t<div class=\"elementor-widget-container\">\n\t\t\t\t\t\t\t\t\t<p>Samarbetet inledes n\u00e4r EnviroProcess kom till oss med en id\u00e9 om att\u00a0bygga webb-appen iCON \u2013 en mjukvara f\u00f6r alla de som jobbar\u00a0med Spa &amp; Bad i Sverige och Norden. Idag \u00e4r iCON den ultimata\u00a0plattformen f\u00f6r att h\u00e5lla koll p\u00e5 allt fr\u00e5n hygienparametrar till spa-\u00a0och badteknikerns larmlistor. Tack vare iCON s\u00e4kras upplevelsen\u00a0f\u00f6r tusentals badg\u00e4ster varje dag \u2013 och EnviroProcess kunder sparar m\u00e4ngder av\u00a0energi p\u00e5 samma g\u00e5ng.<\/p>\t\t\t\t\t\t\t\t<\/div>\n\t\t\t\t<\/div>\n\t\t\t\t<div class=\"elementor-element elementor-element-0fc9f11 elementor-invisible elementor-widget elementor-widget-text-editor\" data-id=\"0fc9f11\" data-element_type=\"widget\" data-e-type=\"widget\" data-settings=\"{&quot;_animation&quot;:&quot;fadeInUp&quot;}\" data-widget_type=\"text-editor.default\">\n\t\t\t\t<div class=\"elementor-widget-container\">\n\t\t\t\t\t\t\t\t\t<strong>Exempel p\u00e5 anl\u00e4ggningar som anv\u00e4nder iCON: <\/strong>\nICON finns idag hos k\u00e4nda destinationer s\u00e5som Yasuragi i\u00a0Stockholm, Sankt J\u00f6rgen Park Resort \u00a0i G\u00f6teborg, Gothia\u00a0Towers i G\u00f6teborg, Kust Hotell &amp; Spa i Pite\u00e5 och Munktellbadet\u00a0i\u00a0Eskilstuna och inte minst i nya L\u00f6gar\u00e4ngsbadet i V\u00e4ster\u00e5s. F\u00f6r\u00a0mer information och kontakter avseende Spa &amp; Bad bes\u00f6k\u00a0<strong><a href=\"http:\/\/enviroprocess.se\" target=\"_blank\" rel=\"noopener\">EnviroProcess\u00a0webbsida<\/a><\/strong>\u00a0eller\u00a0kontakta oss\u00a0s\u00e5 lotsar vi dig till r\u00e4tt\u00a0person hos EnviroProcess.\t\t\t\t\t\t\t\t<\/div>\n\t\t\t\t<\/div>\n\t\t\t\t\t<\/div>\n\t\t<\/div>\n\t\t\t\t<div class=\"elementor-column elementor-col-50 elementor-top-column elementor-element elementor-element-b257be3\" data-id=\"b257be3\" data-element_type=\"column\" data-e-type=\"column\">\n\t\t\t<div class=\"elementor-widget-wrap\">\n\t\t\t\t\t\t\t<\/div>\n\t\t<\/div>\n\t\t\t\t\t<\/div>\n\t\t<\/section>\n\t\t\t\t<section class=\"elementor-section elementor-top-section elementor-element elementor-element-db552c0 elementor-section-height-min-height elementor-section-boxed elementor-section-height-default elementor-section-items-middle\" data-id=\"db552c0\" data-element_type=\"section\" data-e-type=\"section\" data-settings=\"{&quot;background_background&quot;:&quot;classic&quot;}\">\n\t\t\t\t\t\t\t<div class=\"elementor-background-overlay\"><\/div>\n\t\t\t\t\t\t\t<div class=\"elementor-container elementor-column-gap-default\">\n\t\t\t\t\t<div class=\"elementor-column elementor-col-100 elementor-top-column elementor-element elementor-element-7648464\" data-id=\"7648464\" data-element_type=\"column\" data-e-type=\"column\">\n\t\t\t<div class=\"elementor-widget-wrap elementor-element-populated\">\n\t\t\t\t\t\t<div class=\"elementor-element elementor-element-99b0a35 elementor-invisible elementor-widget elementor-widget-heading\" data-id=\"99b0a35\" data-element_type=\"widget\" data-e-type=\"widget\" data-settings=\"{&quot;_animation&quot;:&quot;fadeInUp&quot;}\" data-widget_type=\"heading.default\">\n\t\t\t\t<div class=\"elementor-widget-container\">\n\t\t\t\t\t<h2 class=\"elementor-heading-title elementor-size-default\">Jag vill veta mer om<\/br>\nl\u00f6sningar inom spa &amp; bad<\/h2>\t\t\t\t<\/div>\n\t\t\t\t<\/div>\n\t\t\t\t<div class=\"elementor-element elementor-element-98d1171 elementor-invisible elementor-widget elementor-widget-text-editor\" data-id=\"98d1171\" data-element_type=\"widget\" data-e-type=\"widget\" data-settings=\"{&quot;_animation&quot;:&quot;fadeInUp&quot;}\" data-widget_type=\"text-editor.default\">\n\t\t\t\t<div class=\"elementor-widget-container\">\n\t\t\t\t\t\t\t\t\t<p>Inom SI finns b\u00e5de bred och djup kunskap. V\u00e5rt fokus ligger alltid p\u00e5 att lyssna f\u00f6r att\u00a0sedan tillsammans med v\u00e5ra kunder hitta det b\u00e4sta l\u00f6sningen. Varmt v\u00e4lkommen att h\u00f6ra av dig!<\/p>\t\t\t\t\t\t\t\t<\/div>\n\t\t\t\t<\/div>\n\t\t\t\t<div class=\"elementor-element elementor-element-b0f3665 elementor-align-center elementor-invisible elementor-widget elementor-widget-button\" data-id=\"b0f3665\" data-element_type=\"widget\" data-e-type=\"widget\" data-settings=\"{&quot;_animation&quot;:&quot;fadeInUp&quot;}\" data-widget_type=\"button.default\">\n\t\t\t\t<div class=\"elementor-widget-container\">\n\t\t\t\t\t\t\t\t\t<div class=\"elementor-button-wrapper\">\n\t\t\t\t\t<a class=\"elementor-button elementor-button-link elementor-size-sm\" href=\"https:\/\/wearesi.se\/kundcenter\/\">\n\t\t\t\t\t\t<span class=\"elementor-button-content-wrapper\">\n\t\t\t\t\t\t\t\t\t<span class=\"elementor-button-text\">Kontakta oss<\/span>\n\t\t\t\t\t<\/span>\n\t\t\t\t\t<\/a>\n\t\t\t\t<\/div>\n\t\t\t\t\t\t\t\t<\/div>\n\t\t\t\t<\/div>\n\t\t\t\t\t<\/div>\n\t\t<\/div>\n\t\t\t\t\t<\/div>\n\t\t<\/section>\n\t\t\t\t<\/div>\n\t\t","protected":false},"excerpt":{"rendered":"<p>Spa &#038; bad Stolt underleverant\u00f6r till en av Nordens st\u00f6rsta akt\u00f6rer inom Spa &#038; bad SI \u00e4r stolt underleverant\u00f6r till EnviroProcess \u2013 Sveriges\u00a0ledande leverant\u00f6r av spa- och badl\u00f6sningar. I mer \u00e4n ett decennium har vi f\u00e5tt f\u00f6rnyat f\u00f6rtroende\u00a0att vidareutveckla och integrera l\u00f6sningar f\u00f6r energieffektiv styrning och kontroll av kommunala bad &amp; spaanl\u00e4ggningar. F\u00f6rvaltning och optimering [&hellip;]<\/p>\n","protected":false},"author":9,"featured_media":0,"parent":0,"menu_order":0,"comment_status":"closed","ping_status":"closed","template":"elementor_header_footer","meta":{"_acf_changed":false,"footnotes":""},"class_list":["post-3150","page","type-page","status-publish","hentry"],"acf":[],"_links":{"self":[{"href":"https:\/\/wearesi.se\/en\/wp-json\/wp\/v2\/pages\/3150","targetHints":{"allow":["GET"]}}],"collection":[{"href":"https:\/\/wearesi.se\/en\/wp-json\/wp\/v2\/pages"}],"about":[{"href":"https:\/\/wearesi.se\/en\/wp-json\/wp\/v2\/types\/page"}],"author":[{"embeddable":true,"href":"https:\/\/wearesi.se\/en\/wp-json\/wp\/v2\/users\/9"}],"replies":[{"embeddable":true,"href":"https:\/\/wearesi.se\/en\/wp-json\/wp\/v2\/comments?post=3150"}],"version-history":[{"count":15,"href":"https:\/\/wearesi.se\/en\/wp-json\/wp\/v2\/pages\/3150\/revisions"}],"predecessor-version":[{"id":10687,"href":"https:\/\/wearesi.se\/en\/wp-json\/wp\/v2\/pages\/3150\/revisions\/10687"}],"wp:attachment":[{"href":"https:\/\/wearesi.se\/en\/wp-json\/wp\/v2\/media?parent=3150"}],"curies":[{"name":"wp","href":"https:\/\/api.w.org\/{rel}","templated":true}]}}