{"id":22273,"date":"2026-04-08T11:17:44","date_gmt":"2026-04-08T09:17:44","guid":{"rendered":"https:\/\/wearesi.se\/?page_id=22273"},"modified":"2026-04-14T13:46:59","modified_gmt":"2026-04-14T11:46:59","slug":"felanmalan","status":"publish","type":"page","link":"https:\/\/wearesi.se\/en\/felanmalan","title":{"rendered":"SI &#8211; Felanm\u00e4lan"},"content":{"rendered":"\t\t<div data-elementor-type=\"wp-page\" data-elementor-id=\"22273\" class=\"elementor elementor-22273\" data-elementor-post-type=\"page\">\n\t\t\t\t<div class=\"elementor-element elementor-element-e41bb04 e-flex e-con-boxed e-con e-parent\" data-id=\"e41bb04\" data-element_type=\"container\" data-e-type=\"container\" data-settings=\"{&quot;background_background&quot;:&quot;classic&quot;}\">\n\t\t\t\t\t<div class=\"e-con-inner\">\n\t\t<div class=\"elementor-element elementor-element-5f5cac3 e-con-full e-grid e-con e-child\" data-id=\"5f5cac3\" data-element_type=\"container\" data-e-type=\"container\" data-settings=\"{&quot;motion_fx_motion_fx_scrolling&quot;:&quot;yes&quot;,&quot;motion_fx_translateY_effect&quot;:&quot;yes&quot;,&quot;motion_fx_translateY_speed&quot;:{&quot;unit&quot;:&quot;px&quot;,&quot;size&quot;:2,&quot;sizes&quot;:[]},&quot;motion_fx_translateY_affectedRange&quot;:{&quot;unit&quot;:&quot;%&quot;,&quot;size&quot;:&quot;&quot;,&quot;sizes&quot;:{&quot;start&quot;:0,&quot;end&quot;:100}},&quot;motion_fx_devices&quot;:[&quot;desktop&quot;,&quot;tablet&quot;,&quot;mobile&quot;]}\">\n\t\t<div class=\"elementor-element elementor-element-b765c41 e-con-full e-flex e-con e-child\" data-id=\"b765c41\" data-element_type=\"container\" data-e-type=\"container\">\n\t\t\t\t<div class=\"elementor-element elementor-element-8ad1cac elementor-widget elementor-widget-heading\" data-id=\"8ad1cac\" data-element_type=\"widget\" data-e-type=\"widget\" data-widget_type=\"heading.default\">\n\t\t\t\t<div class=\"elementor-widget-container\">\n\t\t\t\t\t<span class=\"elementor-heading-title elementor-size-default\">Felanm\u00e4lan<\/span>\t\t\t\t<\/div>\n\t\t\t\t<\/div>\n\t\t\t\t<div class=\"elementor-element elementor-element-a186733 elementor-widget elementor-widget-heading\" data-id=\"a186733\" data-element_type=\"widget\" data-e-type=\"widget\" data-widget_type=\"heading.default\">\n\t\t\t\t<div class=\"elementor-widget-container\">\n\t\t\t\t\t<h1 class=\"elementor-heading-title elementor-size-default\">Kontakta oss s\u00e5 hittar vi r\u00e4tt l\u00f6sning tillsammans<\/h1>\t\t\t\t<\/div>\n\t\t\t\t<\/div>\n\t\t\t\t<\/div>\n\t\t\t\t<\/div>\n\t\t\t\t\t<\/div>\n\t\t\t\t<\/div>\n\t\t<div class=\"elementor-element elementor-element-08a1798 e-flex e-con-boxed e-con e-parent\" data-id=\"08a1798\" data-element_type=\"container\" data-e-type=\"container\">\n\t\t\t\t\t<div class=\"e-con-inner\">\n\t\t\t\t<div class=\"elementor-element elementor-element-e598195 elementor-widget elementor-widget-heading\" data-id=\"e598195\" data-element_type=\"widget\" data-e-type=\"widget\" data-widget_type=\"heading.default\">\n\t\t\t\t<div class=\"elementor-widget-container\">\n\t\t\t\t\t<h2 class=\"elementor-heading-title elementor-size-default\">Felanm\u00e4lan<\/h2>\t\t\t\t<\/div>\n\t\t\t\t<\/div>\n\t\t\t\t\t<\/div>\n\t\t\t\t<\/div>\n\t\t<div class=\"elementor-element elementor-element-4f78d7ad e-flex e-con-boxed e-con e-parent\" data-id=\"4f78d7ad\" data-element_type=\"container\" data-e-type=\"container\" data-settings=\"{&quot;background_background&quot;:&quot;classic&quot;}\">\n\t\t\t\t\t<div class=\"e-con-inner\">\n\t\t\t\t<div class=\"elementor-element elementor-element-4f7d31a4 elementor-widget elementor-widget-html\" data-id=\"4f7d31a4\" data-element_type=\"widget\" data-e-type=\"widget\" data-widget_type=\"html.default\">\n\t\t\t\t<div class=\"elementor-widget-container\">\n\t\t\t\t\t<iframe data-cookieconsent=\"ignore\" style=\"height:700px;\" src=\"https:\/\/arrigo-error-report.apps.wearesi.se\/systeminstallation\" width=\"100%\" height=\"100%\";><\/iframe>\t\t\t\t<\/div>\n\t\t\t\t<\/div>\n\t\t\t\t\t<\/div>\n\t\t\t\t<\/div>\n\t\t<div class=\"elementor-element elementor-element-1a79957c e-grid e-con-full e-con e-parent\" data-id=\"1a79957c\" data-element_type=\"container\" data-e-type=\"container\" data-settings=\"{&quot;background_background&quot;:&quot;classic&quot;}\">\n\t\t\t\t<div class=\"elementor-element elementor-element-72dfed68 elementor-widget elementor-widget-image\" data-id=\"72dfed68\" data-element_type=\"widget\" data-e-type=\"widget\" data-widget_type=\"image.default\">\n\t\t\t\t<div class=\"elementor-widget-container\">\n\t\t\t\t\t\t\t\t\t\t\t\t\t\t\t<img fetchpriority=\"high\" decoding=\"async\" width=\"800\" height=\"534\" src=\"https:\/\/wearesi.se\/wp-content\/uploads\/2026\/04\/IL_6271-1024x683.webp\" class=\"attachment-large size-large wp-image-21783\" alt=\"\" srcset=\"https:\/\/wearesi.se\/wp-content\/uploads\/2026\/04\/IL_6271-1024x683.webp 1024w, https:\/\/wearesi.se\/wp-content\/uploads\/2026\/04\/IL_6271-300x200.webp 300w, https:\/\/wearesi.se\/wp-content\/uploads\/2026\/04\/IL_6271-768x512.webp 768w, https:\/\/wearesi.se\/wp-content\/uploads\/2026\/04\/IL_6271-1536x1024.webp 1536w, https:\/\/wearesi.se\/wp-content\/uploads\/2026\/04\/IL_6271-2048x1366.webp 2048w, https:\/\/wearesi.se\/wp-content\/uploads\/2026\/04\/IL_6271-18x12.webp 18w\" sizes=\"(max-width: 800px) 100vw, 800px\" \/>\t\t\t\t\t\t\t\t\t\t\t\t\t\t\t<\/div>\n\t\t\t\t<\/div>\n\t\t<div class=\"elementor-element elementor-element-2f7f270a e-flex e-con-boxed e-con e-child\" data-id=\"2f7f270a\" data-element_type=\"container\" data-e-type=\"container\">\n\t\t\t\t\t<div class=\"e-con-inner\">\n\t\t<div class=\"elementor-element elementor-element-bdd6651 e-con-full e-flex e-con e-child\" data-id=\"bdd6651\" data-element_type=\"container\" data-e-type=\"container\">\n\t\t\t\t<div class=\"elementor-element elementor-element-627f91fe elementor-widget elementor-widget-heading\" data-id=\"627f91fe\" data-element_type=\"widget\" data-e-type=\"widget\" data-widget_type=\"heading.default\">\n\t\t\t\t<div class=\"elementor-widget-container\">\n\t\t\t\t\t<h2 class=\"elementor-heading-title elementor-size-default\">Beh\u00f6ver du personlig hj\u00e4lp?<\/h2>\t\t\t\t<\/div>\n\t\t\t\t<\/div>\n\t\t\t\t<div class=\"elementor-element elementor-element-5b971801 elementor-widget elementor-widget-text-editor\" data-id=\"5b971801\" data-element_type=\"widget\" data-e-type=\"widget\" data-widget_type=\"text-editor.default\">\n\t\t\t\t<div class=\"elementor-widget-container\">\n\t\t\t\t\t\t\t\t\t<div>V\u00e5r kundtj\u00e4nst finns h\u00e4r f\u00f6r att hj\u00e4lpa dig om du har fr\u00e5gor eller beh\u00f6ver v\u00e4gledning. Oavsett om du vill rapportera ett problem, f\u00e5 f\u00f6rklaringar kring en driftst\u00f6rning eller bara k\u00e4nner dig os\u00e4ker p\u00e5 hur du ska g\u00e5 vidare \u00e4r du varmt v\u00e4lkommen att kontakta oss.<\/div><p>Tveka inte att h\u00f6ra av dig!<\/p><p>Telefon: <a href=\"tel:0200-114880\"><b>0200-11 48 80<\/b><\/a>\u00a0 Mejl: <a href=\"mailto:info@wearesi.se\"><b>info@wearesi.se<\/b><\/a><\/p>\t\t\t\t\t\t\t\t<\/div>\n\t\t\t\t<\/div>\n\t\t\t\t<\/div>\n\t\t\t\t\t<\/div>\n\t\t\t\t<\/div>\n\t\t\t\t<\/div>\n\t\t\t\t<\/div>\n\t\t","protected":false},"excerpt":{"rendered":"<p>Felanm\u00e4lan Kontakta oss s\u00e5 hittar vi r\u00e4tt l\u00f6sning tillsammans Felanm\u00e4lan Beh\u00f6ver du personlig hj\u00e4lp? V\u00e5r kundtj\u00e4nst finns h\u00e4r f\u00f6r att hj\u00e4lpa dig om du har fr\u00e5gor eller beh\u00f6ver v\u00e4gledning. Oavsett om du vill rapportera ett problem, f\u00e5 f\u00f6rklaringar kring en driftst\u00f6rning eller bara k\u00e4nner dig os\u00e4ker p\u00e5 hur du ska g\u00e5 vidare \u00e4r du varmt [&hellip;]<\/p>\n","protected":false},"author":10,"featured_media":0,"parent":0,"menu_order":0,"comment_status":"closed","ping_status":"closed","template":"","meta":{"_acf_changed":false,"footnotes":""},"class_list":["post-22273","page","type-page","status-publish","hentry"],"acf":[],"_links":{"self":[{"href":"https:\/\/wearesi.se\/en\/wp-json\/wp\/v2\/pages\/22273","targetHints":{"allow":["GET"]}}],"collection":[{"href":"https:\/\/wearesi.se\/en\/wp-json\/wp\/v2\/pages"}],"about":[{"href":"https:\/\/wearesi.se\/en\/wp-json\/wp\/v2\/types\/page"}],"author":[{"embeddable":true,"href":"https:\/\/wearesi.se\/en\/wp-json\/wp\/v2\/users\/10"}],"replies":[{"embeddable":true,"href":"https:\/\/wearesi.se\/en\/wp-json\/wp\/v2\/comments?post=22273"}],"version-history":[{"count":16,"href":"https:\/\/wearesi.se\/en\/wp-json\/wp\/v2\/pages\/22273\/revisions"}],"predecessor-version":[{"id":22832,"href":"https:\/\/wearesi.se\/en\/wp-json\/wp\/v2\/pages\/22273\/revisions\/22832"}],"wp:attachment":[{"href":"https:\/\/wearesi.se\/en\/wp-json\/wp\/v2\/media?parent=22273"}],"curies":[{"name":"wp","href":"https:\/\/api.w.org\/{rel}","templated":true}]}}