{"id":20520,"date":"2026-03-16T18:18:04","date_gmt":"2026-03-16T17:18:04","guid":{"rendered":"https:\/\/wearesi.se\/?page_id=20520"},"modified":"2026-04-16T09:08:54","modified_gmt":"2026-04-16T07:08:54","slug":"styrelse","status":"publish","type":"page","link":"https:\/\/wearesi.se\/en\/styrelse","title":{"rendered":"SI &#8211; Styrelsen"},"content":{"rendered":"\t\t<div data-elementor-type=\"wp-page\" data-elementor-id=\"20520\" class=\"elementor elementor-20520\" data-elementor-post-type=\"page\">\n\t\t\t\t\t\t<section class=\"elementor-section elementor-top-section elementor-element elementor-element-cd77043 elementor-section-height-min-height elementor-section-boxed elementor-section-height-default elementor-section-items-middle\" data-id=\"cd77043\" data-element_type=\"section\" data-e-type=\"section\" data-settings=\"{&quot;background_background&quot;:&quot;classic&quot;}\">\n\t\t\t\t\t\t\t<div class=\"elementor-background-overlay\"><\/div>\n\t\t\t\t\t\t\t<div class=\"elementor-container elementor-column-gap-default\">\n\t\t\t\t\t<div class=\"elementor-column elementor-col-50 elementor-top-column elementor-element elementor-element-004d4f0\" data-id=\"004d4f0\" data-element_type=\"column\" data-e-type=\"column\" data-settings=\"{&quot;motion_fx_motion_fx_scrolling&quot;:&quot;yes&quot;,&quot;motion_fx_translateY_effect&quot;:&quot;yes&quot;,&quot;motion_fx_translateY_speed&quot;:{&quot;unit&quot;:&quot;px&quot;,&quot;size&quot;:4,&quot;sizes&quot;:[]},&quot;motion_fx_translateY_affectedRange&quot;:{&quot;unit&quot;:&quot;%&quot;,&quot;size&quot;:&quot;&quot;,&quot;sizes&quot;:{&quot;start&quot;:0,&quot;end&quot;:100}},&quot;motion_fx_devices&quot;:[&quot;desktop&quot;,&quot;tablet&quot;,&quot;mobile&quot;]}\">\n\t\t\t<div class=\"elementor-widget-wrap elementor-element-populated\">\n\t\t\t\t\t\t<div class=\"elementor-element elementor-element-f8e667e elementor-invisible elementor-widget elementor-widget-heading\" data-id=\"f8e667e\" data-element_type=\"widget\" data-e-type=\"widget\" data-settings=\"{&quot;_animation&quot;:&quot;fadeInUp&quot;}\" data-widget_type=\"heading.default\">\n\t\t\t\t<div class=\"elementor-widget-container\">\n\t\t\t\t\t<h2 class=\"elementor-heading-title elementor-size-default\">Styrelsen<\/h2>\t\t\t\t<\/div>\n\t\t\t\t<\/div>\n\t\t\t\t<div class=\"elementor-element elementor-element-78fac98 elementor-invisible elementor-widget elementor-widget-heading\" data-id=\"78fac98\" data-element_type=\"widget\" data-e-type=\"widget\" data-settings=\"{&quot;_animation&quot;:&quot;fadeInUp&quot;}\" data-widget_type=\"heading.default\">\n\t\t\t\t<div class=\"elementor-widget-container\">\n\t\t\t\t\t<h2 class=\"elementor-heading-title elementor-size-default\">Med passion f\u00f6r framtidens klimatsmarta fastigheter<\/h2>\t\t\t\t<\/div>\n\t\t\t\t<\/div>\n\t\t\t\t\t<\/div>\n\t\t<\/div>\n\t\t\t\t<div class=\"elementor-column elementor-col-50 elementor-top-column elementor-element elementor-element-7f9bbbe\" data-id=\"7f9bbbe\" data-element_type=\"column\" data-e-type=\"column\">\n\t\t\t<div class=\"elementor-widget-wrap\">\n\t\t\t\t\t\t\t<\/div>\n\t\t<\/div>\n\t\t\t\t\t<\/div>\n\t\t<\/section>\n\t\t\t\t<section class=\"elementor-section elementor-top-section elementor-element elementor-element-47791b85 elementor-section-boxed elementor-section-height-default elementor-section-height-default\" data-id=\"47791b85\" data-element_type=\"section\" data-e-type=\"section\" id=\"folket\" data-settings=\"{&quot;background_background&quot;:&quot;classic&quot;}\">\n\t\t\t\t\t\t<div class=\"elementor-container elementor-column-gap-default\">\n\t\t\t\t\t<div class=\"elementor-column elementor-col-50 elementor-top-column elementor-element elementor-element-3351dacb\" data-id=\"3351dacb\" data-element_type=\"column\" data-e-type=\"column\">\n\t\t\t<div class=\"elementor-widget-wrap elementor-element-populated\">\n\t\t\t\t\t\t<div class=\"elementor-element elementor-element-7d4ae56b elementor-position-left elementor-vertical-align-top elementor-widget elementor-widget-image-box\" data-id=\"7d4ae56b\" data-element_type=\"widget\" data-e-type=\"widget\" data-widget_type=\"image-box.default\">\n\t\t\t\t<div class=\"elementor-widget-container\">\n\t\t\t\t\t<div class=\"elementor-image-box-wrapper\"><figure class=\"elementor-image-box-img\"><img fetchpriority=\"high\" decoding=\"async\" width=\"330\" height=\"330\" src=\"https:\/\/wearesi.se\/wp-content\/uploads\/2022\/03\/UrbanDoverholt_1144x1144px.jpg\" class=\"attachment-full size-full wp-image-3644\" alt=\"\" srcset=\"https:\/\/wearesi.se\/wp-content\/uploads\/2022\/03\/UrbanDoverholt_1144x1144px.jpg 330w, https:\/\/wearesi.se\/wp-content\/uploads\/2022\/03\/UrbanDoverholt_1144x1144px-300x300.jpg 300w, https:\/\/wearesi.se\/wp-content\/uploads\/2022\/03\/UrbanDoverholt_1144x1144px-150x150.jpg 150w\" sizes=\"(max-width: 330px) 100vw, 330px\" \/><\/figure><div class=\"elementor-image-box-content\"><h3 class=\"elementor-image-box-title\">Urban Doverholt<\/h3><p class=\"elementor-image-box-description\"><span>Styrelseordf\u00f6rande<\/span><\/br><\/br>\nUtbildad civilingenj\u00f6r fr\u00e5n KTH med en rej\u00e4l erfarenhet av IT och industri. Gillar att skapa bra resultat genom n\u00f6jda kunder och n\u00f6jda medarbetare.<\/p><\/div><\/div>\t\t\t\t<\/div>\n\t\t\t\t<\/div>\n\t\t\t\t\t<\/div>\n\t\t<\/div>\n\t\t\t\t<div class=\"elementor-column elementor-col-50 elementor-top-column elementor-element elementor-element-1281ba07\" data-id=\"1281ba07\" data-element_type=\"column\" data-e-type=\"column\">\n\t\t\t<div class=\"elementor-widget-wrap elementor-element-populated\">\n\t\t\t\t\t\t<div class=\"elementor-element elementor-element-249d8e65 elementor-position-left elementor-vertical-align-top elementor-widget elementor-widget-image-box\" data-id=\"249d8e65\" data-element_type=\"widget\" data-e-type=\"widget\" data-widget_type=\"image-box.default\">\n\t\t\t\t<div class=\"elementor-widget-container\">\n\t\t\t\t\t<div class=\"elementor-image-box-wrapper\"><figure class=\"elementor-image-box-img\"><img decoding=\"async\" width=\"330\" height=\"330\" src=\"https:\/\/wearesi.se\/wp-content\/uploads\/2022\/03\/ArashRaisse_1144x1144px.jpg\" class=\"attachment-full size-full wp-image-3645\" alt=\"\" srcset=\"https:\/\/wearesi.se\/wp-content\/uploads\/2022\/03\/ArashRaisse_1144x1144px.jpg 330w, https:\/\/wearesi.se\/wp-content\/uploads\/2022\/03\/ArashRaisse_1144x1144px-300x300.jpg 300w, https:\/\/wearesi.se\/wp-content\/uploads\/2022\/03\/ArashRaisse_1144x1144px-150x150.jpg 150w\" sizes=\"(max-width: 330px) 100vw, 330px\" \/><\/figure><div class=\"elementor-image-box-content\"><h3 class=\"elementor-image-box-title\">Arash Raisse<\/h3><p class=\"elementor-image-box-description\"><span>Styrelseledamot<\/span><\/br><\/br>\nUtbildad civilekonom med ett stort intresse f\u00f6r att st\u00f6tta entrepren\u00f6rskapsledda bolag genom en expansionsresa - s\u00e4rskilt verksamheter som har med energieffektiva fastigheter att g\u00f6ra och d\u00e4r man kan s\u00e4lja in milj\u00f6v\u00e4rdet i sitt kunderbjudande.<\/p><\/div><\/div>\t\t\t\t<\/div>\n\t\t\t\t<\/div>\n\t\t\t\t\t<\/div>\n\t\t<\/div>\n\t\t\t\t\t<\/div>\n\t\t<\/section>\n\t\t\t\t<section class=\"elementor-section elementor-top-section elementor-element elementor-element-646bca58 elementor-section-boxed elementor-section-height-default elementor-section-height-default\" data-id=\"646bca58\" data-element_type=\"section\" data-e-type=\"section\" data-settings=\"{&quot;background_background&quot;:&quot;classic&quot;}\">\n\t\t\t\t\t\t\t<div class=\"elementor-background-overlay\"><\/div>\n\t\t\t\t\t\t\t<div class=\"elementor-container elementor-column-gap-default\">\n\t\t\t\t\t<div class=\"elementor-column elementor-col-50 elementor-top-column elementor-element elementor-element-2645be29\" data-id=\"2645be29\" data-element_type=\"column\" data-e-type=\"column\">\n\t\t\t<div class=\"elementor-widget-wrap elementor-element-populated\">\n\t\t\t\t\t\t<div class=\"elementor-element elementor-element-17a5d568 elementor-position-left elementor-vertical-align-top elementor-widget elementor-widget-image-box\" data-id=\"17a5d568\" data-element_type=\"widget\" data-e-type=\"widget\" data-widget_type=\"image-box.default\">\n\t\t\t\t<div class=\"elementor-widget-container\">\n\t\t\t\t\t<div class=\"elementor-image-box-wrapper\"><figure class=\"elementor-image-box-img\"><img decoding=\"async\" width=\"330\" height=\"330\" src=\"https:\/\/wearesi.se\/wp-content\/uploads\/2022\/03\/BjarneJohansson_1144x1144px.jpg\" class=\"attachment-full size-full wp-image-3646\" alt=\"\" srcset=\"https:\/\/wearesi.se\/wp-content\/uploads\/2022\/03\/BjarneJohansson_1144x1144px.jpg 330w, https:\/\/wearesi.se\/wp-content\/uploads\/2022\/03\/BjarneJohansson_1144x1144px-300x300.jpg 300w, https:\/\/wearesi.se\/wp-content\/uploads\/2022\/03\/BjarneJohansson_1144x1144px-150x150.jpg 150w\" sizes=\"(max-width: 330px) 100vw, 330px\" \/><\/figure><div class=\"elementor-image-box-content\"><h3 class=\"elementor-image-box-title\">Bjarne Johansson<\/h3><p class=\"elementor-image-box-description\"><span>Styrelseledamot<\/span><\/br><\/br>\nBjarne Johansson har varit med sedan starten av Systeminstallation AB (SI) f\u00f6r mer \u00e4n 20 \u00e5r sedan. Bjarne har varit ansvarig f\u00f6r s\u00e4kerhet och den tekniska prestanda i alla SI\u2019s l\u00f6sningar genom \u00e5ren. Bjarne har en bred teknisk kompetens och brinner f\u00f6r n\u00f6jda kunder och tron p\u00e5 att l\u00f6sa saker tillsammans. <\/p><\/div><\/div>\t\t\t\t<\/div>\n\t\t\t\t<\/div>\n\t\t\t\t\t<\/div>\n\t\t<\/div>\n\t\t\t\t<div class=\"elementor-column elementor-col-50 elementor-top-column elementor-element elementor-element-5fa4c1c1\" data-id=\"5fa4c1c1\" data-element_type=\"column\" data-e-type=\"column\">\n\t\t\t<div class=\"elementor-widget-wrap elementor-element-populated\">\n\t\t\t\t\t\t<div class=\"elementor-element elementor-element-43ec5010 elementor-position-left elementor-vertical-align-top elementor-widget elementor-widget-image-box\" data-id=\"43ec5010\" data-element_type=\"widget\" data-e-type=\"widget\" data-widget_type=\"image-box.default\">\n\t\t\t\t<div class=\"elementor-widget-container\">\n\t\t\t\t\t<div class=\"elementor-image-box-wrapper\"><figure class=\"elementor-image-box-img\"><img loading=\"lazy\" decoding=\"async\" width=\"330\" height=\"330\" src=\"https:\/\/wearesi.se\/wp-content\/uploads\/2022\/03\/HenrikFlygar_1144x1144px.jpg\" class=\"attachment-full size-full wp-image-3647\" alt=\"\" srcset=\"https:\/\/wearesi.se\/wp-content\/uploads\/2022\/03\/HenrikFlygar_1144x1144px.jpg 330w, https:\/\/wearesi.se\/wp-content\/uploads\/2022\/03\/HenrikFlygar_1144x1144px-300x300.jpg 300w, https:\/\/wearesi.se\/wp-content\/uploads\/2022\/03\/HenrikFlygar_1144x1144px-150x150.jpg 150w\" sizes=\"(max-width: 330px) 100vw, 330px\" \/><\/figure><div class=\"elementor-image-box-content\"><h3 class=\"elementor-image-box-title\">Henrik Flygar<\/h3><p class=\"elementor-image-box-description\"><span>Styrelseledamot<\/span><br><br>Har i \u00f6ver 20 \u00e5r investerat i f\u00f6retag med tydlig tillv\u00e4xt, oftast ledda av entrepren\u00f6rer men \u00e4ven familjebolag. Var med och grundade Alder 2008 och brinner f\u00f6r att kombinera uth\u00e5lligt milj\u00f6v\u00e4nlig l\u00f6sningar med l\u00e5ngsiktigt f\u00f6retagande.<\/p><\/div><\/div>\t\t\t\t<\/div>\n\t\t\t\t<\/div>\n\t\t\t\t\t<\/div>\n\t\t<\/div>\n\t\t\t\t\t<\/div>\n\t\t<\/section>\n\t\t\t\t<section class=\"elementor-section elementor-top-section elementor-element elementor-element-f9421 elementor-section-boxed elementor-section-height-default elementor-section-height-default\" data-id=\"f9421\" data-element_type=\"section\" data-e-type=\"section\" data-settings=\"{&quot;background_background&quot;:&quot;classic&quot;}\">\n\t\t\t\t\t\t<div class=\"elementor-container elementor-column-gap-default\">\n\t\t\t\t\t<div class=\"elementor-column elementor-col-50 elementor-top-column elementor-element elementor-element-6d887697\" data-id=\"6d887697\" data-element_type=\"column\" data-e-type=\"column\">\n\t\t\t<div class=\"elementor-widget-wrap elementor-element-populated\">\n\t\t\t\t\t\t<div class=\"elementor-element elementor-element-13a1562d elementor-position-left elementor-vertical-align-top elementor-widget elementor-widget-image-box\" data-id=\"13a1562d\" data-element_type=\"widget\" data-e-type=\"widget\" data-widget_type=\"image-box.default\">\n\t\t\t\t<div class=\"elementor-widget-container\">\n\t\t\t\t\t<div class=\"elementor-image-box-wrapper\"><figure class=\"elementor-image-box-img\"><img loading=\"lazy\" decoding=\"async\" width=\"330\" height=\"330\" src=\"https:\/\/wearesi.se\/wp-content\/uploads\/2022\/03\/MiaEdofsson_1144x1144px.jpg\" class=\"attachment-full size-full wp-image-3648\" alt=\"\" srcset=\"https:\/\/wearesi.se\/wp-content\/uploads\/2022\/03\/MiaEdofsson_1144x1144px.jpg 330w, https:\/\/wearesi.se\/wp-content\/uploads\/2022\/03\/MiaEdofsson_1144x1144px-300x300.jpg 300w, https:\/\/wearesi.se\/wp-content\/uploads\/2022\/03\/MiaEdofsson_1144x1144px-150x150.jpg 150w\" sizes=\"(max-width: 330px) 100vw, 330px\" \/><\/figure><div class=\"elementor-image-box-content\"><h3 class=\"elementor-image-box-title\">Mia Edofsson<\/h3><p class=\"elementor-image-box-description\"><span>Styrelseledamot<\/span><\/br><\/br>\nGlobal H\u00e5llbarhetschef p\u00e5 Volvo Trucks med l\u00e5ng och bred erfarenhet av verksamhetsutveckling och h\u00e5llbarhetsfr\u00e5gor i olika branscher. Mia har \u00e4ven tidigare haft rollen som h\u00e5llbarhetschef p\u00e5 fastighetsbolaget Akademiska hus.<\/p><\/div><\/div>\t\t\t\t<\/div>\n\t\t\t\t<\/div>\n\t\t\t\t\t<\/div>\n\t\t<\/div>\n\t\t\t\t<div class=\"elementor-column elementor-col-50 elementor-top-column elementor-element elementor-element-3c6dbb0d\" data-id=\"3c6dbb0d\" data-element_type=\"column\" data-e-type=\"column\">\n\t\t\t<div class=\"elementor-widget-wrap elementor-element-populated\">\n\t\t\t\t\t\t<div class=\"elementor-element elementor-element-cfb3a5c elementor-position-left elementor-vertical-align-top elementor-widget elementor-widget-image-box\" data-id=\"cfb3a5c\" data-element_type=\"widget\" data-e-type=\"widget\" data-widget_type=\"image-box.default\">\n\t\t\t\t<div class=\"elementor-widget-container\">\n\t\t\t\t\t<div class=\"elementor-image-box-wrapper\"><figure class=\"elementor-image-box-img\"><img loading=\"lazy\" decoding=\"async\" width=\"330\" height=\"330\" src=\"https:\/\/wearesi.se\/wp-content\/uploads\/2022\/03\/MikaelNorlander_1144x1144px.jpg\" class=\"attachment-full size-full wp-image-3649\" alt=\"\" srcset=\"https:\/\/wearesi.se\/wp-content\/uploads\/2022\/03\/MikaelNorlander_1144x1144px.jpg 330w, https:\/\/wearesi.se\/wp-content\/uploads\/2022\/03\/MikaelNorlander_1144x1144px-300x300.jpg 300w, https:\/\/wearesi.se\/wp-content\/uploads\/2022\/03\/MikaelNorlander_1144x1144px-150x150.jpg 150w\" sizes=\"(max-width: 330px) 100vw, 330px\" \/><\/figure><div class=\"elementor-image-box-content\"><h3 class=\"elementor-image-box-title\">Bobo Ekelundh<\/h3><p class=\"elementor-image-box-description\"><span>Styrelseledamot<\/span><br><br>\nBobo Ekelundh \u00e4r en av fyra del\u00e4gare som startade och byggde upp Systeminstallation AB (SI) med sitt ursprung i Varberg. Bobo \u00e4r en entrepren\u00f6rssj\u00e4l och har genom \u00e5ren varit den drivande kraften i framtagandet av innovativa, energieffektiva l\u00f6sningar inom energi &amp; drift. <\/p><\/div><\/div>\t\t\t\t<\/div>\n\t\t\t\t<\/div>\n\t\t\t\t\t<\/div>\n\t\t<\/div>\n\t\t\t\t\t<\/div>\n\t\t<\/section>\n\t\t\t\t<\/div>\n\t\t","protected":false},"excerpt":{"rendered":"<p>Styrelsen Med passion f\u00f6r framtidens klimatsmarta fastigheter Urban Doverholt Styrelseordf\u00f6rande Utbildad civilingenj\u00f6r fr\u00e5n KTH med en rej\u00e4l erfarenhet av IT och industri. Gillar att skapa bra resultat genom n\u00f6jda kunder och n\u00f6jda medarbetare. Arash Raisse Styrelseledamot Utbildad civilekonom med ett stort intresse f\u00f6r att st\u00f6tta entrepren\u00f6rskapsledda bolag genom en expansionsresa &#8211; s\u00e4rskilt verksamheter som har [&hellip;]<\/p>\n","protected":false},"author":10,"featured_media":0,"parent":0,"menu_order":0,"comment_status":"closed","ping_status":"closed","template":"elementor_header_footer","meta":{"_acf_changed":false,"footnotes":""},"class_list":["post-20520","page","type-page","status-publish","hentry"],"acf":[],"_links":{"self":[{"href":"https:\/\/wearesi.se\/en\/wp-json\/wp\/v2\/pages\/20520","targetHints":{"allow":["GET"]}}],"collection":[{"href":"https:\/\/wearesi.se\/en\/wp-json\/wp\/v2\/pages"}],"about":[{"href":"https:\/\/wearesi.se\/en\/wp-json\/wp\/v2\/types\/page"}],"author":[{"embeddable":true,"href":"https:\/\/wearesi.se\/en\/wp-json\/wp\/v2\/users\/10"}],"replies":[{"embeddable":true,"href":"https:\/\/wearesi.se\/en\/wp-json\/wp\/v2\/comments?post=20520"}],"version-history":[{"count":23,"href":"https:\/\/wearesi.se\/en\/wp-json\/wp\/v2\/pages\/20520\/revisions"}],"predecessor-version":[{"id":23393,"href":"https:\/\/wearesi.se\/en\/wp-json\/wp\/v2\/pages\/20520\/revisions\/23393"}],"wp:attachment":[{"href":"https:\/\/wearesi.se\/en\/wp-json\/wp\/v2\/media?parent=20520"}],"curies":[{"name":"wp","href":"https:\/\/api.w.org\/{rel}","templated":true}]}}