{"id":19479,"date":"2026-03-10T10:01:27","date_gmt":"2026-03-10T09:01:27","guid":{"rendered":"https:\/\/wearesi.se\/?page_id=19479"},"modified":"2026-03-13T06:59:23","modified_gmt":"2026-03-13T05:59:23","slug":"nordbygg","status":"publish","type":"page","link":"https:\/\/wearesi.se\/en\/nordbygg","title":{"rendered":"Nordbygg"},"content":{"rendered":"<div data-elementor-type=\"wp-page\" data-elementor-id=\"19479\" class=\"elementor elementor-19479\" data-elementor-post-type=\"page\">\n\t\t\t\t\t\t<section class=\"elementor-section elementor-top-section elementor-element elementor-element-6f0add18 elementor-section-height-min-height elementor-section-boxed elementor-section-height-default elementor-section-items-middle\" data-id=\"6f0add18\" data-element_type=\"section\" data-e-type=\"section\" data-settings=\"{&quot;background_background&quot;:&quot;video&quot;,&quot;background_video_link&quot;:&quot;https:\\\/\\\/wearesi.se\\\/wp-content\\\/uploads\\\/2026\\\/03\\\/Nordbygg-webb-header.mp4&quot;}\">\n\t\t\t\t\t\t\t\t<div class=\"elementor-background-video-container elementor-hidden-mobile\">\n\t\t\t\t\t\t\t\t\t\t\t\t\t<video class=\"elementor-background-video-hosted\" role=\"presentation\" autoplay muted playsinline loop><\/video>\n\t\t\t\t\t\t\t\t\t\t\t<\/div>\n\t\t\t\t\t\t\t\t\t<div class=\"elementor-background-overlay\"><\/div>\n\t\t\t\t\t\t\t<div class=\"elementor-container elementor-column-gap-default\">\n\t\t\t\t\t<div class=\"elementor-column elementor-col-100 elementor-top-column elementor-element elementor-element-20d29552\" data-id=\"20d29552\" data-element_type=\"column\" data-e-type=\"column\">\n\t\t\t<div class=\"elementor-widget-wrap elementor-element-populated\">\n\t\t\t\t\t\t<div class=\"elementor-element elementor-element-80dbec0 elementor-widget__width-initial elementor-widget elementor-widget-heading\" data-id=\"80dbec0\" data-element_type=\"widget\" data-e-type=\"widget\" data-widget_type=\"heading.default\">\n\t\t\t\t<div class=\"elementor-widget-container\">\n\t\t\t\t\t<h2 class=\"elementor-heading-title elementor-size-default\">See you at Nordbygg 2026!<\/h2>\t\t\t\t<\/div>\n\t\t\t\t<\/div>\n\t\t\t\t<div class=\"elementor-element elementor-element-70829ada elementor-widget__width-initial elementor-widget elementor-widget-text-editor\" data-id=\"70829ada\" data-element_type=\"widget\" data-e-type=\"widget\" data-widget_type=\"text-editor.default\">\n\t\t\t\t<div class=\"elementor-widget-container\">\n\t\t\t\t\t\t\t\t\t<p>We bring the whole picture to Nordbygg 2026 \u2013 from smart automation to products and services for the next generation of energy-efficient world.<\/p><p>We also have something new to show you that you don&#039;t want to miss!<\/p>\t\t\t\t\t\t\t\t<\/div>\n\t\t\t\t<\/div>\n\t\t\t\t\t<\/div>\n\t\t<\/div>\n\t\t\t\t\t<\/div>\n\t\t<\/section>\n\t\t<div class=\"elementor-element elementor-element-be822a0 e-flex e-con-boxed e-con e-parent\" data-id=\"be822a0\" data-element_type=\"container\" data-e-type=\"container\" data-settings=\"{&quot;background_background&quot;:&quot;classic&quot;}\">\n\t\t\t\t\t<div class=\"e-con-inner\">\n\t\t\t\t<div class=\"elementor-element elementor-element-57ce3f6 elementor-widget elementor-widget-spacer\" data-id=\"57ce3f6\" data-element_type=\"widget\" data-e-type=\"widget\" data-widget_type=\"spacer.default\">\n\t\t\t\t<div class=\"elementor-widget-container\">\n\t\t\t\t\t\t\t<div class=\"elementor-spacer\">\n\t\t\t<div class=\"elementor-spacer-inner\"><\/div>\n\t\t<\/div>\n\t\t\t\t\t\t<\/div>\n\t\t\t\t<\/div>\n\t\t\t\t<div class=\"elementor-element elementor-element-9bdb909 elementor-widget elementor-widget-text-editor\" data-id=\"9bdb909\" data-element_type=\"widget\" data-e-type=\"widget\" data-widget_type=\"text-editor.default\">\n\t\t\t\t<div class=\"elementor-widget-container\">\n\t\t\t\t\t\t\t\t\t<p><strong>All of us at SI are energy savers at heart \u2013 people driven by the conviction that smarter properties are not only possible, but necessary. Ahead of Nordbygg 2026, we bring that very passion with us: our focus on automation that increases efficiency, our products that simplify everyday life and our services that take operations to the next level \u2013 where technology, people and properties meet.<\/strong><\/p>\t\t\t\t\t\t\t\t<\/div>\n\t\t\t\t<\/div>\n\t\t\t\t<div class=\"elementor-element elementor-element-8bcdbfc elementor-widget elementor-widget-spacer\" data-id=\"8bcdbfc\" data-element_type=\"widget\" data-e-type=\"widget\" data-widget_type=\"spacer.default\">\n\t\t\t\t<div class=\"elementor-widget-container\">\n\t\t\t\t\t\t\t<div class=\"elementor-spacer\">\n\t\t\t<div class=\"elementor-spacer-inner\"><\/div>\n\t\t<\/div>\n\t\t\t\t\t\t<\/div>\n\t\t\t\t<\/div>\n\t\t\t\t\t<\/div>\n\t\t\t\t<\/div>\n\t\t<div class=\"elementor-element elementor-element-3c42b13 e-grid e-con-full e-con e-parent\" data-id=\"3c42b13\" data-element_type=\"container\" data-e-type=\"container\" data-settings=\"{&quot;background_background&quot;:&quot;classic&quot;}\">\n\t\t\t\t<div class=\"elementor-element elementor-element-7dfd9d1 elementor-widget elementor-widget-image\" data-id=\"7dfd9d1\" data-element_type=\"widget\" data-e-type=\"widget\" data-widget_type=\"image.default\">\n\t\t\t\t<div class=\"elementor-widget-container\">\n\t\t\t\t\t\t\t\t\t\t\t\t\t\t\t<img fetchpriority=\"high\" decoding=\"async\" width=\"800\" height=\"534\" src=\"https:\/\/wearesi.se\/wp-content\/uploads\/2026\/03\/webb-nordbygg-avsnitt-2-1024x683.webp\" class=\"attachment-large size-large wp-image-19642\" alt=\"\" srcset=\"https:\/\/wearesi.se\/wp-content\/uploads\/2026\/03\/webb-nordbygg-avsnitt-2-1024x683.webp 1024w, https:\/\/wearesi.se\/wp-content\/uploads\/2026\/03\/webb-nordbygg-avsnitt-2-300x200.webp 300w, https:\/\/wearesi.se\/wp-content\/uploads\/2026\/03\/webb-nordbygg-avsnitt-2-768x512.webp 768w, https:\/\/wearesi.se\/wp-content\/uploads\/2026\/03\/webb-nordbygg-avsnitt-2-1536x1024.webp 1536w, https:\/\/wearesi.se\/wp-content\/uploads\/2026\/03\/webb-nordbygg-avsnitt-2-2048x1366.webp 2048w, https:\/\/wearesi.se\/wp-content\/uploads\/2026\/03\/webb-nordbygg-avsnitt-2-18x12.webp 18w\" sizes=\"(max-width: 800px) 100vw, 800px\" \/>\t\t\t\t\t\t\t\t\t\t\t\t\t\t\t<\/div>\n\t\t\t\t<\/div>\n\t\t<div class=\"elementor-element elementor-element-cbc5d4f e-flex e-con-boxed e-con e-child\" data-id=\"cbc5d4f\" data-element_type=\"container\" data-e-type=\"container\">\n\t\t\t\t\t<div class=\"e-con-inner\">\n\t\t<div class=\"elementor-element elementor-element-32f871b e-con-full e-flex e-con e-child\" data-id=\"32f871b\" data-element_type=\"container\" data-e-type=\"container\">\n\t\t\t\t<div class=\"elementor-element elementor-element-2b779cb elementor-widget elementor-widget-heading\" data-id=\"2b779cb\" data-element_type=\"widget\" data-e-type=\"widget\" data-widget_type=\"heading.default\">\n\t\t\t\t<div class=\"elementor-widget-container\">\n\t\t\t\t\t<h2 class=\"elementor-heading-title elementor-size-default\">What&#039;s happening at our booth?<\/h2>\t\t\t\t<\/div>\n\t\t\t\t<\/div>\n\t\t\t\t<div class=\"elementor-element elementor-element-dbc71ec elementor-widget elementor-widget-text-editor\" data-id=\"dbc71ec\" data-element_type=\"widget\" data-e-type=\"widget\" data-widget_type=\"text-editor.default\">\n\t\t\t\t<div class=\"elementor-widget-container\">\n\t\t\t\t\t\t\t\t\t<p>This year we have news you don&#039;t want to miss!<\/p><div><p><strong>Launch of a brand new product<\/strong><br \/>Be the first to see our latest innovation. We&#039;ll be showcasing the product live and showing you how you can gain insights that create more efficient operations and management.\u00a0<\/p><p><strong>What is the SI-Staircase?<\/strong><br \/>We talk about our philosophy and methodology for how our customers&#039; properties are 32% more energy efficient than average.<\/p><p><strong>Come by and talk about energy efficiency.<\/strong><br \/>Automation and energy efficiency are in our DNA, come by and talk about your challenges - together we will achieve further!<\/p><\/div>\t\t\t\t\t\t\t\t<\/div>\n\t\t\t\t<\/div>\n\t\t\t\t<\/div>\n\t\t\t\t\t<\/div>\n\t\t\t\t<\/div>\n\t\t\t\t<\/div>\n\t\t<div class=\"elementor-element elementor-element-5be6335 e-grid e-con-full e-con e-parent\" data-id=\"5be6335\" data-element_type=\"container\" data-e-type=\"container\" data-settings=\"{&quot;background_background&quot;:&quot;classic&quot;}\">\n\t\t<div class=\"elementor-element elementor-element-aacb856 e-flex e-con-boxed e-con e-child\" data-id=\"aacb856\" data-element_type=\"container\" data-e-type=\"container\">\n\t\t\t\t\t<div class=\"e-con-inner\">\n\t\t<div class=\"elementor-element elementor-element-c122589 e-con-full e-flex e-con e-child\" data-id=\"c122589\" data-element_type=\"container\" data-e-type=\"container\">\n\t\t\t\t<div class=\"elementor-element elementor-element-22e03c5 elementor-widget elementor-widget-heading\" data-id=\"22e03c5\" data-element_type=\"widget\" data-e-type=\"widget\" data-widget_type=\"heading.default\">\n\t\t\t\t<div class=\"elementor-widget-container\">\n\t\t\t\t\t<h2 class=\"elementor-heading-title elementor-size-default\">Welcome to us!<\/h2>\t\t\t\t<\/div>\n\t\t\t\t<\/div>\n\t\t\t\t<div class=\"elementor-element elementor-element-c9738cb elementor-widget elementor-widget-text-editor\" data-id=\"c9738cb\" data-element_type=\"widget\" data-e-type=\"widget\" data-widget_type=\"text-editor.default\">\n\t\t\t\t<div class=\"elementor-widget-container\">\n\t\t\t\t\t\t\t\t\t<p>Welcome to our booth <strong>A14:02<\/strong>, where our team is ready to welcome you and tell you how we can help you on your journey towards energy-efficient properties.<\/p><div><p><strong>Fair address<\/strong><br \/>Nordbygg is arranged at:<br \/><em>Stockholm Fair<\/em><br \/><em>M\u00e4ssv\u00e4gen 1, \u00c4lvsj\u00f6<\/em>.<\/p><p><strong>More information<\/strong><br \/>For opening hours, full program, tickets and other practical details, we recommend a visit to <a href=\"https:\/\/nordbygg.se\/\" target=\"_blank\" rel=\"noopener\"><strong>Nordbygg&#039;s official website<\/strong><\/a>\u00a0where you will find the latest information before your visit!<\/p><\/div>\t\t\t\t\t\t\t\t<\/div>\n\t\t\t\t<\/div>\n\t\t\t\t<\/div>\n\t\t\t\t\t<\/div>\n\t\t\t\t<\/div>\n\t\t\t\t<div class=\"elementor-element elementor-element-166dfee elementor-widget elementor-widget-image\" data-id=\"166dfee\" data-element_type=\"widget\" data-e-type=\"widget\" data-widget_type=\"image.default\">\n\t\t\t\t<div class=\"elementor-widget-container\">\n\t\t\t\t\t\t\t\t\t\t\t\t\t\t\t<img decoding=\"async\" width=\"800\" height=\"534\" src=\"https:\/\/wearesi.se\/wp-content\/uploads\/2026\/03\/webb-nordbygg-avsnitt-3-1024x683.webp\" class=\"attachment-large size-large wp-image-19643\" alt=\"\" srcset=\"https:\/\/wearesi.se\/wp-content\/uploads\/2026\/03\/webb-nordbygg-avsnitt-3-1024x683.webp 1024w, https:\/\/wearesi.se\/wp-content\/uploads\/2026\/03\/webb-nordbygg-avsnitt-3-300x200.webp 300w, https:\/\/wearesi.se\/wp-content\/uploads\/2026\/03\/webb-nordbygg-avsnitt-3-768x512.webp 768w, https:\/\/wearesi.se\/wp-content\/uploads\/2026\/03\/webb-nordbygg-avsnitt-3-1536x1024.webp 1536w, https:\/\/wearesi.se\/wp-content\/uploads\/2026\/03\/webb-nordbygg-avsnitt-3-2048x1366.webp 2048w, https:\/\/wearesi.se\/wp-content\/uploads\/2026\/03\/webb-nordbygg-avsnitt-3-18x12.webp 18w\" sizes=\"(max-width: 800px) 100vw, 800px\" \/>\t\t\t\t\t\t\t\t\t\t\t\t\t\t\t<\/div>\n\t\t\t\t<\/div>\n\t\t\t\t<\/div>\n\t\t<div class=\"elementor-element elementor-element-a92be8a e-flex e-con-boxed e-con e-parent\" data-id=\"a92be8a\" data-element_type=\"container\" data-e-type=\"container\" data-settings=\"{&quot;background_background&quot;:&quot;classic&quot;}\">\n\t\t\t\t\t<div class=\"e-con-inner\">\n\t\t\t\t<div class=\"elementor-element elementor-element-1e98b9f elementor-widget elementor-widget-heading\" data-id=\"1e98b9f\" data-element_type=\"widget\" data-e-type=\"widget\" data-widget_type=\"heading.default\">\n\t\t\t\t<div class=\"elementor-widget-container\">\n\t\t\t\t\t<h2 class=\"elementor-heading-title elementor-size-default\"><b>Meet our team on site!<\/b><\/h2>\t\t\t\t<\/div>\n\t\t\t\t<\/div>\n\t\t\t\t\t<\/div>\n\t\t\t\t<\/div>\n\t\t<div class=\"elementor-element elementor-element-9d3cb09 e-flex e-con-boxed e-con e-parent\" data-id=\"9d3cb09\" data-element_type=\"container\" data-e-type=\"container\" data-settings=\"{&quot;background_background&quot;:&quot;classic&quot;}\">\n\t\t\t\t\t<div class=\"e-con-inner\">\n\t\t<div class=\"elementor-element elementor-element-8ee7b53 e-con-full e-flex e-con e-child\" data-id=\"8ee7b53\" data-element_type=\"container\" data-e-type=\"container\">\n\t\t\t\t<div class=\"elementor-element elementor-element-0fb8877 elementor-widget elementor-widget-image\" data-id=\"0fb8877\" data-element_type=\"widget\" data-e-type=\"widget\" data-widget_type=\"image.default\">\n\t\t\t\t<div class=\"elementor-widget-container\">\n\t\t\t\t\t\t\t\t\t\t\t\t\t\t\t<img decoding=\"async\" width=\"800\" height=\"800\" src=\"https:\/\/wearesi.se\/wp-content\/uploads\/2026\/03\/Mall-PM-personbild-nordbygg-1024x1024.webp\" class=\"attachment-large size-large wp-image-19493\" alt=\"\" srcset=\"https:\/\/wearesi.se\/wp-content\/uploads\/2026\/03\/Mall-PM-personbild-nordbygg-1024x1024.webp 1024w, https:\/\/wearesi.se\/wp-content\/uploads\/2026\/03\/Mall-PM-personbild-nordbygg-300x300.webp 300w, https:\/\/wearesi.se\/wp-content\/uploads\/2026\/03\/Mall-PM-personbild-nordbygg-150x150.webp 150w, https:\/\/wearesi.se\/wp-content\/uploads\/2026\/03\/Mall-PM-personbild-nordbygg-768x768.webp 768w, https:\/\/wearesi.se\/wp-content\/uploads\/2026\/03\/Mall-PM-personbild-nordbygg-1536x1536.webp 1536w, https:\/\/wearesi.se\/wp-content\/uploads\/2026\/03\/Mall-PM-personbild-nordbygg-12x12.webp 12w, https:\/\/wearesi.se\/wp-content\/uploads\/2026\/03\/Mall-PM-personbild-nordbygg.webp 1920w\" sizes=\"(max-width: 800px) 100vw, 800px\" \/>\t\t\t\t\t\t\t\t\t\t\t\t\t\t\t<\/div>\n\t\t\t\t<\/div>\n\t\t\t\t<div class=\"elementor-element elementor-element-7e315c8 elementor-widget elementor-widget-heading\" data-id=\"7e315c8\" data-element_type=\"widget\" data-e-type=\"widget\" data-widget_type=\"heading.default\">\n\t\t\t\t<div class=\"elementor-widget-container\">\n\t\t\t\t\t<h5 class=\"elementor-heading-title elementor-size-default\">Dennis Nilsson<\/h5>\t\t\t\t<\/div>\n\t\t\t\t<\/div>\n\t\t\t\t<div class=\"elementor-element elementor-element-d75277e elementor-widget elementor-widget-text-editor\" data-id=\"d75277e\" data-element_type=\"widget\" data-e-type=\"widget\" data-widget_type=\"text-editor.default\">\n\t\t\t\t<div class=\"elementor-widget-container\">\n\t\t\t\t\t\t\t\t\t<p>Email: <a href=\"mailto:dennis.nilsson@wearesi.se\">dennis.nilsson@wearesi.se<\/a><br \/>Phone: <a href=\"tel: 0340-581547\">+46 (0)340-58 15 47<\/a><\/p>\t\t\t\t\t\t\t\t<\/div>\n\t\t\t\t<\/div>\n\t\t\t\t<\/div>\n\t\t<div class=\"elementor-element elementor-element-90b6e8b e-con-full e-flex e-con e-child\" data-id=\"90b6e8b\" data-element_type=\"container\" data-e-type=\"container\">\n\t\t\t\t<div class=\"elementor-element elementor-element-c273b48 elementor-widget elementor-widget-image\" data-id=\"c273b48\" data-element_type=\"widget\" data-e-type=\"widget\" data-widget_type=\"image.default\">\n\t\t\t\t<div class=\"elementor-widget-container\">\n\t\t\t\t\t\t\t\t\t\t\t\t\t\t\t<img loading=\"lazy\" decoding=\"async\" width=\"800\" height=\"800\" src=\"https:\/\/wearesi.se\/wp-content\/uploads\/2026\/03\/Mall-PM-personbild-nordbygg2-1024x1024.webp\" class=\"attachment-large size-large wp-image-19494\" alt=\"\" srcset=\"https:\/\/wearesi.se\/wp-content\/uploads\/2026\/03\/Mall-PM-personbild-nordbygg2-1024x1024.webp 1024w, https:\/\/wearesi.se\/wp-content\/uploads\/2026\/03\/Mall-PM-personbild-nordbygg2-300x300.webp 300w, https:\/\/wearesi.se\/wp-content\/uploads\/2026\/03\/Mall-PM-personbild-nordbygg2-150x150.webp 150w, https:\/\/wearesi.se\/wp-content\/uploads\/2026\/03\/Mall-PM-personbild-nordbygg2-768x768.webp 768w, https:\/\/wearesi.se\/wp-content\/uploads\/2026\/03\/Mall-PM-personbild-nordbygg2-1536x1536.webp 1536w, https:\/\/wearesi.se\/wp-content\/uploads\/2026\/03\/Mall-PM-personbild-nordbygg2-12x12.webp 12w, https:\/\/wearesi.se\/wp-content\/uploads\/2026\/03\/Mall-PM-personbild-nordbygg2.webp 1920w\" sizes=\"(max-width: 800px) 100vw, 800px\" \/>\t\t\t\t\t\t\t\t\t\t\t\t\t\t\t<\/div>\n\t\t\t\t<\/div>\n\t\t\t\t<div class=\"elementor-element elementor-element-0115f05 elementor-widget elementor-widget-heading\" data-id=\"0115f05\" data-element_type=\"widget\" data-e-type=\"widget\" data-widget_type=\"heading.default\">\n\t\t\t\t<div class=\"elementor-widget-container\">\n\t\t\t\t\t<h5 class=\"elementor-heading-title elementor-size-default\">Sebastian Carlberg<\/h5>\t\t\t\t<\/div>\n\t\t\t\t<\/div>\n\t\t\t\t<div class=\"elementor-element elementor-element-d4563ce elementor-widget elementor-widget-text-editor\" data-id=\"d4563ce\" data-element_type=\"widget\" data-e-type=\"widget\" data-widget_type=\"text-editor.default\">\n\t\t\t\t<div class=\"elementor-widget-container\">\n\t\t\t\t\t\t\t\t\t<p>Email: <a href=\"mailto:sebastian.carlberg@wearesi.se\">sebastian.carlberg@wearesi.se<\/a><br \/>Phone: <a href=\"tel:0340-506152\">+46 (0)340-50 61 52<\/a><\/p>\t\t\t\t\t\t\t\t<\/div>\n\t\t\t\t<\/div>\n\t\t\t\t<\/div>\n\t\t<div class=\"elementor-element elementor-element-883196d e-con-full e-flex e-con e-child\" data-id=\"883196d\" data-element_type=\"container\" data-e-type=\"container\">\n\t\t\t\t<div class=\"elementor-element elementor-element-197fc68 elementor-widget elementor-widget-image\" data-id=\"197fc68\" data-element_type=\"widget\" data-e-type=\"widget\" data-widget_type=\"image.default\">\n\t\t\t\t<div class=\"elementor-widget-container\">\n\t\t\t\t\t\t\t\t\t\t\t\t\t\t\t<img loading=\"lazy\" decoding=\"async\" width=\"800\" height=\"800\" src=\"https:\/\/wearesi.se\/wp-content\/uploads\/2026\/03\/Mall-PM-personbild-nordbygg4-1024x1024.webp\" class=\"attachment-large size-large wp-image-19491\" alt=\"\" srcset=\"https:\/\/wearesi.se\/wp-content\/uploads\/2026\/03\/Mall-PM-personbild-nordbygg4-1024x1024.webp 1024w, https:\/\/wearesi.se\/wp-content\/uploads\/2026\/03\/Mall-PM-personbild-nordbygg4-300x300.webp 300w, https:\/\/wearesi.se\/wp-content\/uploads\/2026\/03\/Mall-PM-personbild-nordbygg4-150x150.webp 150w, https:\/\/wearesi.se\/wp-content\/uploads\/2026\/03\/Mall-PM-personbild-nordbygg4-768x768.webp 768w, https:\/\/wearesi.se\/wp-content\/uploads\/2026\/03\/Mall-PM-personbild-nordbygg4-1536x1536.webp 1536w, https:\/\/wearesi.se\/wp-content\/uploads\/2026\/03\/Mall-PM-personbild-nordbygg4-12x12.webp 12w, https:\/\/wearesi.se\/wp-content\/uploads\/2026\/03\/Mall-PM-personbild-nordbygg4.webp 1920w\" sizes=\"(max-width: 800px) 100vw, 800px\" \/>\t\t\t\t\t\t\t\t\t\t\t\t\t\t\t<\/div>\n\t\t\t\t<\/div>\n\t\t\t\t<div class=\"elementor-element elementor-element-365d22c elementor-widget elementor-widget-heading\" data-id=\"365d22c\" data-element_type=\"widget\" data-e-type=\"widget\" data-widget_type=\"heading.default\">\n\t\t\t\t<div class=\"elementor-widget-container\">\n\t\t\t\t\t<h5 class=\"elementor-heading-title elementor-size-default\">David Svalander<\/h5>\t\t\t\t<\/div>\n\t\t\t\t<\/div>\n\t\t\t\t<div class=\"elementor-element elementor-element-b08a471 elementor-widget elementor-widget-text-editor\" data-id=\"b08a471\" data-element_type=\"widget\" data-e-type=\"widget\" data-widget_type=\"text-editor.default\">\n\t\t\t\t<div class=\"elementor-widget-container\">\n\t\t\t\t\t\t\t\t\t<p>Email: <a href=\"mailto:david.svalander@wearesi.se\">david.svalander@wearesi.se<\/a><br \/>Phone: <a href=\"tel:0340-581537\">+ 46 (0)340-58 15 37<\/a><\/p>\t\t\t\t\t\t\t\t<\/div>\n\t\t\t\t<\/div>\n\t\t\t\t<\/div>\n\t\t<div class=\"elementor-element elementor-element-170a09f e-con-full e-flex e-con e-child\" data-id=\"170a09f\" data-element_type=\"container\" data-e-type=\"container\">\n\t\t\t\t<div class=\"elementor-element elementor-element-6935802 elementor-widget elementor-widget-image\" data-id=\"6935802\" data-element_type=\"widget\" data-e-type=\"widget\" data-widget_type=\"image.default\">\n\t\t\t\t<div class=\"elementor-widget-container\">\n\t\t\t\t\t\t\t\t\t\t\t\t\t\t\t<img loading=\"lazy\" decoding=\"async\" width=\"800\" height=\"800\" src=\"https:\/\/wearesi.se\/wp-content\/uploads\/2026\/03\/Mall-PM-personbild-nordbygg3-1024x1024.webp\" class=\"attachment-large size-large wp-image-19492\" alt=\"\" srcset=\"https:\/\/wearesi.se\/wp-content\/uploads\/2026\/03\/Mall-PM-personbild-nordbygg3-1024x1024.webp 1024w, https:\/\/wearesi.se\/wp-content\/uploads\/2026\/03\/Mall-PM-personbild-nordbygg3-300x300.webp 300w, https:\/\/wearesi.se\/wp-content\/uploads\/2026\/03\/Mall-PM-personbild-nordbygg3-150x150.webp 150w, https:\/\/wearesi.se\/wp-content\/uploads\/2026\/03\/Mall-PM-personbild-nordbygg3-768x768.webp 768w, https:\/\/wearesi.se\/wp-content\/uploads\/2026\/03\/Mall-PM-personbild-nordbygg3-1536x1536.webp 1536w, https:\/\/wearesi.se\/wp-content\/uploads\/2026\/03\/Mall-PM-personbild-nordbygg3-12x12.webp 12w, https:\/\/wearesi.se\/wp-content\/uploads\/2026\/03\/Mall-PM-personbild-nordbygg3.webp 1920w\" sizes=\"(max-width: 800px) 100vw, 800px\" \/>\t\t\t\t\t\t\t\t\t\t\t\t\t\t\t<\/div>\n\t\t\t\t<\/div>\n\t\t\t\t<div class=\"elementor-element elementor-element-f60a884 elementor-widget elementor-widget-heading\" data-id=\"f60a884\" data-element_type=\"widget\" data-e-type=\"widget\" data-widget_type=\"heading.default\">\n\t\t\t\t<div class=\"elementor-widget-container\">\n\t\t\t\t\t<h5 class=\"elementor-heading-title elementor-size-default\">Malin Nordin<\/h5>\t\t\t\t<\/div>\n\t\t\t\t<\/div>\n\t\t\t\t<div class=\"elementor-element elementor-element-c69a655 elementor-widget elementor-widget-text-editor\" data-id=\"c69a655\" data-element_type=\"widget\" data-e-type=\"widget\" data-widget_type=\"text-editor.default\">\n\t\t\t\t<div class=\"elementor-widget-container\">\n\t\t\t\t\t\t\t\t\t<p>Email: <a href=\"mailto:malin.nordin@wearesi.se\">malin.nordin@wearesi.se<\/a><br \/>Phone: <a href=\"tel: 0340-581520\">+46 (0)340-58 15 20<\/a><\/p>\t\t\t\t\t\t\t\t<\/div>\n\t\t\t\t<\/div>\n\t\t\t\t<\/div>\n\t\t\t\t\t<\/div>\n\t\t\t\t<\/div>\n\t\t\t\t<\/div>","protected":false},"excerpt":{"rendered":"<p>Vi syns p\u00e5 Nordbygg 2026! Vi tar med oss helheten till Nordbygg 2026 &#8211;\u00a0 fr\u00e5n smart automation till produkter och tj\u00e4nster f\u00f6r n\u00e4sta generations energieffektiva v\u00e4rld. Vi har dessutom n\u00e5got nytt att visa som ni inte vill missa! Alla vi p\u00e5 SI \u00e4r energisparare i hj\u00e4rtat \u2013 m\u00e4nniskor som drivs av \u00f6vertygelsen att smartare fastigheter [&hellip;]<\/p>\n","protected":false},"author":11,"featured_media":0,"parent":0,"menu_order":0,"comment_status":"closed","ping_status":"closed","template":"elementor_header_footer","meta":{"_acf_changed":false,"footnotes":""},"class_list":["post-19479","page","type-page","status-publish","hentry"],"acf":[],"_links":{"self":[{"href":"https:\/\/wearesi.se\/en\/wp-json\/wp\/v2\/pages\/19479","targetHints":{"allow":["GET"]}}],"collection":[{"href":"https:\/\/wearesi.se\/en\/wp-json\/wp\/v2\/pages"}],"about":[{"href":"https:\/\/wearesi.se\/en\/wp-json\/wp\/v2\/types\/page"}],"author":[{"embeddable":true,"href":"https:\/\/wearesi.se\/en\/wp-json\/wp\/v2\/users\/11"}],"replies":[{"embeddable":true,"href":"https:\/\/wearesi.se\/en\/wp-json\/wp\/v2\/comments?post=19479"}],"version-history":[{"count":31,"href":"https:\/\/wearesi.se\/en\/wp-json\/wp\/v2\/pages\/19479\/revisions"}],"predecessor-version":[{"id":20258,"href":"https:\/\/wearesi.se\/en\/wp-json\/wp\/v2\/pages\/19479\/revisions\/20258"}],"wp:attachment":[{"href":"https:\/\/wearesi.se\/en\/wp-json\/wp\/v2\/media?parent=19479"}],"curies":[{"name":"wp","href":"https:\/\/api.w.org\/{rel}","templated":true}]}}