{"id":18755,"date":"2026-02-05T07:27:01","date_gmt":"2026-02-05T06:27:01","guid":{"rendered":"https:\/\/wearesi.se\/?page_id=18755"},"modified":"2026-04-14T13:18:53","modified_gmt":"2026-04-14T11:18:53","slug":"hyresgast","status":"publish","type":"page","link":"https:\/\/wearesi.se\/en\/losningar\/hyresgast","title":{"rendered":"SI &#8211; Hyresg\u00e4st"},"content":{"rendered":"\t\t<div data-elementor-type=\"wp-page\" data-elementor-id=\"18755\" class=\"elementor elementor-18755\" data-elementor-post-type=\"page\">\n\t\t\t\t<div class=\"elementor-element elementor-element-e41bb04 e-flex e-con-boxed e-con e-parent\" data-id=\"e41bb04\" data-element_type=\"container\" data-e-type=\"container\" data-settings=\"{&quot;background_background&quot;:&quot;classic&quot;}\">\n\t\t\t\t\t<div class=\"e-con-inner\">\n\t\t<div class=\"elementor-element elementor-element-5f5cac3 e-con-full e-grid e-con e-child\" data-id=\"5f5cac3\" data-element_type=\"container\" data-e-type=\"container\" data-settings=\"{&quot;motion_fx_motion_fx_scrolling&quot;:&quot;yes&quot;,&quot;motion_fx_translateY_effect&quot;:&quot;yes&quot;,&quot;motion_fx_translateY_speed&quot;:{&quot;unit&quot;:&quot;px&quot;,&quot;size&quot;:2,&quot;sizes&quot;:[]},&quot;motion_fx_translateY_affectedRange&quot;:{&quot;unit&quot;:&quot;%&quot;,&quot;size&quot;:&quot;&quot;,&quot;sizes&quot;:{&quot;start&quot;:0,&quot;end&quot;:100}},&quot;motion_fx_devices&quot;:[&quot;desktop&quot;,&quot;tablet&quot;,&quot;mobile&quot;]}\">\n\t\t<div class=\"elementor-element elementor-element-b765c41 e-con-full e-flex e-con e-child\" data-id=\"b765c41\" data-element_type=\"container\" data-e-type=\"container\">\n\t\t\t\t<div class=\"elementor-element elementor-element-8ad1cac elementor-widget elementor-widget-heading\" data-id=\"8ad1cac\" data-element_type=\"widget\" data-e-type=\"widget\" data-widget_type=\"heading.default\">\n\t\t\t\t<div class=\"elementor-widget-container\">\n\t\t\t\t\t<span class=\"elementor-heading-title elementor-size-default\">Hyresg\u00e4st<\/span>\t\t\t\t<\/div>\n\t\t\t\t<\/div>\n\t\t\t\t<div class=\"elementor-element elementor-element-a186733 elementor-widget elementor-widget-heading\" data-id=\"a186733\" data-element_type=\"widget\" data-e-type=\"widget\" data-widget_type=\"heading.default\">\n\t\t\t\t<div class=\"elementor-widget-container\">\n\t\t\t\t\t<h1 class=\"elementor-heading-title elementor-size-default\">En fastighet som fungerar optimalt<br>varje dag<\/h1>\t\t\t\t<\/div>\n\t\t\t\t<\/div>\n\t\t\t\t<div class=\"elementor-element elementor-element-00c4c85 elementor-widget elementor-widget-text-editor\" data-id=\"00c4c85\" data-element_type=\"widget\" data-e-type=\"widget\" data-widget_type=\"text-editor.default\">\n\t\t\t\t<div class=\"elementor-widget-container\">\n\t\t\t\t\t\t\t\t\t<p>Som hyresg\u00e4st ska du kunna lita p\u00e5 att allt fungerar. Ett behagligt innomhusklimat, trygga system och lokaler som alltid \u00e4r redo f\u00f6r verksamheten. Med smart fastighetsautomation skapar vi milj\u00f6er d\u00e4r du f\u00e5r b\u00e4sta m\u00f6jliga upplevelse, utan driftst\u00f6rningar eller on\u00f6dig energif\u00f6rbrukning.<\/p>\t\t\t\t\t\t\t\t<\/div>\n\t\t\t\t<\/div>\n\t\t\t\t<\/div>\n\t\t\t\t<\/div>\n\t\t\t\t\t<\/div>\n\t\t\t\t<\/div>\n\t\t<div class=\"elementor-element elementor-element-53ef6a2 e-grid e-con-boxed e-con e-parent\" data-id=\"53ef6a2\" data-element_type=\"container\" data-e-type=\"container\" data-settings=\"{&quot;background_background&quot;:&quot;classic&quot;}\">\n\t\t\t\t\t<div class=\"e-con-inner\">\n\t\t\t\t<div class=\"elementor-element elementor-element-f0a88de elementor-widget elementor-widget-heading\" data-id=\"f0a88de\" data-element_type=\"widget\" data-e-type=\"widget\" data-widget_type=\"heading.default\">\n\t\t\t\t<div class=\"elementor-widget-container\">\n\t\t\t\t\t<h2 class=\"elementor-heading-title elementor-size-default\">Vad betyder smarta system f\u00f6r dig som hyresg\u00e4st?<\/h2>\t\t\t\t<\/div>\n\t\t\t\t<\/div>\n\t\t\t\t<div class=\"elementor-element elementor-element-8ba7165 elementor-widget elementor-widget-text-editor\" data-id=\"8ba7165\" data-element_type=\"widget\" data-e-type=\"widget\" data-widget_type=\"text-editor.default\">\n\t\t\t\t<div class=\"elementor-widget-container\">\n\t\t\t\t\t\t\t\t\t<p>Smarta fastighetssystem handlar inte bara om teknik &#8211; det handlar om din vardag som hyresg\u00e4st.<\/p><p>L\u00e5t tekniken arbeta i bakgrunden f\u00f6r \u00f6kad komfort, drifts\u00e4kerhet och energieffektivitet \u2013 med f\u00e4rre st\u00f6rningar, l\u00e4gre kostnader och mindre milj\u00f6p\u00e5verkan som f\u00f6ljd.<\/p>\t\t\t\t\t\t\t\t<\/div>\n\t\t\t\t<\/div>\n\t\t\t\t\t<\/div>\n\t\t\t\t<\/div>\n\t\t<div class=\"elementor-element elementor-element-0423605 e-grid e-con-boxed e-con e-parent\" data-id=\"0423605\" data-element_type=\"container\" data-e-type=\"container\" data-settings=\"{&quot;background_background&quot;:&quot;classic&quot;}\">\n\t\t\t\t\t<div class=\"e-con-inner\">\n\t\t<div class=\"elementor-element elementor-element-aa82b69 e-con-full e-flex e-con e-child\" data-id=\"aa82b69\" data-element_type=\"container\" data-e-type=\"container\">\n\t\t\t\t<div class=\"elementor-element elementor-element-082d474 elementor-view-default elementor-widget elementor-widget-icon\" data-id=\"082d474\" data-element_type=\"widget\" data-e-type=\"widget\" data-widget_type=\"icon.default\">\n\t\t\t\t<div class=\"elementor-widget-container\">\n\t\t\t\t\t\t\t<div class=\"elementor-icon-wrapper\">\n\t\t\t<div class=\"elementor-icon\">\n\t\t\t<svg xmlns=\"http:\/\/www.w3.org\/2000\/svg\" height=\"24px\" viewBox=\"0 -960 960 960\" width=\"24px\" fill=\"#e3e3e3\"><path d=\"M200-280v-280h80v280h-80Zm240 0v-280h80v280h-80ZM80-640v-80l400-200 400 200v80H80Zm179-80h442L480-830 259-720ZM80-120v-80h482q2 21 5 40.5t9 39.5H80Zm600-310v-130h80v90l-80 40ZM800 0q-69-17-114.5-79.5T640-218v-102l160-80 160 80v102q0 76-45.5 138.5T800 0Zm-29-120 139-138-42-42-97 95-39-39-42 43 81 81ZM259-720h442-442Z\"><\/path><\/svg>\t\t\t<\/div>\n\t\t<\/div>\n\t\t\t\t\t\t<\/div>\n\t\t\t\t<\/div>\n\t\t\t\t<div class=\"elementor-element elementor-element-f90aeeb elementor-widget elementor-widget-heading\" data-id=\"f90aeeb\" data-element_type=\"widget\" data-e-type=\"widget\" data-widget_type=\"heading.default\">\n\t\t\t\t<div class=\"elementor-widget-container\">\n\t\t\t\t\t<h2 class=\"elementor-heading-title elementor-size-default\">Trygg drift<\/h2>\t\t\t\t<\/div>\n\t\t\t\t<\/div>\n\t\t\t\t<div class=\"elementor-element elementor-element-2e0d51b elementor-widget elementor-widget-text-editor\" data-id=\"2e0d51b\" data-element_type=\"widget\" data-e-type=\"widget\" data-widget_type=\"text-editor.default\">\n\t\t\t\t<div class=\"elementor-widget-container\">\n\t\t\t\t\t\t\t\t\t<p>N\u00e4r ventilation, v\u00e4rme, kyla, belysning och s\u00e4kerhet samspelar minskar risken f\u00f6r avbrott som p\u00e5verkar din verksamhet. Du f\u00e5r stabilitet och komfort &#8211; dygnet runt.<\/p>\t\t\t\t\t\t\t\t<\/div>\n\t\t\t\t<\/div>\n\t\t\t\t<\/div>\n\t\t<div class=\"elementor-element elementor-element-cf11d03 e-con-full e-flex e-con e-child\" data-id=\"cf11d03\" data-element_type=\"container\" data-e-type=\"container\">\n\t\t\t\t<div class=\"elementor-element elementor-element-2f3b039 elementor-view-default elementor-widget elementor-widget-icon\" data-id=\"2f3b039\" data-element_type=\"widget\" data-e-type=\"widget\" data-widget_type=\"icon.default\">\n\t\t\t\t<div class=\"elementor-widget-container\">\n\t\t\t\t\t\t\t<div class=\"elementor-icon-wrapper\">\n\t\t\t<div class=\"elementor-icon\">\n\t\t\t<svg xmlns=\"http:\/\/www.w3.org\/2000\/svg\" height=\"24px\" viewBox=\"0 -960 960 960\" width=\"24px\" fill=\"#e3e3e3\"><path d=\"M480-120q-88 0-168.5-33T169-249l57-57q51 51 117 78.5T481-200q72 0 137.5-27T735-305l56 56q-63 63-143 96t-168 33Zm0-160q-56 0-107-21t-91-61l56-56q29 29 65.5 43.5T480-360q40 0 76.5-14.5T622-418l56 56q-40 40-91 61t-107 21ZM200-760v40h560v-40H200Zm124 120 12 40h288l12-40H324Zm12 120q-26 0-47-15.5T260-576l-20-64h-40q-33 0-56.5-23.5T120-720v-120h720v120q0 33-23.5 56.5T760-640h-40l-26 68q-9 23-29 37.5T620-520H336ZM200-760v40-40Z\"><\/path><\/svg>\t\t\t<\/div>\n\t\t<\/div>\n\t\t\t\t\t\t<\/div>\n\t\t\t\t<\/div>\n\t\t\t\t<div class=\"elementor-element elementor-element-5066d96 elementor-widget elementor-widget-heading\" data-id=\"5066d96\" data-element_type=\"widget\" data-e-type=\"widget\" data-widget_type=\"heading.default\">\n\t\t\t\t<div class=\"elementor-widget-container\">\n\t\t\t\t\t<h2 class=\"elementor-heading-title elementor-size-default\">Komfort du m\u00e4rker<\/h2>\t\t\t\t<\/div>\n\t\t\t\t<\/div>\n\t\t\t\t<div class=\"elementor-element elementor-element-b33de79 elementor-widget elementor-widget-text-editor\" data-id=\"b33de79\" data-element_type=\"widget\" data-e-type=\"widget\" data-widget_type=\"text-editor.default\">\n\t\t\t\t<div class=\"elementor-widget-container\">\n\t\t\t\t\t\t\t\t\t<p>Temperaturen \u00e4r j\u00e4mn, luften frisk och belysningen anpassad efter era behov. Samtidigt anv\u00e4nds aldrig mer energi \u00e4n n\u00f6dv\u00e4ndigt, vilket minskar b\u00e5de kostnader och milj\u00f6p\u00e5verkan.<\/p>\t\t\t\t\t\t\t\t<\/div>\n\t\t\t\t<\/div>\n\t\t\t\t<\/div>\n\t\t<div class=\"elementor-element elementor-element-0605d5c e-con-full e-flex e-con e-child\" data-id=\"0605d5c\" data-element_type=\"container\" data-e-type=\"container\">\n\t\t\t\t<div class=\"elementor-element elementor-element-41cb79e elementor-view-default elementor-widget elementor-widget-icon\" data-id=\"41cb79e\" data-element_type=\"widget\" data-e-type=\"widget\" data-widget_type=\"icon.default\">\n\t\t\t\t<div class=\"elementor-widget-container\">\n\t\t\t\t\t\t\t<div class=\"elementor-icon-wrapper\">\n\t\t\t<div class=\"elementor-icon\">\n\t\t\t<svg xmlns=\"http:\/\/www.w3.org\/2000\/svg\" height=\"24px\" viewBox=\"0 -960 960 960\" width=\"24px\" fill=\"#1f1f1f\"><path d=\"M342-160h276l40-160H302l40 160Zm0 80q-28 0-49-17t-28-44l-45-179h520l-45 179q-7 27-28 44t-49 17H342ZM200-400h560v-80H200v80Zm280-240q0-100 70-170t170-70q0 90-57 156t-143 80v84h320v160q0 33-23.5 56.5T760-320H200q-33 0-56.5-23.5T120-400v-160h320v-84q-86-14-143-80t-57-156q100 0 170 70t70 170Z\"><\/path><\/svg>\t\t\t<\/div>\n\t\t<\/div>\n\t\t\t\t\t\t<\/div>\n\t\t\t\t<\/div>\n\t\t\t\t<div class=\"elementor-element elementor-element-74721e6 elementor-widget elementor-widget-heading\" data-id=\"74721e6\" data-element_type=\"widget\" data-e-type=\"widget\" data-widget_type=\"heading.default\">\n\t\t\t\t<div class=\"elementor-widget-container\">\n\t\t\t\t\t<h2 class=\"elementor-heading-title elementor-size-default\">En milj\u00f6 anpassad f\u00f6r din vardag<\/h2>\t\t\t\t<\/div>\n\t\t\t\t<\/div>\n\t\t\t\t<div class=\"elementor-element elementor-element-d968edd elementor-widget elementor-widget-text-editor\" data-id=\"d968edd\" data-element_type=\"widget\" data-e-type=\"widget\" data-widget_type=\"text-editor.default\">\n\t\t\t\t<div class=\"elementor-widget-container\">\n\t\t\t\t\t\t\t\t\t<p>Behovsbaserad styrning g\u00f6r att lokalerna anpassar sig efter hur du faktiskt anv\u00e4nder dem. Det skapar en b\u00e4ttre arbetsmilj\u00f6, n\u00f6jdare medarbetare och en attraktivare plats att vistas p\u00e5.<\/p>\t\t\t\t\t\t\t\t<\/div>\n\t\t\t\t<\/div>\n\t\t\t\t<\/div>\n\t\t<div class=\"elementor-element elementor-element-dafa38e e-con-full e-flex e-con e-child\" data-id=\"dafa38e\" data-element_type=\"container\" data-e-type=\"container\">\n\t\t\t\t<div class=\"elementor-element elementor-element-612d6cc elementor-view-default elementor-widget elementor-widget-icon\" data-id=\"612d6cc\" data-element_type=\"widget\" data-e-type=\"widget\" data-widget_type=\"icon.default\">\n\t\t\t\t<div class=\"elementor-widget-container\">\n\t\t\t\t\t\t\t<div class=\"elementor-icon-wrapper\">\n\t\t\t<div class=\"elementor-icon\">\n\t\t\t<svg xmlns=\"http:\/\/www.w3.org\/2000\/svg\" height=\"24px\" viewBox=\"0 -960 960 960\" width=\"24px\" fill=\"#1f1f1f\"><path d=\"M100-240v-480l360 240-360 240Zm400 0v-480l360 240-360 240ZM180-480Zm400 0Zm-400 90 136-90-136-90v180Zm400 0 136-90-136-90v180Z\"><\/path><\/svg>\t\t\t<\/div>\n\t\t<\/div>\n\t\t\t\t\t\t<\/div>\n\t\t\t\t<\/div>\n\t\t\t\t<div class=\"elementor-element elementor-element-466ab7f elementor-widget elementor-widget-heading\" data-id=\"466ab7f\" data-element_type=\"widget\" data-e-type=\"widget\" data-widget_type=\"heading.default\">\n\t\t\t\t<div class=\"elementor-widget-container\">\n\t\t\t\t\t<h2 class=\"elementor-heading-title elementor-size-default\">Snabb hj\u00e4lp n\u00e4r n\u00e5got h\u00e4nder<\/h2>\t\t\t\t<\/div>\n\t\t\t\t<\/div>\n\t\t\t\t<div class=\"elementor-element elementor-element-86f07b4 elementor-widget elementor-widget-text-editor\" data-id=\"86f07b4\" data-element_type=\"widget\" data-e-type=\"widget\" data-widget_type=\"text-editor.default\">\n\t\t\t\t<div class=\"elementor-widget-container\">\n\t\t\t\t\t\t\t\t\t<p>Med v\u00e5ra drift\u00f6vervakningstj\u00e4nster uppt\u00e4cks avvikelser tidigt och kan \u00e5tg\u00e4rdas snabbt innan de hinner p\u00e5verka din verksamhet.<\/p>\t\t\t\t\t\t\t\t<\/div>\n\t\t\t\t<\/div>\n\t\t\t\t<\/div>\n\t\t\t\t\t<\/div>\n\t\t\t\t<\/div>\n\t\t<div class=\"elementor-element elementor-element-633db824 e-flex e-con-boxed e-con e-parent\" data-id=\"633db824\" data-element_type=\"container\" data-e-type=\"container\" data-settings=\"{&quot;background_background&quot;:&quot;classic&quot;}\">\n\t\t\t\t\t<div class=\"e-con-inner\">\n\t\t\t\t<div class=\"elementor-element elementor-element-6d5004df elementor-widget elementor-widget-heading\" data-id=\"6d5004df\" data-element_type=\"widget\" data-e-type=\"widget\" data-widget_type=\"heading.default\">\n\t\t\t\t<div class=\"elementor-widget-container\">\n\t\t\t\t\t<h2 class=\"elementor-heading-title elementor-size-default\">Jag vill veta mer om l\u00f6sningar f\u00f6r<\/h2>\t\t\t\t<\/div>\n\t\t\t\t<\/div>\n\t\t\t\t<div class=\"elementor-element elementor-element-721b52b6 elementor-widget__width-initial elementor-widget elementor-widget-heading\" data-id=\"721b52b6\" data-element_type=\"widget\" data-e-type=\"widget\" data-widget_type=\"heading.default\">\n\t\t\t\t<div class=\"elementor-widget-container\">\n\t\t\t\t\t<h2 class=\"elementor-heading-title elementor-size-default\">Hyresg\u00e4ster<\/h2>\t\t\t\t<\/div>\n\t\t\t\t<\/div>\n\t\t\t\t<div class=\"elementor-element elementor-element-5fa8d996 elementor-widget elementor-widget-text-editor\" data-id=\"5fa8d996\" data-element_type=\"widget\" data-e-type=\"widget\" data-widget_type=\"text-editor.default\">\n\t\t\t\t<div class=\"elementor-widget-container\">\n\t\t\t\t\t\t\t\t\t<p>Inom SI finns b\u00e5de bred och djup kunskap. V\u00e5rt fokus \u00e4r alltid att lyssna p\u00e5 v\u00e5ra kunder f\u00f6r att tillsammans hitta den b\u00e4sta l\u00f6sningen. Varmt v\u00e4lkomna att h\u00f6ra av er!<\/p>\t\t\t\t\t\t\t\t<\/div>\n\t\t\t\t<\/div>\n\t\t\t\t<div class=\"elementor-element elementor-element-2763672c elementor-align-left elementor-widget elementor-widget-button\" data-id=\"2763672c\" data-element_type=\"widget\" data-e-type=\"widget\" data-widget_type=\"button.default\">\n\t\t\t\t<div class=\"elementor-widget-container\">\n\t\t\t\t\t\t\t\t\t<div class=\"elementor-button-wrapper\">\n\t\t\t\t\t<a class=\"elementor-button elementor-button-link elementor-size-sm\" href=\"#elementor-action%3Aaction%3Dpopup%3Aopen%26settings%3DeyJpZCI6IjIyOTYzIiwidG9nZ2xlIjpmYWxzZX0%3D\">\n\t\t\t\t\t\t<span class=\"elementor-button-content-wrapper\">\n\t\t\t\t\t\t\t\t\t<span class=\"elementor-button-text\">ta f\u00f6rsta steget<\/span>\n\t\t\t\t\t<\/span>\n\t\t\t\t\t<\/a>\n\t\t\t\t<\/div>\n\t\t\t\t\t\t\t\t<\/div>\n\t\t\t\t<\/div>\n\t\t\t\t\t<\/div>\n\t\t\t\t<\/div>\n\t\t\t\t<\/div>\n\t\t","protected":false},"excerpt":{"rendered":"<p>Hyresg\u00e4st En fastighet som fungerar optimaltvarje dag Som hyresg\u00e4st ska du kunna lita p\u00e5 att allt fungerar. Ett behagligt innomhusklimat, trygga system och lokaler som alltid \u00e4r redo f\u00f6r verksamheten. Med smart fastighetsautomation skapar vi milj\u00f6er d\u00e4r du f\u00e5r b\u00e4sta m\u00f6jliga upplevelse, utan driftst\u00f6rningar eller on\u00f6dig energif\u00f6rbrukning. Vad betyder smarta system f\u00f6r dig som hyresg\u00e4st? [&hellip;]<\/p>\n","protected":false},"author":11,"featured_media":0,"parent":16405,"menu_order":0,"comment_status":"closed","ping_status":"closed","template":"","meta":{"_acf_changed":false,"footnotes":""},"class_list":["post-18755","page","type-page","status-publish","hentry"],"acf":[],"_links":{"self":[{"href":"https:\/\/wearesi.se\/en\/wp-json\/wp\/v2\/pages\/18755","targetHints":{"allow":["GET"]}}],"collection":[{"href":"https:\/\/wearesi.se\/en\/wp-json\/wp\/v2\/pages"}],"about":[{"href":"https:\/\/wearesi.se\/en\/wp-json\/wp\/v2\/types\/page"}],"author":[{"embeddable":true,"href":"https:\/\/wearesi.se\/en\/wp-json\/wp\/v2\/users\/11"}],"replies":[{"embeddable":true,"href":"https:\/\/wearesi.se\/en\/wp-json\/wp\/v2\/comments?post=18755"}],"version-history":[{"count":43,"href":"https:\/\/wearesi.se\/en\/wp-json\/wp\/v2\/pages\/18755\/revisions"}],"predecessor-version":[{"id":23181,"href":"https:\/\/wearesi.se\/en\/wp-json\/wp\/v2\/pages\/18755\/revisions\/23181"}],"up":[{"embeddable":true,"href":"https:\/\/wearesi.se\/en\/wp-json\/wp\/v2\/pages\/16405"}],"wp:attachment":[{"href":"https:\/\/wearesi.se\/en\/wp-json\/wp\/v2\/media?parent=18755"}],"curies":[{"name":"wp","href":"https:\/\/api.w.org\/{rel}","templated":true}]}}