{"id":17536,"date":"2025-10-28T16:06:06","date_gmt":"2025-10-28T15:06:06","guid":{"rendered":"https:\/\/wearesi.se\/?page_id=17536"},"modified":"2026-04-14T12:33:43","modified_gmt":"2026-04-14T10:33:43","slug":"bad-spa","status":"publish","type":"page","link":"https:\/\/wearesi.se\/en\/losningar\/bad-spa","title":{"rendered":"SI &#8211; Bad &#038; Spa"},"content":{"rendered":"\t\t<div data-elementor-type=\"wp-page\" data-elementor-id=\"17536\" class=\"elementor elementor-17536\" data-elementor-post-type=\"page\">\n\t\t\t\t<div class=\"elementor-element elementor-element-e41bb04 e-flex e-con-boxed e-con e-parent\" data-id=\"e41bb04\" data-element_type=\"container\" data-e-type=\"container\" data-settings=\"{&quot;background_background&quot;:&quot;classic&quot;}\">\n\t\t\t\t\t<div class=\"e-con-inner\">\n\t\t<div class=\"elementor-element elementor-element-5f5cac3 e-con-full e-grid e-con e-child\" data-id=\"5f5cac3\" data-element_type=\"container\" data-e-type=\"container\" data-settings=\"{&quot;motion_fx_motion_fx_scrolling&quot;:&quot;yes&quot;,&quot;motion_fx_translateY_effect&quot;:&quot;yes&quot;,&quot;motion_fx_translateY_speed&quot;:{&quot;unit&quot;:&quot;px&quot;,&quot;size&quot;:2,&quot;sizes&quot;:[]},&quot;motion_fx_translateY_affectedRange&quot;:{&quot;unit&quot;:&quot;%&quot;,&quot;size&quot;:&quot;&quot;,&quot;sizes&quot;:{&quot;start&quot;:0,&quot;end&quot;:100}},&quot;motion_fx_devices&quot;:[&quot;desktop&quot;,&quot;tablet&quot;,&quot;mobile&quot;]}\">\n\t\t<div class=\"elementor-element elementor-element-b765c41 e-con-full e-flex e-con e-child\" data-id=\"b765c41\" data-element_type=\"container\" data-e-type=\"container\">\n\t\t\t\t<div class=\"elementor-element elementor-element-8ad1cac elementor-widget elementor-widget-heading\" data-id=\"8ad1cac\" data-element_type=\"widget\" data-e-type=\"widget\" data-widget_type=\"heading.default\">\n\t\t\t\t<div class=\"elementor-widget-container\">\n\t\t\t\t\t<span class=\"elementor-heading-title elementor-size-default\">Bad och spa<\/span>\t\t\t\t<\/div>\n\t\t\t\t<\/div>\n\t\t\t\t<div class=\"elementor-element elementor-element-a186733 elementor-widget elementor-widget-heading\" data-id=\"a186733\" data-element_type=\"widget\" data-e-type=\"widget\" data-widget_type=\"heading.default\">\n\t\t\t\t<div class=\"elementor-widget-container\">\n\t\t\t\t\t<h1 class=\"elementor-heading-title elementor-size-default\">Stolt leverant\u00f6r till en av Nordens st\u00f6rsta akt\u00f6rer inom bad &amp; spa<\/h1>\t\t\t\t<\/div>\n\t\t\t\t<\/div>\n\t\t\t\t<div class=\"elementor-element elementor-element-00c4c85 elementor-widget elementor-widget-text-editor\" data-id=\"00c4c85\" data-element_type=\"widget\" data-e-type=\"widget\" data-widget_type=\"text-editor.default\">\n\t\t\t\t<div class=\"elementor-widget-container\">\n\t\t\t\t\t\t\t\t\t<p>SI \u00e4r stolt leverant\u00f6r till EnviroProcess, Nordens ledande akt\u00f6r av spa- och badl\u00f6sningar. I mer \u00e4n ett decennium har vi f\u00e5tt f\u00f6rnyat f\u00f6rtroende att vidareutveckla och integrera l\u00f6sningar f\u00f6r energieffektiv styrning och kontroll av bad &amp; spaanl\u00e4ggningar.<\/p>\t\t\t\t\t\t\t\t<\/div>\n\t\t\t\t<\/div>\n\t\t\t\t<\/div>\n\t\t\t\t<\/div>\n\t\t\t\t\t<\/div>\n\t\t\t\t<\/div>\n\t\t<div class=\"elementor-element elementor-element-982ac3f e-grid e-con-full e-con e-parent\" data-id=\"982ac3f\" data-element_type=\"container\" data-e-type=\"container\">\n\t\t<div class=\"elementor-element elementor-element-c711374 e-flex e-con-boxed e-con e-child\" data-id=\"c711374\" data-element_type=\"container\" data-e-type=\"container\">\n\t\t\t\t\t<div class=\"e-con-inner\">\n\t\t<div class=\"elementor-element elementor-element-8eac11a e-con-full e-flex e-con e-child\" data-id=\"8eac11a\" data-element_type=\"container\" data-e-type=\"container\">\n\t\t\t\t<div class=\"elementor-element elementor-element-aaf88e3 elementor-widget elementor-widget-heading\" data-id=\"aaf88e3\" data-element_type=\"widget\" data-e-type=\"widget\" data-widget_type=\"heading.default\">\n\t\t\t\t<div class=\"elementor-widget-container\">\n\t\t\t\t\t<h2 class=\"elementor-heading-title elementor-size-default\">F\u00f6rvaltning och optimering f\u00f6r just dina behov<\/h2>\t\t\t\t<\/div>\n\t\t\t\t<\/div>\n\t\t\t\t<div class=\"elementor-element elementor-element-dfe9c69 elementor-widget elementor-widget-text-editor\" data-id=\"dfe9c69\" data-element_type=\"widget\" data-e-type=\"widget\" data-widget_type=\"text-editor.default\">\n\t\t\t\t<div class=\"elementor-widget-container\">\n\t\t\t\t\t\t\t\t\t<p>V\u00e5rt samarbete med EnviroProcess har p\u00e5g\u00e5tt i \u00e4ver 15 \u00e5r d\u00e4r vi tillsammans har utvecklat iCON \u2013 en mjukvara som visualiserar och ger full kontroll av anl\u00e4ggningens styrsystem. Tack vare iCON s\u00e4kras upplevelsen i hela norden f\u00f6r tusentals badg\u00e4ster varje dag samtidigt som vi sparar energi och milj\u00f6p\u00e5verkan.<\/p>\t\t\t\t\t\t\t\t<\/div>\n\t\t\t\t<\/div>\n\t\t\t\t<\/div>\n\t\t\t\t\t<\/div>\n\t\t\t\t<\/div>\n\t\t\t\t<div class=\"elementor-element elementor-element-32d9088 elementor-widget elementor-widget-image\" data-id=\"32d9088\" data-element_type=\"widget\" data-e-type=\"widget\" data-widget_type=\"image.default\">\n\t\t\t\t<div class=\"elementor-widget-container\">\n\t\t\t\t\t\t\t\t\t\t\t\t\t\t\t<img fetchpriority=\"high\" decoding=\"async\" width=\"800\" height=\"534\" src=\"https:\/\/wearesi.se\/wp-content\/uploads\/2026\/03\/Bad_Spa_1-1024x683.webp\" class=\"attachment-large size-large wp-image-20420\" alt=\"\" srcset=\"https:\/\/wearesi.se\/wp-content\/uploads\/2026\/03\/Bad_Spa_1-1024x683.webp 1024w, https:\/\/wearesi.se\/wp-content\/uploads\/2026\/03\/Bad_Spa_1-300x200.webp 300w, https:\/\/wearesi.se\/wp-content\/uploads\/2026\/03\/Bad_Spa_1-768x512.webp 768w, https:\/\/wearesi.se\/wp-content\/uploads\/2026\/03\/Bad_Spa_1-1536x1024.webp 1536w, https:\/\/wearesi.se\/wp-content\/uploads\/2026\/03\/Bad_Spa_1-18x12.webp 18w, https:\/\/wearesi.se\/wp-content\/uploads\/2026\/03\/Bad_Spa_1.webp 1920w\" sizes=\"(max-width: 800px) 100vw, 800px\" \/>\t\t\t\t\t\t\t\t\t\t\t\t\t\t\t<\/div>\n\t\t\t\t<\/div>\n\t\t\t\t<\/div>\n\t\t<div class=\"elementor-element elementor-element-69b5a93 e-grid e-con-boxed e-con e-parent\" data-id=\"69b5a93\" data-element_type=\"container\" data-e-type=\"container\" data-settings=\"{&quot;background_background&quot;:&quot;classic&quot;}\">\n\t\t\t\t\t<div class=\"e-con-inner\">\n\t\t<div class=\"elementor-element elementor-element-7a136d5 e-con-full e-flex e-con e-child\" data-id=\"7a136d5\" data-element_type=\"container\" data-e-type=\"container\">\n\t\t\t\t<div class=\"elementor-element elementor-element-64ff56f elementor-view-default elementor-widget elementor-widget-icon\" data-id=\"64ff56f\" data-element_type=\"widget\" data-e-type=\"widget\" data-widget_type=\"icon.default\">\n\t\t\t\t<div class=\"elementor-widget-container\">\n\t\t\t\t\t\t\t<div class=\"elementor-icon-wrapper\">\n\t\t\t<div class=\"elementor-icon\">\n\t\t\t<svg xmlns=\"http:\/\/www.w3.org\/2000\/svg\" height=\"24px\" viewBox=\"0 -960 960 960\" width=\"24px\" fill=\"#e3e3e3\"><path d=\"M0-160v-80h160v-40q-33 0-56.5-23.5T80-360v-400q0-33 23.5-56.5T160-840h640q33 0 56.5 23.5T880-760v400q0 33-23.5 56.5T800-280v40h160v80H0Zm160-200h640v-400H160v400Zm0 0v-400 400Z\"><\/path><\/svg>\t\t\t<\/div>\n\t\t<\/div>\n\t\t\t\t\t\t<\/div>\n\t\t\t\t<\/div>\n\t\t\t\t<div class=\"elementor-element elementor-element-c65e188 elementor-widget elementor-widget-heading\" data-id=\"c65e188\" data-element_type=\"widget\" data-e-type=\"widget\" data-widget_type=\"heading.default\">\n\t\t\t\t<div class=\"elementor-widget-container\">\n\t\t\t\t\t<h2 class=\"elementor-heading-title elementor-size-default\">iCON-plattformen<\/h2>\t\t\t\t<\/div>\n\t\t\t\t<\/div>\n\t\t\t\t<div class=\"elementor-element elementor-element-c53536c elementor-widget elementor-widget-text-editor\" data-id=\"c53536c\" data-element_type=\"widget\" data-e-type=\"widget\" data-widget_type=\"text-editor.default\">\n\t\t\t\t<div class=\"elementor-widget-container\">\n\t\t\t\t\t\t\t\t\t<div>iCON \u00e4r ett webbaserat system utvecklat f\u00f6r bad- och spaverksamheter. Med iCON kan ni \u00f6vervaka och styra alla era anl\u00e4ggningar i en och samma plattform \u2013 dygnet runt och oavsett var ni befinner er. Full kontroll \u00f6ver energi, hygienparametrar och driftstatus ger en s\u00e4krare och b\u00e4ttre kundupplvelse och en effektivare drift.<br \/><a href=\"https:\/\/enviroprocess.com\/product\/icon\" target=\"_blank\" rel=\"noopener\">L\u00e4s mer p\u00e5 EnviroProcess webbsida<\/a><\/div>\t\t\t\t\t\t\t\t<\/div>\n\t\t\t\t<\/div>\n\t\t\t\t<\/div>\n\t\t<div class=\"elementor-element elementor-element-c82f89b e-con-full e-flex e-con e-child\" data-id=\"c82f89b\" data-element_type=\"container\" data-e-type=\"container\">\n\t\t\t\t<div class=\"elementor-element elementor-element-d2fd259 elementor-view-default elementor-widget elementor-widget-icon\" data-id=\"d2fd259\" data-element_type=\"widget\" data-e-type=\"widget\" data-widget_type=\"icon.default\">\n\t\t\t\t<div class=\"elementor-widget-container\">\n\t\t\t\t\t\t\t<div class=\"elementor-icon-wrapper\">\n\t\t\t<div class=\"elementor-icon\">\n\t\t\t<svg xmlns=\"http:\/\/www.w3.org\/2000\/svg\" height=\"24px\" viewBox=\"0 -960 960 960\" width=\"24px\" fill=\"#e3e3e3\"><path d=\"m438-400 198-198-57-56-141 141-57-57-57 57 114 113ZM200-120v-640q0-33 23.5-56.5T280-840h400q33 0 56.5 23.5T760-760v640L480-240 200-120Zm80-122 200-86 200 86v-518H280v518Zm0-518h400-400Z\"><\/path><\/svg>\t\t\t<\/div>\n\t\t<\/div>\n\t\t\t\t\t\t<\/div>\n\t\t\t\t<\/div>\n\t\t\t\t<div class=\"elementor-element elementor-element-5fb74c8 elementor-widget elementor-widget-heading\" data-id=\"5fb74c8\" data-element_type=\"widget\" data-e-type=\"widget\" data-widget_type=\"heading.default\">\n\t\t\t\t<div class=\"elementor-widget-container\">\n\t\t\t\t\t<h2 class=\"elementor-heading-title elementor-size-default\">Bepr\u00f6vad av k\u00e4nda destinationer<\/h2>\t\t\t\t<\/div>\n\t\t\t\t<\/div>\n\t\t\t\t<div class=\"elementor-element elementor-element-0ba2e70 elementor-widget elementor-widget-text-editor\" data-id=\"0ba2e70\" data-element_type=\"widget\" data-e-type=\"widget\" data-widget_type=\"text-editor.default\">\n\t\t\t\t<div class=\"elementor-widget-container\">\n\t\t\t\t\t\t\t\t\t<p>iCON finns idag hos k\u00e4nda destinationer s\u00e5som Yasuragi i Stockholm, Experium i S\u00e4len, Pite\u00e5 havsbad, Fyri hotell i Norge och Karin Kampus i Finland och inte minst i det nya badhuset Oceana i G\u00f6teborg.<\/p>\t\t\t\t\t\t\t\t<\/div>\n\t\t\t\t<\/div>\n\t\t\t\t<\/div>\n\t\t<div class=\"elementor-element elementor-element-a7e4e00 e-con-full e-flex e-con e-child\" data-id=\"a7e4e00\" data-element_type=\"container\" data-e-type=\"container\">\n\t\t\t\t<div class=\"elementor-element elementor-element-5e6b52a elementor-view-default elementor-widget elementor-widget-icon\" data-id=\"5e6b52a\" data-element_type=\"widget\" data-e-type=\"widget\" data-widget_type=\"icon.default\">\n\t\t\t\t<div class=\"elementor-widget-container\">\n\t\t\t\t\t\t\t<div class=\"elementor-icon-wrapper\">\n\t\t\t<div class=\"elementor-icon\">\n\t\t\t<svg xmlns=\"http:\/\/www.w3.org\/2000\/svg\" height=\"24px\" viewBox=\"0 -960 960 960\" width=\"24px\" fill=\"#e3e3e3\"><path d=\"M550-280q20 0 39-8t33-22l39-39-42-42-39 39q-6 6-14 8.5t-16 2.5q-8 0-16-2.5t-14-8.5l-38-38q-14-14-33-21.5t-39-7.5q-20 0-39 7.5T338-390l-39 39 42 42 39-39q6-6 14-8.5t16-2.5q8 0 16 2.5t14 8.5l38 38q14 14 33 22t39 8Zm0-120q20 0 39-8t33-22l39-39-42-42-39 39q-6 6-14 8.5t-16 2.5q-8 0-16-2.5t-14-8.5l-38-38q-14-14-33-21.5t-39-7.5q-20 0-39 7.5T338-510l-39 39 42 42 39-39q6-6 14-8.5t16-2.5q8 0 16 2.5t14 8.5l38 38q14 14 33 22t39 8Zm0-120q20 0 39-8t33-22l39-39-42-42-39 39q-6 6-14 8.5t-16 2.5q-8 0-16-2.5t-14-8.5l-38-38q-14-14-33-21.5t-39-7.5q-20 0-39 7.5T338-630l-39 39 42 42 39-39q6-6 14-8.5t16-2.5q8 0 16 2.5t14 8.5l38 38q14 14 33 22t39 8ZM160-160v-480l320-240 320 240v480H160Zm80-80h480v-360L480-780 240-600v360Zm240-270Z\"><\/path><\/svg>\t\t\t<\/div>\n\t\t<\/div>\n\t\t\t\t\t\t<\/div>\n\t\t\t\t<\/div>\n\t\t\t\t<div class=\"elementor-element elementor-element-57fad95 elementor-widget elementor-widget-heading\" data-id=\"57fad95\" data-element_type=\"widget\" data-e-type=\"widget\" data-widget_type=\"heading.default\">\n\t\t\t\t<div class=\"elementor-widget-container\">\n\t\t\t\t\t<h2 class=\"elementor-heading-title elementor-size-default\">F\u00f6r sm\u00e5 och stora anl\u00e4ggningar<\/h2>\t\t\t\t<\/div>\n\t\t\t\t<\/div>\n\t\t\t\t<div class=\"elementor-element elementor-element-832e251 elementor-widget elementor-widget-text-editor\" data-id=\"832e251\" data-element_type=\"widget\" data-e-type=\"widget\" data-widget_type=\"text-editor.default\">\n\t\t\t\t<div class=\"elementor-widget-container\">\n\t\t\t\t\t\t\t\t\t<p>Vi har l\u00f6sningar f\u00f6r allt fr\u00e5n ett litet spa till stora badhus, simhallar och spa-anl\u00e4ggningar. Tveka inte att ta kontakt s\u00e5 ber\u00e4ttar vi mera om hur vi kan hj\u00e4lpa er!<\/p>\t\t\t\t\t\t\t\t<\/div>\n\t\t\t\t<\/div>\n\t\t\t\t<\/div>\n\t\t\t\t\t<\/div>\n\t\t\t\t<\/div>\n\t\t<div class=\"elementor-element elementor-element-495e0076 e-flex e-con-boxed e-con e-parent\" data-id=\"495e0076\" data-element_type=\"container\" data-e-type=\"container\" data-settings=\"{&quot;background_background&quot;:&quot;classic&quot;}\">\n\t\t\t\t\t<div class=\"e-con-inner\">\n\t\t\t\t<div class=\"elementor-element elementor-element-4949d801 elementor-widget elementor-widget-heading\" data-id=\"4949d801\" data-element_type=\"widget\" data-e-type=\"widget\" data-widget_type=\"heading.default\">\n\t\t\t\t<div class=\"elementor-widget-container\">\n\t\t\t\t\t<h2 class=\"elementor-heading-title elementor-size-default\">Jag vill veta mer om l\u00f6sningar inom <\/h2>\t\t\t\t<\/div>\n\t\t\t\t<\/div>\n\t\t\t\t<div class=\"elementor-element elementor-element-65e29f3b elementor-widget__width-initial elementor-widget elementor-widget-heading\" data-id=\"65e29f3b\" data-element_type=\"widget\" data-e-type=\"widget\" data-widget_type=\"heading.default\">\n\t\t\t\t<div class=\"elementor-widget-container\">\n\t\t\t\t\t<h2 class=\"elementor-heading-title elementor-size-default\">Bad och spa<\/h2>\t\t\t\t<\/div>\n\t\t\t\t<\/div>\n\t\t\t\t<div class=\"elementor-element elementor-element-34b573e0 elementor-widget elementor-widget-text-editor\" data-id=\"34b573e0\" data-element_type=\"widget\" data-e-type=\"widget\" data-widget_type=\"text-editor.default\">\n\t\t\t\t<div class=\"elementor-widget-container\">\n\t\t\t\t\t\t\t\t\t<p>Inom SI finns b\u00e5de bred och djup kunskap. V\u00e5rt fokus \u00e4r alltid att lyssna p\u00e5 v\u00e5ra kunder f\u00f6r att tillsammans hitta den b\u00e4sta l\u00f6sningen. Varmt v\u00e4lkomna att h\u00f6ra av er!<\/p>\t\t\t\t\t\t\t\t<\/div>\n\t\t\t\t<\/div>\n\t\t\t\t<div class=\"elementor-element elementor-element-2579e470 elementor-align-left elementor-widget elementor-widget-button\" data-id=\"2579e470\" data-element_type=\"widget\" data-e-type=\"widget\" data-widget_type=\"button.default\">\n\t\t\t\t<div class=\"elementor-widget-container\">\n\t\t\t\t\t\t\t\t\t<div class=\"elementor-button-wrapper\">\n\t\t\t\t\t<a class=\"elementor-button elementor-button-link elementor-size-sm\" href=\"#elementor-action%3Aaction%3Dpopup%3Aopen%26settings%3DeyJpZCI6IjIyOTYzIiwidG9nZ2xlIjpmYWxzZX0%3D\">\n\t\t\t\t\t\t<span class=\"elementor-button-content-wrapper\">\n\t\t\t\t\t\t\t\t\t<span class=\"elementor-button-text\">ta f\u00f6rsta steget<\/span>\n\t\t\t\t\t<\/span>\n\t\t\t\t\t<\/a>\n\t\t\t\t<\/div>\n\t\t\t\t\t\t\t\t<\/div>\n\t\t\t\t<\/div>\n\t\t\t\t\t<\/div>\n\t\t\t\t<\/div>\n\t\t\t\t<\/div>\n\t\t","protected":false},"excerpt":{"rendered":"<p>Bad och spa Stolt leverant\u00f6r till en av Nordens st\u00f6rsta akt\u00f6rer inom bad &amp; spa SI \u00e4r stolt leverant\u00f6r till EnviroProcess, Nordens ledande akt\u00f6r av spa- och badl\u00f6sningar. I mer \u00e4n ett decennium har vi f\u00e5tt f\u00f6rnyat f\u00f6rtroende att vidareutveckla och integrera l\u00f6sningar f\u00f6r energieffektiv styrning och kontroll av bad &amp; spaanl\u00e4ggningar. F\u00f6rvaltning och optimering [&hellip;]<\/p>\n","protected":false},"author":9,"featured_media":0,"parent":16405,"menu_order":0,"comment_status":"closed","ping_status":"closed","template":"","meta":{"_acf_changed":false,"footnotes":""},"class_list":["post-17536","page","type-page","status-publish","hentry"],"acf":[],"_links":{"self":[{"href":"https:\/\/wearesi.se\/en\/wp-json\/wp\/v2\/pages\/17536","targetHints":{"allow":["GET"]}}],"collection":[{"href":"https:\/\/wearesi.se\/en\/wp-json\/wp\/v2\/pages"}],"about":[{"href":"https:\/\/wearesi.se\/en\/wp-json\/wp\/v2\/types\/page"}],"author":[{"embeddable":true,"href":"https:\/\/wearesi.se\/en\/wp-json\/wp\/v2\/users\/9"}],"replies":[{"embeddable":true,"href":"https:\/\/wearesi.se\/en\/wp-json\/wp\/v2\/comments?post=17536"}],"version-history":[{"count":58,"href":"https:\/\/wearesi.se\/en\/wp-json\/wp\/v2\/pages\/17536\/revisions"}],"predecessor-version":[{"id":23128,"href":"https:\/\/wearesi.se\/en\/wp-json\/wp\/v2\/pages\/17536\/revisions\/23128"}],"up":[{"embeddable":true,"href":"https:\/\/wearesi.se\/en\/wp-json\/wp\/v2\/pages\/16405"}],"wp:attachment":[{"href":"https:\/\/wearesi.se\/en\/wp-json\/wp\/v2\/media?parent=17536"}],"curies":[{"name":"wp","href":"https:\/\/api.w.org\/{rel}","templated":true}]}}