{"id":16591,"date":"2025-10-01T18:47:15","date_gmt":"2025-10-01T16:47:15","guid":{"rendered":"https:\/\/wearesi.se\/?page_id=16591"},"modified":"2026-04-14T12:29:02","modified_gmt":"2026-04-14T10:29:02","slug":"energi","status":"publish","type":"page","link":"https:\/\/wearesi.se\/en\/tjanster\/energi","title":{"rendered":"SI &#8211; Energi"},"content":{"rendered":"\t\t<div data-elementor-type=\"wp-page\" data-elementor-id=\"16591\" class=\"elementor elementor-16591\" data-elementor-post-type=\"page\">\n\t\t\t\t<div class=\"elementor-element elementor-element-e41bb04 e-flex e-con-boxed e-con e-parent\" data-id=\"e41bb04\" data-element_type=\"container\" data-e-type=\"container\" data-settings=\"{&quot;background_background&quot;:&quot;classic&quot;}\">\n\t\t\t\t\t<div class=\"e-con-inner\">\n\t\t<div class=\"elementor-element elementor-element-5f5cac3 e-con-full e-grid e-con e-child\" data-id=\"5f5cac3\" data-element_type=\"container\" data-e-type=\"container\" data-settings=\"{&quot;motion_fx_motion_fx_scrolling&quot;:&quot;yes&quot;,&quot;motion_fx_translateY_effect&quot;:&quot;yes&quot;,&quot;motion_fx_translateY_speed&quot;:{&quot;unit&quot;:&quot;px&quot;,&quot;size&quot;:2,&quot;sizes&quot;:[]},&quot;motion_fx_translateY_affectedRange&quot;:{&quot;unit&quot;:&quot;%&quot;,&quot;size&quot;:&quot;&quot;,&quot;sizes&quot;:{&quot;start&quot;:0,&quot;end&quot;:100}},&quot;motion_fx_devices&quot;:[&quot;desktop&quot;,&quot;tablet&quot;,&quot;mobile&quot;]}\">\n\t\t<div class=\"elementor-element elementor-element-b765c41 e-con-full e-flex e-con e-child\" data-id=\"b765c41\" data-element_type=\"container\" data-e-type=\"container\">\n\t\t\t\t<div class=\"elementor-element elementor-element-8ad1cac elementor-widget elementor-widget-heading\" data-id=\"8ad1cac\" data-element_type=\"widget\" data-e-type=\"widget\" data-widget_type=\"heading.default\">\n\t\t\t\t<div class=\"elementor-widget-container\">\n\t\t\t\t\t<span class=\"elementor-heading-title elementor-size-default\">Energi<\/span>\t\t\t\t<\/div>\n\t\t\t\t<\/div>\n\t\t\t\t<div class=\"elementor-element elementor-element-a186733 elementor-widget elementor-widget-heading\" data-id=\"a186733\" data-element_type=\"widget\" data-e-type=\"widget\" data-widget_type=\"heading.default\">\n\t\t\t\t<div class=\"elementor-widget-container\">\n\t\t\t\t\t<h1 class=\"elementor-heading-title elementor-size-default\">Energitj\u00e4nster f\u00f6r n\u00e4sta generations energieffektiva v\u00e4rld<\/h1>\t\t\t\t<\/div>\n\t\t\t\t<\/div>\n\t\t\t\t<div class=\"elementor-element elementor-element-00c4c85 elementor-widget elementor-widget-text-editor\" data-id=\"00c4c85\" data-element_type=\"widget\" data-e-type=\"widget\" data-widget_type=\"text-editor.default\">\n\t\t\t\t<div class=\"elementor-widget-container\">\n\t\t\t\t\t\t\t\t\t<p>V\u00e5ra energiingenj\u00f6rer har djup och bred erfarenhet av att identifiera l\u00f6sningar som g\u00f6r skillnad.\u00a0<span data-teams=\"true\">Vi \u00e4r vana att arbeta med befintlig infrastruktur och system, oavsett om vi sj\u00e4lva har levererat styrentreprenaden eller inte. <\/span><span data-teams=\"true\">V\u00e5rt m\u00e5l \u00e4r att skapa l\u00f6sningar som ger l\u00e5ngsiktiga energivinster som st\u00e4rker b\u00e5de ekonomi och h\u00e5llbarhet.<\/span><\/p><p>Grunden i v\u00e5ra energitj\u00e4nster \u00e4r att hitta och presentera f\u00f6rb\u00e4ttringspotential men vi kan \u00e4ven s\u00e4kerst\u00e4lla att de faktiskt utf\u00f6rs &#8211; det \u00e4r f\u00f6rst d\u00e5 verkligt v\u00e4rde uppst\u00e5r.<\/p>\t\t\t\t\t\t\t\t<\/div>\n\t\t\t\t<\/div>\n\t\t\t\t<\/div>\n\t\t\t\t<\/div>\n\t\t\t\t\t<\/div>\n\t\t\t\t<\/div>\n\t\t<div class=\"elementor-element elementor-element-ade4a70 e-grid e-con-full e-con e-parent\" data-id=\"ade4a70\" data-element_type=\"container\" data-e-type=\"container\" id=\"energiutredning\">\n\t\t<div class=\"elementor-element elementor-element-a72b748 e-flex e-con-boxed e-con e-child\" data-id=\"a72b748\" data-element_type=\"container\" data-e-type=\"container\">\n\t\t\t\t\t<div class=\"e-con-inner\">\n\t\t<div class=\"elementor-element elementor-element-a32ee35 e-con-full e-flex e-con e-child\" data-id=\"a32ee35\" data-element_type=\"container\" data-e-type=\"container\">\n\t\t\t\t<div class=\"elementor-element elementor-element-335faa6 elementor-widget elementor-widget-heading\" data-id=\"335faa6\" data-element_type=\"widget\" data-e-type=\"widget\" data-widget_type=\"heading.default\">\n\t\t\t\t<div class=\"elementor-widget-container\">\n\t\t\t\t\t<span class=\"elementor-heading-title elementor-size-default\">Energiutredning<\/span>\t\t\t\t<\/div>\n\t\t\t\t<\/div>\n\t\t\t\t<div class=\"elementor-element elementor-element-936e3c0 elementor-widget elementor-widget-heading\" data-id=\"936e3c0\" data-element_type=\"widget\" data-e-type=\"widget\" data-widget_type=\"heading.default\">\n\t\t\t\t<div class=\"elementor-widget-container\">\n\t\t\t\t\t<h2 class=\"elementor-heading-title elementor-size-default\">Skr\u00e4ddarsydd analys f\u00f6r smartare energil\u00f6sningar<\/h2>\t\t\t\t<\/div>\n\t\t\t\t<\/div>\n\t\t\t\t<div class=\"elementor-element elementor-element-90fdd66 elementor-widget elementor-widget-text-editor\" data-id=\"90fdd66\" data-element_type=\"widget\" data-e-type=\"widget\" data-widget_type=\"text-editor.default\">\n\t\t\t\t<div class=\"elementor-widget-container\">\n\t\t\t\t\t\t\t\t\t<p>En energiutredning \u00e4r en f\u00f6rdjupad analys av ett specifikt omr\u00e5de inom energianv\u00e4ndningen, helt utan formella krav. Utredningen utformas i dialog med kunden och anpassas efter verksamhetens behov. Det kan handla om att analysera effekttoppar, utv\u00e4rdera byte av ventilationssystem eller optimera v\u00e4rmeanv\u00e4ndning. En energiutredning \u00e4r helt flexibel \u2013 vi fokuserar p\u00e5 det som ger st\u00f6rst nytta f\u00f6r just din verksamhet.\u00a0<\/p>\t\t\t\t\t\t\t\t<\/div>\n\t\t\t\t<\/div>\n\t\t\t\t<\/div>\n\t\t\t\t\t<\/div>\n\t\t\t\t<\/div>\n\t\t\t\t<div class=\"elementor-element elementor-element-703b9ee elementor-widget elementor-widget-image\" data-id=\"703b9ee\" data-element_type=\"widget\" data-e-type=\"widget\" data-widget_type=\"image.default\">\n\t\t\t\t<div class=\"elementor-widget-container\">\n\t\t\t\t\t\t\t\t\t\t\t\t\t\t\t<img fetchpriority=\"high\" decoding=\"async\" width=\"800\" height=\"534\" src=\"https:\/\/wearesi.se\/wp-content\/uploads\/2026\/03\/IL_6489-1024x683.webp\" class=\"attachment-large size-large wp-image-20212\" alt=\"\" srcset=\"https:\/\/wearesi.se\/wp-content\/uploads\/2026\/03\/IL_6489-1024x683.webp 1024w, https:\/\/wearesi.se\/wp-content\/uploads\/2026\/03\/IL_6489-300x200.webp 300w, https:\/\/wearesi.se\/wp-content\/uploads\/2026\/03\/IL_6489-768x512.webp 768w, https:\/\/wearesi.se\/wp-content\/uploads\/2026\/03\/IL_6489-1536x1024.webp 1536w, https:\/\/wearesi.se\/wp-content\/uploads\/2026\/03\/IL_6489-2048x1366.webp 2048w, https:\/\/wearesi.se\/wp-content\/uploads\/2026\/03\/IL_6489-18x12.webp 18w\" sizes=\"(max-width: 800px) 100vw, 800px\" \/>\t\t\t\t\t\t\t\t\t\t\t\t\t\t\t<\/div>\n\t\t\t\t<\/div>\n\t\t\t\t<\/div>\n\t\t<div class=\"elementor-element elementor-element-886200d e-grid e-con-full e-con e-parent\" data-id=\"886200d\" data-element_type=\"container\" data-e-type=\"container\" id=\"energideklaration\">\n\t\t\t\t<div class=\"elementor-element elementor-element-e05d467 elementor-widget elementor-widget-image\" data-id=\"e05d467\" data-element_type=\"widget\" data-e-type=\"widget\" data-widget_type=\"image.default\">\n\t\t\t\t<div class=\"elementor-widget-container\">\n\t\t\t\t\t\t\t\t\t\t\t\t\t\t\t<img decoding=\"async\" width=\"800\" height=\"534\" src=\"https:\/\/wearesi.se\/wp-content\/uploads\/2026\/03\/Boverket-2-1024x683.webp\" class=\"attachment-large size-large wp-image-21476\" alt=\"\" srcset=\"https:\/\/wearesi.se\/wp-content\/uploads\/2026\/03\/Boverket-2-1024x683.webp 1024w, https:\/\/wearesi.se\/wp-content\/uploads\/2026\/03\/Boverket-2-300x200.webp 300w, https:\/\/wearesi.se\/wp-content\/uploads\/2026\/03\/Boverket-2-768x512.webp 768w, https:\/\/wearesi.se\/wp-content\/uploads\/2026\/03\/Boverket-2-1536x1024.webp 1536w, https:\/\/wearesi.se\/wp-content\/uploads\/2026\/03\/Boverket-2-18x12.webp 18w, https:\/\/wearesi.se\/wp-content\/uploads\/2026\/03\/Boverket-2.webp 1920w\" sizes=\"(max-width: 800px) 100vw, 800px\" \/>\t\t\t\t\t\t\t\t\t\t\t\t\t\t\t<\/div>\n\t\t\t\t<\/div>\n\t\t<div class=\"elementor-element elementor-element-33b4689 e-flex e-con-boxed e-con e-child\" data-id=\"33b4689\" data-element_type=\"container\" data-e-type=\"container\">\n\t\t\t\t\t<div class=\"e-con-inner\">\n\t\t<div class=\"elementor-element elementor-element-dc6ba63 e-con-full e-flex e-con e-child\" data-id=\"dc6ba63\" data-element_type=\"container\" data-e-type=\"container\">\n\t\t\t\t<div class=\"elementor-element elementor-element-8a0fcb9 elementor-widget elementor-widget-heading\" data-id=\"8a0fcb9\" data-element_type=\"widget\" data-e-type=\"widget\" data-widget_type=\"heading.default\">\n\t\t\t\t<div class=\"elementor-widget-container\">\n\t\t\t\t\t<span class=\"elementor-heading-title elementor-size-default\">Energideklaration<\/span>\t\t\t\t<\/div>\n\t\t\t\t<\/div>\n\t\t\t\t<div class=\"elementor-element elementor-element-b3ef4ac elementor-widget elementor-widget-heading\" data-id=\"b3ef4ac\" data-element_type=\"widget\" data-e-type=\"widget\" data-widget_type=\"heading.default\">\n\t\t\t\t<div class=\"elementor-widget-container\">\n\t\t\t\t\t<h2 class=\"elementor-heading-title elementor-size-default\">En lagstadgad \u00f6versikt av byggnadens energiprestanda<\/h2>\t\t\t\t<\/div>\n\t\t\t\t<\/div>\n\t\t\t\t<div class=\"elementor-element elementor-element-6bcb750 elementor-widget elementor-widget-text-editor\" data-id=\"6bcb750\" data-element_type=\"widget\" data-e-type=\"widget\" data-widget_type=\"text-editor.default\">\n\t\t\t\t<div class=\"elementor-widget-container\">\n\t\t\t\t\t\t\t\t\t<p>Energideklarationen \u00e4r ett lagkrav som ger en tydlig bild av fastighetens energiklass och energiprestanda. Den tas fram av certifierade energiexperter och rapporteras till Boverket. Deklarationen visar hur energieffektiv byggnaden \u00e4r och ger f\u00f6rslag p\u00e5 \u00e5tg\u00e4rder som kan s\u00e4nka driftkostnader och st\u00e4rka milj\u00f6prestandan.<\/p><div><p>Med sk\u00e4rpta EU\u2011krav enligt EPBD-direktivet blir energideklarationen ett allt viktigare verktyg, inte bara f\u00f6r att uppfylla lagstiftningen, utan f\u00f6r att utveckla och framtidss\u00e4kra fastigheten. Banker och finansi\u00e4rer v\u00e4ger i dag in energiklass i sina kreditbed\u00f6mningar. Fastigheter med god energiprestanda kan f\u00e5 b\u00e4ttre villkor och h\u00f6gre marknadsv\u00e4rden.<\/p><\/div>\t\t\t\t\t\t\t\t<\/div>\n\t\t\t\t<\/div>\n\t\t\t\t<\/div>\n\t\t\t\t\t<\/div>\n\t\t\t\t<\/div>\n\t\t\t\t<\/div>\n\t\t<div class=\"elementor-element elementor-element-f0bb4ae e-grid e-con-full e-con e-parent\" data-id=\"f0bb4ae\" data-element_type=\"container\" data-e-type=\"container\" id=\"energikartlaggning\">\n\t\t<div class=\"elementor-element elementor-element-79bfb41 e-flex e-con-boxed e-con e-child\" data-id=\"79bfb41\" data-element_type=\"container\" data-e-type=\"container\">\n\t\t\t\t\t<div class=\"e-con-inner\">\n\t\t<div class=\"elementor-element elementor-element-8a61600 e-con-full e-flex e-con e-child\" data-id=\"8a61600\" data-element_type=\"container\" data-e-type=\"container\">\n\t\t\t\t<div class=\"elementor-element elementor-element-b54f6ab elementor-widget elementor-widget-heading\" data-id=\"b54f6ab\" data-element_type=\"widget\" data-e-type=\"widget\" data-widget_type=\"heading.default\">\n\t\t\t\t<div class=\"elementor-widget-container\">\n\t\t\t\t\t<span class=\"elementor-heading-title elementor-size-default\">Energikartl\u00e4ggning<\/span>\t\t\t\t<\/div>\n\t\t\t\t<\/div>\n\t\t\t\t<div class=\"elementor-element elementor-element-57008e7 elementor-widget elementor-widget-heading\" data-id=\"57008e7\" data-element_type=\"widget\" data-e-type=\"widget\" data-widget_type=\"heading.default\">\n\t\t\t\t<div class=\"elementor-widget-container\">\n\t\t\t\t\t<h2 class=\"elementor-heading-title elementor-size-default\">Nyckeln till effektivare och mer h\u00e5llbar energianv\u00e4ndning<\/h2>\t\t\t\t<\/div>\n\t\t\t\t<\/div>\n\t\t\t\t<div class=\"elementor-element elementor-element-5384df6 elementor-widget elementor-widget-text-editor\" data-id=\"5384df6\" data-element_type=\"widget\" data-e-type=\"widget\" data-widget_type=\"text-editor.default\">\n\t\t\t\t<div class=\"elementor-widget-container\">\n\t\t\t\t\t\t\t\t\t<p>En energikartl\u00e4ggning ger en klar bild av hur energin anv\u00e4nds i byggnaden eller verksamheten och visar var det finns potential att spara. Genom datainsamling, analys och platsbes\u00f6k identifierar vi energif\u00f6rluster, ineffektivitet och konkreta f\u00f6rb\u00e4ttrings\u00e5tg\u00e4rder. Resultatet sammanst\u00e4lls i en tydlig rapport med nul\u00e4gesanalys och rekommendationer.<\/p><div><p>Stora f\u00f6retag omfattas av lagen om energikartl\u00e4ggning (EKL) och m\u00e5ste genomf\u00f6ra en kartl\u00e4ggning vart fj\u00e4rde \u00e5r via certifierad energikartl\u00e4ggare. Men \u00e4ven sm\u00e5 och medelstora f\u00f6retag har mycket att vinna \u2013 ofta med m\u00f6jlighet till ekonomiskt st\u00f6d fr\u00e5n Energimyndigheten eller regionala energikontor. En kartl\u00e4ggning ger ett tryggt beslutsunderlag som minskar kostnader, s\u00e4nker milj\u00f6p\u00e5verkan och st\u00e4rker verksamhetens h\u00e5llbarhet.<\/p><\/div>\t\t\t\t\t\t\t\t<\/div>\n\t\t\t\t<\/div>\n\t\t\t\t<\/div>\n\t\t\t\t\t<\/div>\n\t\t\t\t<\/div>\n\t\t\t\t<div class=\"elementor-element elementor-element-f1ca6ac elementor-widget elementor-widget-image\" data-id=\"f1ca6ac\" data-element_type=\"widget\" data-e-type=\"widget\" data-widget_type=\"image.default\">\n\t\t\t\t<div class=\"elementor-widget-container\">\n\t\t\t\t\t\t\t\t\t\t\t\t\t\t\t<img decoding=\"async\" width=\"800\" height=\"534\" src=\"https:\/\/wearesi.se\/wp-content\/uploads\/2026\/03\/Manniska-styrskap-1-1024x683.webp\" class=\"attachment-large size-large wp-image-21470\" alt=\"\" srcset=\"https:\/\/wearesi.se\/wp-content\/uploads\/2026\/03\/Manniska-styrskap-1-1024x683.webp 1024w, https:\/\/wearesi.se\/wp-content\/uploads\/2026\/03\/Manniska-styrskap-1-300x200.webp 300w, https:\/\/wearesi.se\/wp-content\/uploads\/2026\/03\/Manniska-styrskap-1-768x512.webp 768w, https:\/\/wearesi.se\/wp-content\/uploads\/2026\/03\/Manniska-styrskap-1-1536x1024.webp 1536w, https:\/\/wearesi.se\/wp-content\/uploads\/2026\/03\/Manniska-styrskap-1-2048x1365.webp 2048w, https:\/\/wearesi.se\/wp-content\/uploads\/2026\/03\/Manniska-styrskap-1-18x12.webp 18w\" sizes=\"(max-width: 800px) 100vw, 800px\" \/>\t\t\t\t\t\t\t\t\t\t\t\t\t\t\t<\/div>\n\t\t\t\t<\/div>\n\t\t\t\t<\/div>\n\t\t<div class=\"elementor-element elementor-element-10b6efaf e-grid e-con-full e-con e-parent\" data-id=\"10b6efaf\" data-element_type=\"container\" data-e-type=\"container\" id=\"energiuppfoljning\">\n\t\t\t\t<div class=\"elementor-element elementor-element-6d5bd574 elementor-widget elementor-widget-image\" data-id=\"6d5bd574\" data-element_type=\"widget\" data-e-type=\"widget\" data-widget_type=\"image.default\">\n\t\t\t\t<div class=\"elementor-widget-container\">\n\t\t\t\t\t\t\t\t\t\t\t\t\t\t\t<img loading=\"lazy\" decoding=\"async\" width=\"800\" height=\"534\" src=\"https:\/\/wearesi.se\/wp-content\/uploads\/2026\/03\/VA_2-1024x683.webp\" class=\"attachment-large size-large wp-image-20412\" alt=\"\" srcset=\"https:\/\/wearesi.se\/wp-content\/uploads\/2026\/03\/VA_2-1024x683.webp 1024w, https:\/\/wearesi.se\/wp-content\/uploads\/2026\/03\/VA_2-300x200.webp 300w, https:\/\/wearesi.se\/wp-content\/uploads\/2026\/03\/VA_2-768x512.webp 768w, https:\/\/wearesi.se\/wp-content\/uploads\/2026\/03\/VA_2-1536x1024.webp 1536w, https:\/\/wearesi.se\/wp-content\/uploads\/2026\/03\/VA_2-18x12.webp 18w, https:\/\/wearesi.se\/wp-content\/uploads\/2026\/03\/VA_2.webp 1920w\" sizes=\"(max-width: 800px) 100vw, 800px\" \/>\t\t\t\t\t\t\t\t\t\t\t\t\t\t\t<\/div>\n\t\t\t\t<\/div>\n\t\t<div class=\"elementor-element elementor-element-61a535af e-flex e-con-boxed e-con e-child\" data-id=\"61a535af\" data-element_type=\"container\" data-e-type=\"container\">\n\t\t\t\t\t<div class=\"e-con-inner\">\n\t\t<div class=\"elementor-element elementor-element-7562455f e-con-full e-flex e-con e-child\" data-id=\"7562455f\" data-element_type=\"container\" data-e-type=\"container\">\n\t\t\t\t<div class=\"elementor-element elementor-element-291127e elementor-widget elementor-widget-heading\" data-id=\"291127e\" data-element_type=\"widget\" data-e-type=\"widget\" data-widget_type=\"heading.default\">\n\t\t\t\t<div class=\"elementor-widget-container\">\n\t\t\t\t\t<span class=\"elementor-heading-title elementor-size-default\">Energiuppf\u00f6ljning<\/span>\t\t\t\t<\/div>\n\t\t\t\t<\/div>\n\t\t\t\t<div class=\"elementor-element elementor-element-b1c89ca elementor-widget elementor-widget-heading\" data-id=\"b1c89ca\" data-element_type=\"widget\" data-e-type=\"widget\" data-widget_type=\"heading.default\">\n\t\t\t\t<div class=\"elementor-widget-container\">\n\t\t\t\t\t<h2 class=\"elementor-heading-title elementor-size-default\">Kontroll, prioritera r\u00e4tt<\/h2>\t\t\t\t<\/div>\n\t\t\t\t<\/div>\n\t\t\t\t<div class=\"elementor-element elementor-element-33ddabd elementor-widget elementor-widget-text-editor\" data-id=\"33ddabd\" data-element_type=\"widget\" data-e-type=\"widget\" data-widget_type=\"text-editor.default\">\n\t\t\t\t<div class=\"elementor-widget-container\">\n\t\t\t\t\t\t\t\t\t<p>Systematisk energiuppf\u00f6ljning \u00e4r en effektiv v\u00e4g till l\u00e4gre energianv\u00e4ndning och b\u00e4ttre l\u00f6nsamhet. Vi samlar in, analyserar och visualiserar energidata s\u00e5 att du snabbt ser f\u00f6rbrukning, avvikelser och m\u00f6jliga f\u00f6rb\u00e4ttringar.<\/p><div><p>Genom tydliga rapporter, nyckeltal och rekommendationer baserade p\u00e5 faktiska m\u00e4tv\u00e4rden har du m\u00f6jligheten att fatta datadrivna beslut. Vi kan f\u00f6lja upp \u00e5tg\u00e4rder och se faktisk effekt \u00f6ver tid.<\/p><p>Vi g\u00f6r energidatan begriplig och direkt anv\u00e4ndbar \u2013 b\u00e5de f\u00f6r den dagliga driften och ledningsarbetet.<\/p><\/div>\t\t\t\t\t\t\t\t<\/div>\n\t\t\t\t<\/div>\n\t\t\t\t<\/div>\n\t\t\t\t\t<\/div>\n\t\t\t\t<\/div>\n\t\t\t\t<\/div>\n\t\t<div class=\"elementor-element elementor-element-2d4e2ee7 e-grid e-con-full e-con e-parent\" data-id=\"2d4e2ee7\" data-element_type=\"container\" data-e-type=\"container\" id=\"matplan\">\n\t\t<div class=\"elementor-element elementor-element-999461f e-flex e-con-boxed e-con e-child\" data-id=\"999461f\" data-element_type=\"container\" data-e-type=\"container\">\n\t\t\t\t\t<div class=\"e-con-inner\">\n\t\t<div class=\"elementor-element elementor-element-3fb94a0a e-con-full e-flex e-con e-child\" data-id=\"3fb94a0a\" data-element_type=\"container\" data-e-type=\"container\">\n\t\t\t\t<div class=\"elementor-element elementor-element-3065765 elementor-widget elementor-widget-heading\" data-id=\"3065765\" data-element_type=\"widget\" data-e-type=\"widget\" data-widget_type=\"heading.default\">\n\t\t\t\t<div class=\"elementor-widget-container\">\n\t\t\t\t\t<span class=\"elementor-heading-title elementor-size-default\">M\u00e4tplan<\/span>\t\t\t\t<\/div>\n\t\t\t\t<\/div>\n\t\t\t\t<div class=\"elementor-element elementor-element-98d7075 elementor-widget elementor-widget-heading\" data-id=\"98d7075\" data-element_type=\"widget\" data-e-type=\"widget\" data-widget_type=\"heading.default\">\n\t\t\t\t<div class=\"elementor-widget-container\">\n\t\t\t\t\t<h2 class=\"elementor-heading-title elementor-size-default\">G\u00f6r energiarbetet enklare med r\u00e4tt m\u00e4tplan<\/h2>\t\t\t\t<\/div>\n\t\t\t\t<\/div>\n\t\t\t\t<div class=\"elementor-element elementor-element-022bfb6 elementor-widget elementor-widget-text-editor\" data-id=\"022bfb6\" data-element_type=\"widget\" data-e-type=\"widget\" data-widget_type=\"text-editor.default\">\n\t\t\t\t<div class=\"elementor-widget-container\">\n\t\t\t\t\t\t\t\t\t<p>En m\u00e4tplan l\u00e4gger grunden f\u00f6r tillf\u00f6rlitlig energim\u00e4tning. Den visar vilka v\u00e4rden som ska m\u00e4tas och var m\u00e4tutrustningen ska placeras f\u00f6r att ge ett tydligt underlag. Ofta visualiseras resultatet i ett stigarschema som visar hur energin kommer in, f\u00f6rdelas och anv\u00e4nds i byggnaden.<\/p><div><p>Vi anpassar varje m\u00e4tplan efter projektets krav, exempelvis vid certifieringar som Milj\u00f6byggnad. M\u00e5let \u00e4r alltid en praktisk, sp\u00e5rbar och h\u00e5llbar struktur som ger tydliga insikter och g\u00f6r det enklare att f\u00f6lja upp, styra och fatta r\u00e4tt beslut kring drift och energieffektivisering.<\/p><\/div>\t\t\t\t\t\t\t\t<\/div>\n\t\t\t\t<\/div>\n\t\t\t\t<\/div>\n\t\t\t\t\t<\/div>\n\t\t\t\t<\/div>\n\t\t\t\t<div class=\"elementor-element elementor-element-63e3a81a elementor-widget elementor-widget-image\" data-id=\"63e3a81a\" data-element_type=\"widget\" data-e-type=\"widget\" data-widget_type=\"image.default\">\n\t\t\t\t<div class=\"elementor-widget-container\">\n\t\t\t\t\t\t\t\t\t\t\t\t\t\t\t<img loading=\"lazy\" decoding=\"async\" width=\"800\" height=\"534\" src=\"https:\/\/wearesi.se\/wp-content\/uploads\/2026\/03\/Driftrum-1024x683.webp\" class=\"attachment-large size-large wp-image-21480\" alt=\"\" srcset=\"https:\/\/wearesi.se\/wp-content\/uploads\/2026\/03\/Driftrum-1024x683.webp 1024w, https:\/\/wearesi.se\/wp-content\/uploads\/2026\/03\/Driftrum-300x200.webp 300w, https:\/\/wearesi.se\/wp-content\/uploads\/2026\/03\/Driftrum-768x512.webp 768w, https:\/\/wearesi.se\/wp-content\/uploads\/2026\/03\/Driftrum-1536x1024.webp 1536w, https:\/\/wearesi.se\/wp-content\/uploads\/2026\/03\/Driftrum-2048x1365.webp 2048w, https:\/\/wearesi.se\/wp-content\/uploads\/2026\/03\/Driftrum-18x12.webp 18w\" sizes=\"(max-width: 800px) 100vw, 800px\" \/>\t\t\t\t\t\t\t\t\t\t\t\t\t\t\t<\/div>\n\t\t\t\t<\/div>\n\t\t\t\t<\/div>\n\t\t<div class=\"elementor-element elementor-element-4579c12 e-flex e-con-boxed e-con e-parent\" data-id=\"4579c12\" data-element_type=\"container\" data-e-type=\"container\" data-settings=\"{&quot;background_background&quot;:&quot;classic&quot;}\">\n\t\t\t\t\t<div class=\"e-con-inner\">\n\t\t\t\t<div class=\"elementor-element elementor-element-37f6458 elementor-widget elementor-widget-heading\" data-id=\"37f6458\" data-element_type=\"widget\" data-e-type=\"widget\" data-widget_type=\"heading.default\">\n\t\t\t\t<div class=\"elementor-widget-container\">\n\t\t\t\t\t<h2 class=\"elementor-heading-title elementor-size-default\">Jag vill veta mer om l\u00f6sningar inom <\/h2>\t\t\t\t<\/div>\n\t\t\t\t<\/div>\n\t\t\t\t<div class=\"elementor-element elementor-element-b755f32 elementor-widget__width-initial elementor-widget elementor-widget-heading\" data-id=\"b755f32\" data-element_type=\"widget\" data-e-type=\"widget\" data-widget_type=\"heading.default\">\n\t\t\t\t<div class=\"elementor-widget-container\">\n\t\t\t\t\t<h2 class=\"elementor-heading-title elementor-size-default\">Energi<\/h2>\t\t\t\t<\/div>\n\t\t\t\t<\/div>\n\t\t\t\t<div class=\"elementor-element elementor-element-51f03f4 elementor-widget elementor-widget-text-editor\" data-id=\"51f03f4\" data-element_type=\"widget\" data-e-type=\"widget\" data-widget_type=\"text-editor.default\">\n\t\t\t\t<div class=\"elementor-widget-container\">\n\t\t\t\t\t\t\t\t\t<p>Inom SI finns b\u00e5de bred och djup kunskap. V\u00e5rt fokus \u00e4r alltid att lyssna p\u00e5 v\u00e5ra kunder f\u00f6r att tillsammans hitta den b\u00e4sta l\u00f6sningen. Varmt v\u00e4lkomna att h\u00f6ra av er!<\/p>\t\t\t\t\t\t\t\t<\/div>\n\t\t\t\t<\/div>\n\t\t\t\t<div class=\"elementor-element elementor-element-44a47b4 elementor-align-left elementor-widget elementor-widget-button\" data-id=\"44a47b4\" data-element_type=\"widget\" data-e-type=\"widget\" data-widget_type=\"button.default\">\n\t\t\t\t<div class=\"elementor-widget-container\">\n\t\t\t\t\t\t\t\t\t<div class=\"elementor-button-wrapper\">\n\t\t\t\t\t<a class=\"elementor-button elementor-button-link elementor-size-sm\" href=\"#elementor-action%3Aaction%3Dpopup%3Aopen%26settings%3DeyJpZCI6IjIyOTYzIiwidG9nZ2xlIjpmYWxzZX0%3D\">\n\t\t\t\t\t\t<span class=\"elementor-button-content-wrapper\">\n\t\t\t\t\t\t\t\t\t<span class=\"elementor-button-text\">ta f\u00f6rsta steget<\/span>\n\t\t\t\t\t<\/span>\n\t\t\t\t\t<\/a>\n\t\t\t\t<\/div>\n\t\t\t\t\t\t\t\t<\/div>\n\t\t\t\t<\/div>\n\t\t\t\t\t<\/div>\n\t\t\t\t<\/div>\n\t\t\t\t<\/div>\n\t\t","protected":false},"excerpt":{"rendered":"<p>Energi Energitj\u00e4nster f\u00f6r n\u00e4sta generations energieffektiva v\u00e4rld V\u00e5ra energiingenj\u00f6rer har djup och bred erfarenhet av att identifiera l\u00f6sningar som g\u00f6r skillnad.\u00a0Vi \u00e4r vana att arbeta med befintlig infrastruktur och system, oavsett om vi sj\u00e4lva har levererat styrentreprenaden eller inte. V\u00e5rt m\u00e5l \u00e4r att skapa l\u00f6sningar som ger l\u00e5ngsiktiga energivinster som st\u00e4rker b\u00e5de ekonomi och h\u00e5llbarhet. [&hellip;]<\/p>\n","protected":false},"author":9,"featured_media":0,"parent":16575,"menu_order":0,"comment_status":"closed","ping_status":"closed","template":"","meta":{"_acf_changed":false,"footnotes":""},"class_list":["post-16591","page","type-page","status-publish","hentry"],"acf":[],"_links":{"self":[{"href":"https:\/\/wearesi.se\/en\/wp-json\/wp\/v2\/pages\/16591","targetHints":{"allow":["GET"]}}],"collection":[{"href":"https:\/\/wearesi.se\/en\/wp-json\/wp\/v2\/pages"}],"about":[{"href":"https:\/\/wearesi.se\/en\/wp-json\/wp\/v2\/types\/page"}],"author":[{"embeddable":true,"href":"https:\/\/wearesi.se\/en\/wp-json\/wp\/v2\/users\/9"}],"replies":[{"embeddable":true,"href":"https:\/\/wearesi.se\/en\/wp-json\/wp\/v2\/comments?post=16591"}],"version-history":[{"count":120,"href":"https:\/\/wearesi.se\/en\/wp-json\/wp\/v2\/pages\/16591\/revisions"}],"predecessor-version":[{"id":23119,"href":"https:\/\/wearesi.se\/en\/wp-json\/wp\/v2\/pages\/16591\/revisions\/23119"}],"up":[{"embeddable":true,"href":"https:\/\/wearesi.se\/en\/wp-json\/wp\/v2\/pages\/16575"}],"wp:attachment":[{"href":"https:\/\/wearesi.se\/en\/wp-json\/wp\/v2\/media?parent=16591"}],"curies":[{"name":"wp","href":"https:\/\/api.w.org\/{rel}","templated":true}]}}