{"id":16486,"date":"2025-09-29T16:19:01","date_gmt":"2025-09-29T14:19:01","guid":{"rendered":"https:\/\/wearesi.se\/?page_id=16486"},"modified":"2026-04-14T13:17:31","modified_gmt":"2026-04-14T11:17:31","slug":"fastighetsforvaltare","status":"publish","type":"page","link":"https:\/\/wearesi.se\/en\/losningar\/fastighetsforvaltare","title":{"rendered":"SI &#8211; Fastighetsf\u00f6rvaltare"},"content":{"rendered":"\t\t<div data-elementor-type=\"wp-page\" data-elementor-id=\"16486\" class=\"elementor elementor-16486\" data-elementor-post-type=\"page\">\n\t\t\t\t<div class=\"elementor-element elementor-element-e41bb04 e-flex e-con-boxed e-con e-parent\" data-id=\"e41bb04\" data-element_type=\"container\" data-e-type=\"container\" data-settings=\"{&quot;background_background&quot;:&quot;classic&quot;}\">\n\t\t\t\t\t<div class=\"e-con-inner\">\n\t\t<div class=\"elementor-element elementor-element-5f5cac3 e-con-full e-grid e-con e-child\" data-id=\"5f5cac3\" data-element_type=\"container\" data-e-type=\"container\" data-settings=\"{&quot;motion_fx_motion_fx_scrolling&quot;:&quot;yes&quot;,&quot;motion_fx_translateY_effect&quot;:&quot;yes&quot;,&quot;motion_fx_translateY_speed&quot;:{&quot;unit&quot;:&quot;px&quot;,&quot;size&quot;:2,&quot;sizes&quot;:[]},&quot;motion_fx_translateY_affectedRange&quot;:{&quot;unit&quot;:&quot;%&quot;,&quot;size&quot;:&quot;&quot;,&quot;sizes&quot;:{&quot;start&quot;:0,&quot;end&quot;:100}},&quot;motion_fx_devices&quot;:[&quot;desktop&quot;,&quot;tablet&quot;,&quot;mobile&quot;]}\">\n\t\t<div class=\"elementor-element elementor-element-b765c41 e-con-full e-flex e-con e-child\" data-id=\"b765c41\" data-element_type=\"container\" data-e-type=\"container\">\n\t\t\t\t<div class=\"elementor-element elementor-element-8ad1cac elementor-widget elementor-widget-heading\" data-id=\"8ad1cac\" data-element_type=\"widget\" data-e-type=\"widget\" data-widget_type=\"heading.default\">\n\t\t\t\t<div class=\"elementor-widget-container\">\n\t\t\t\t\t<span class=\"elementor-heading-title elementor-size-default\">Fastighetsf\u00f6rvaltare<\/span>\t\t\t\t<\/div>\n\t\t\t\t<\/div>\n\t\t\t\t<div class=\"elementor-element elementor-element-a186733 elementor-widget elementor-widget-heading\" data-id=\"a186733\" data-element_type=\"widget\" data-e-type=\"widget\" data-widget_type=\"heading.default\">\n\t\t\t\t<div class=\"elementor-widget-container\">\n\t\t\t\t\t<h1 class=\"elementor-heading-title elementor-size-default\">Fastighetsteknik f\u00f6r effektivare service och underh\u00e5ll <\/h1>\t\t\t\t<\/div>\n\t\t\t\t<\/div>\n\t\t\t\t<div class=\"elementor-element elementor-element-00c4c85 elementor-widget elementor-widget-text-editor\" data-id=\"00c4c85\" data-element_type=\"widget\" data-e-type=\"widget\" data-widget_type=\"text-editor.default\">\n\t\t\t\t<div class=\"elementor-widget-container\">\n\t\t\t\t\t\t\t\t\t<p>V\u00e5ra tj\u00e4nster och produkter hj\u00e4lper er som fastighetsf\u00f6rvaltare att p\u00e5 ett enkelt s\u00e4tt f\u00e5 en samlad \u00f6versikt av aktiviteter som beh\u00f6ver utf\u00f6ras f\u00f6r att bidra till en energieffektiv fastighet, n\u00f6jdare hyresg\u00e4ster och l\u00e5ga underh\u00e5llskostnader.<\/p>\t\t\t\t\t\t\t\t<\/div>\n\t\t\t\t<\/div>\n\t\t\t\t<\/div>\n\t\t\t\t<\/div>\n\t\t\t\t\t<\/div>\n\t\t\t\t<\/div>\n\t\t<div class=\"elementor-element elementor-element-7186af2 e-grid e-con-boxed e-con e-parent\" data-id=\"7186af2\" data-element_type=\"container\" data-e-type=\"container\" data-settings=\"{&quot;background_background&quot;:&quot;classic&quot;}\">\n\t\t\t\t\t<div class=\"e-con-inner\">\n\t\t\t\t<div class=\"elementor-element elementor-element-a401fc3 elementor-widget elementor-widget-heading\" data-id=\"a401fc3\" data-element_type=\"widget\" data-e-type=\"widget\" data-widget_type=\"heading.default\">\n\t\t\t\t<div class=\"elementor-widget-container\">\n\t\t\t\t\t<h2 class=\"elementor-heading-title elementor-size-default\">Er partner f\u00f6r automation, energi och underh\u00e5ll<\/h2>\t\t\t\t<\/div>\n\t\t\t\t<\/div>\n\t\t\t\t<div class=\"elementor-element elementor-element-dee90c1 elementor-widget elementor-widget-text-editor\" data-id=\"dee90c1\" data-element_type=\"widget\" data-e-type=\"widget\" data-widget_type=\"text-editor.default\">\n\t\t\t\t<div class=\"elementor-widget-container\">\n\t\t\t\t\t\t\t\t\t<p><strong>Alla typer av fastighetsystem<\/strong><br \/>SI kan erbjuda dig som fastighetsf\u00f6rvaltare produkter och tj\u00e4nster som effektiviserar samt f\u00f6renklar ditt arbete. Vi \u00e4r leverant\u00f6rsoberoende och har bred kompetens kring marknadens ledande styr och BMS-system. SI har ocks\u00e5 under l\u00e5ng tid utvecklat energiuppf\u00f6ljningssystemet SI energy och underh\u00e5llssystemet SI facility som anv\u00e4nds av allt ifr\u00e5n brf:er till stora logistikkunder.<\/p><p><strong>Spetskompentens inom energi, tekniskt fastighetunderh\u00e5ll och fastighetsoptimering<\/strong><br \/>SI erbjuder konsultation, kartl\u00e4ggningar, utredningar och energideklarationer samt tj\u00e4nster som kompletterar dig i ditt dagliga operativa arbete.<\/p>\t\t\t\t\t\t\t\t<\/div>\n\t\t\t\t<\/div>\n\t\t\t\t\t<\/div>\n\t\t\t\t<\/div>\n\t\t<div class=\"elementor-element elementor-element-1b918657 e-grid e-con-full e-con e-parent\" data-id=\"1b918657\" data-element_type=\"container\" data-e-type=\"container\">\n\t\t\t\t<div class=\"elementor-element elementor-element-363bc2bc elementor-widget elementor-widget-image\" data-id=\"363bc2bc\" data-element_type=\"widget\" data-e-type=\"widget\" data-widget_type=\"image.default\">\n\t\t\t\t<div class=\"elementor-widget-container\">\n\t\t\t\t\t\t\t\t\t\t\t\t\t\t\t<img fetchpriority=\"high\" decoding=\"async\" width=\"800\" height=\"534\" src=\"https:\/\/wearesi.se\/wp-content\/uploads\/2026\/03\/Facility_1-1024x683.webp\" class=\"attachment-large size-large wp-image-19763\" alt=\"\" srcset=\"https:\/\/wearesi.se\/wp-content\/uploads\/2026\/03\/Facility_1-1024x683.webp 1024w, https:\/\/wearesi.se\/wp-content\/uploads\/2026\/03\/Facility_1-300x200.webp 300w, https:\/\/wearesi.se\/wp-content\/uploads\/2026\/03\/Facility_1-768x512.webp 768w, https:\/\/wearesi.se\/wp-content\/uploads\/2026\/03\/Facility_1-1536x1024.webp 1536w, https:\/\/wearesi.se\/wp-content\/uploads\/2026\/03\/Facility_1-2048x1365.webp 2048w, https:\/\/wearesi.se\/wp-content\/uploads\/2026\/03\/Facility_1-18x12.webp 18w\" sizes=\"(max-width: 800px) 100vw, 800px\" \/>\t\t\t\t\t\t\t\t\t\t\t\t\t\t\t<\/div>\n\t\t\t\t<\/div>\n\t\t<div class=\"elementor-element elementor-element-40138e3e e-flex e-con-boxed e-con e-child\" data-id=\"40138e3e\" data-element_type=\"container\" data-e-type=\"container\">\n\t\t\t\t\t<div class=\"e-con-inner\">\n\t\t<div class=\"elementor-element elementor-element-6a41bf43 e-con-full e-flex e-con e-child\" data-id=\"6a41bf43\" data-element_type=\"container\" data-e-type=\"container\">\n\t\t\t\t<div class=\"elementor-element elementor-element-7af195b8 elementor-widget elementor-widget-heading\" data-id=\"7af195b8\" data-element_type=\"widget\" data-e-type=\"widget\" data-widget_type=\"heading.default\">\n\t\t\t\t<div class=\"elementor-widget-container\">\n\t\t\t\t\t<span class=\"elementor-heading-title elementor-size-default\">SI Fastighetsf\u00f6rvaltare<\/span>\t\t\t\t<\/div>\n\t\t\t\t<\/div>\n\t\t\t\t<div class=\"elementor-element elementor-element-4360bed elementor-widget elementor-widget-heading\" data-id=\"4360bed\" data-element_type=\"widget\" data-e-type=\"widget\" data-widget_type=\"heading.default\">\n\t\t\t\t<div class=\"elementor-widget-container\">\n\t\t\t\t\t<h2 class=\"elementor-heading-title elementor-size-default\">Automation f\u00f6r effektivare fastighetsunderh\u00e5ll<\/h2>\t\t\t\t<\/div>\n\t\t\t\t<\/div>\n\t\t\t\t<div class=\"elementor-element elementor-element-250d611e elementor-widget elementor-widget-text-editor\" data-id=\"250d611e\" data-element_type=\"widget\" data-e-type=\"widget\" data-widget_type=\"text-editor.default\">\n\t\t\t\t<div class=\"elementor-widget-container\">\n\t\t\t\t\t\t\t\t\t<p>F\u00f6r fastighetsf\u00f6rvaltare \u00e4r automation nyckeln till energieffektiv drift, s\u00e4nkta kostnader och n\u00f6jdare hyresg\u00e4ster. Genom smart styrning av belysning, v\u00e4rme, ventilation och s\u00e4kerhet skapas en h\u00e5llbar milj\u00f6. Automationen ger insikter i realtid, m\u00f6jligg\u00f6r f\u00f6rebyggande underh\u00e5ll och f\u00f6renklar f\u00f6rvaltning \u2013 \u00e4ven p\u00e5 distans. Resultatet \u00e4r b\u00e4ttre kontroll, l\u00e4gre milj\u00f6p\u00e5verkan och en byggnad som aktivt st\u00f6djer k\u00e4rnverksamheten.\u00a0<\/p>\t\t\t\t\t\t\t\t<\/div>\n\t\t\t\t<\/div>\n\t\t\t\t<\/div>\n\t\t\t\t\t<\/div>\n\t\t\t\t<\/div>\n\t\t\t\t<\/div>\n\t\t<div class=\"elementor-element elementor-element-749d7cfc e-grid e-con-full e-con e-parent\" data-id=\"749d7cfc\" data-element_type=\"container\" data-e-type=\"container\" data-settings=\"{&quot;background_background&quot;:&quot;classic&quot;}\">\n\t\t<div class=\"elementor-element elementor-element-787ed065 e-flex e-con-boxed e-con e-child\" data-id=\"787ed065\" data-element_type=\"container\" data-e-type=\"container\">\n\t\t\t\t\t<div class=\"e-con-inner\">\n\t\t<div class=\"elementor-element elementor-element-5e699ec7 e-con-full e-flex e-con e-child\" data-id=\"5e699ec7\" data-element_type=\"container\" data-e-type=\"container\">\n\t\t\t\t<div class=\"elementor-element elementor-element-79d74f3 elementor-widget elementor-widget-image\" data-id=\"79d74f3\" data-element_type=\"widget\" data-e-type=\"widget\" data-widget_type=\"image.default\">\n\t\t\t\t<div class=\"elementor-widget-container\">\n\t\t\t\t\t\t\t\t\t\t\t\t\t\t\t<img decoding=\"async\" width=\"800\" height=\"161\" src=\"https:\/\/wearesi.se\/wp-content\/uploads\/2026\/02\/SI_Connect_White_RGB.svg\" class=\"attachment-large size-large wp-image-19025\" alt=\"\" \/>\t\t\t\t\t\t\t\t\t\t\t\t\t\t\t<\/div>\n\t\t\t\t<\/div>\n\t\t\t\t<div class=\"elementor-element elementor-element-7f0808b9 elementor-widget elementor-widget-heading\" data-id=\"7f0808b9\" data-element_type=\"widget\" data-e-type=\"widget\" data-widget_type=\"heading.default\">\n\t\t\t\t<div class=\"elementor-widget-container\">\n\t\t\t\t\t<h2 class=\"elementor-heading-title elementor-size-default\">G\u00f6r vardagen enklare\u200b<\/h2>\t\t\t\t<\/div>\n\t\t\t\t<\/div>\n\t\t\t\t<div class=\"elementor-element elementor-element-fb476f2 elementor-widget elementor-widget-text-editor\" data-id=\"fb476f2\" data-element_type=\"widget\" data-e-type=\"widget\" data-widget_type=\"text-editor.default\">\n\t\t\t\t<div class=\"elementor-widget-container\">\n\t\t\t\t\t\t\t\t\t<p><span data-olk-copy-source=\"MessageBody\">Fastighetsf\u00f6rvaltning blir alltmer komplex med en vardag fylld av aktiviteter, larm, besiktningar, felanm\u00e4lningar energidata &#8211; ja, listan kan g\u00f6ras l\u00e5ng. Dessutom hanteras allt i olika system som inte \u00e4r sammankopplade, och kraven p\u00e5 datadrivna beslut \u00f6kar.<\/span>\u00a0<\/p><p><!--StartFragment--><!--EndFragment--><\/p><p>SI Connect \u00e4r en AI-driven, systemoberoende plattform som samlar, strukturerar och visualiserar fastighetsdata fr\u00e5n drift-, energi- och f\u00f6rvaltningssystem. F\u00f6r b\u00e4ttre \u00f6verblick, r\u00e4tt prioriteringar och snabbare beslut.\u00a0En enklare vardag helt enkelt.<\/p>\t\t\t\t\t\t\t\t<\/div>\n\t\t\t\t<\/div>\n\t\t\t\t<div class=\"elementor-element elementor-element-1cd4a12 elementor-align-left elementor-widget elementor-widget-button\" data-id=\"1cd4a12\" data-element_type=\"widget\" data-e-type=\"widget\" data-widget_type=\"button.default\">\n\t\t\t\t<div class=\"elementor-widget-container\">\n\t\t\t\t\t\t\t\t\t<div class=\"elementor-button-wrapper\">\n\t\t\t\t\t<a class=\"elementor-button elementor-button-link elementor-size-sm\" href=\"https:\/\/wearesi.se\/en\/produkter\/connect\">\n\t\t\t\t\t\t<span class=\"elementor-button-content-wrapper\">\n\t\t\t\t\t\t\t\t\t<span class=\"elementor-button-text\">L\u00e4s mer<\/span>\n\t\t\t\t\t<\/span>\n\t\t\t\t\t<\/a>\n\t\t\t\t<\/div>\n\t\t\t\t\t\t\t\t<\/div>\n\t\t\t\t<\/div>\n\t\t\t\t<\/div>\n\t\t\t\t\t<\/div>\n\t\t\t\t<\/div>\n\t\t\t\t<div class=\"elementor-element elementor-element-3ac4df15 elementor-widget elementor-widget-image\" data-id=\"3ac4df15\" data-element_type=\"widget\" data-e-type=\"widget\" data-widget_type=\"image.default\">\n\t\t\t\t<div class=\"elementor-widget-container\">\n\t\t\t\t\t\t\t\t\t\t\t\t\t\t\t<img decoding=\"async\" width=\"800\" height=\"534\" src=\"https:\/\/wearesi.se\/wp-content\/uploads\/2026\/03\/SI-Connect-1-1024x683.webp\" class=\"attachment-large size-large wp-image-20155\" alt=\"\" srcset=\"https:\/\/wearesi.se\/wp-content\/uploads\/2026\/03\/SI-Connect-1-1024x683.webp 1024w, https:\/\/wearesi.se\/wp-content\/uploads\/2026\/03\/SI-Connect-1-300x200.webp 300w, https:\/\/wearesi.se\/wp-content\/uploads\/2026\/03\/SI-Connect-1-768x512.webp 768w, https:\/\/wearesi.se\/wp-content\/uploads\/2026\/03\/SI-Connect-1-1536x1024.webp 1536w, https:\/\/wearesi.se\/wp-content\/uploads\/2026\/03\/SI-Connect-1-18x12.webp 18w, https:\/\/wearesi.se\/wp-content\/uploads\/2026\/03\/SI-Connect-1.webp 1920w\" sizes=\"(max-width: 800px) 100vw, 800px\" \/>\t\t\t\t\t\t\t\t\t\t\t\t\t\t\t<\/div>\n\t\t\t\t<\/div>\n\t\t\t\t<\/div>\n\t\t<div class=\"elementor-element elementor-element-1b0ea7fd e-flex e-con-boxed e-con e-parent\" data-id=\"1b0ea7fd\" data-element_type=\"container\" data-e-type=\"container\" data-settings=\"{&quot;background_background&quot;:&quot;classic&quot;}\">\n\t\t\t\t\t<div class=\"e-con-inner\">\n\t\t\t\t<div class=\"elementor-element elementor-element-783713bf elementor-widget elementor-widget-heading\" data-id=\"783713bf\" data-element_type=\"widget\" data-e-type=\"widget\" data-widget_type=\"heading.default\">\n\t\t\t\t<div class=\"elementor-widget-container\">\n\t\t\t\t\t<h2 class=\"elementor-heading-title elementor-size-default\">Jag vill veta mer om l\u00f6sningar f\u00f6r<\/h2>\t\t\t\t<\/div>\n\t\t\t\t<\/div>\n\t\t\t\t<div class=\"elementor-element elementor-element-7567af7 elementor-widget__width-initial elementor-widget elementor-widget-heading\" data-id=\"7567af7\" data-element_type=\"widget\" data-e-type=\"widget\" data-widget_type=\"heading.default\">\n\t\t\t\t<div class=\"elementor-widget-container\">\n\t\t\t\t\t<h2 class=\"elementor-heading-title elementor-size-default\">Fastighetsf\u00f6rvaltare<\/h2>\t\t\t\t<\/div>\n\t\t\t\t<\/div>\n\t\t\t\t<div class=\"elementor-element elementor-element-ed69b07 elementor-widget elementor-widget-text-editor\" data-id=\"ed69b07\" data-element_type=\"widget\" data-e-type=\"widget\" data-widget_type=\"text-editor.default\">\n\t\t\t\t<div class=\"elementor-widget-container\">\n\t\t\t\t\t\t\t\t\t<p>Inom SI finns b\u00e5de bred och djup kunskap. V\u00e5rt fokus \u00e4r alltid att lyssna p\u00e5 v\u00e5ra kunder f\u00f6r att tillsammans hitta den b\u00e4sta l\u00f6sningen. Varmt v\u00e4lkomna att h\u00f6ra av er!<\/p>\t\t\t\t\t\t\t\t<\/div>\n\t\t\t\t<\/div>\n\t\t\t\t<div class=\"elementor-element elementor-element-15d1ec36 elementor-align-left elementor-widget elementor-widget-button\" data-id=\"15d1ec36\" data-element_type=\"widget\" data-e-type=\"widget\" data-widget_type=\"button.default\">\n\t\t\t\t<div class=\"elementor-widget-container\">\n\t\t\t\t\t\t\t\t\t<div class=\"elementor-button-wrapper\">\n\t\t\t\t\t<a class=\"elementor-button elementor-button-link elementor-size-sm\" href=\"#elementor-action%3Aaction%3Dpopup%3Aopen%26settings%3DeyJpZCI6IjIyOTYzIiwidG9nZ2xlIjpmYWxzZX0%3D\">\n\t\t\t\t\t\t<span class=\"elementor-button-content-wrapper\">\n\t\t\t\t\t\t\t\t\t<span class=\"elementor-button-text\">ta f\u00f6rsta steget<\/span>\n\t\t\t\t\t<\/span>\n\t\t\t\t\t<\/a>\n\t\t\t\t<\/div>\n\t\t\t\t\t\t\t\t<\/div>\n\t\t\t\t<\/div>\n\t\t\t\t\t<\/div>\n\t\t\t\t<\/div>\n\t\t\t\t<\/div>\n\t\t","protected":false},"excerpt":{"rendered":"<p>Fastighetsf\u00f6rvaltare Fastighetsteknik f\u00f6r effektivare service och underh\u00e5ll V\u00e5ra tj\u00e4nster och produkter hj\u00e4lper er som fastighetsf\u00f6rvaltare att p\u00e5 ett enkelt s\u00e4tt f\u00e5 en samlad \u00f6versikt av aktiviteter som beh\u00f6ver utf\u00f6ras f\u00f6r att bidra till en energieffektiv fastighet, n\u00f6jdare hyresg\u00e4ster och l\u00e5ga underh\u00e5llskostnader. Er partner f\u00f6r automation, energi och underh\u00e5ll Alla typer av fastighetsystemSI kan erbjuda dig [&hellip;]<\/p>\n","protected":false},"author":9,"featured_media":0,"parent":16405,"menu_order":0,"comment_status":"closed","ping_status":"closed","template":"","meta":{"_acf_changed":false,"footnotes":""},"class_list":["post-16486","page","type-page","status-publish","hentry"],"acf":[],"_links":{"self":[{"href":"https:\/\/wearesi.se\/en\/wp-json\/wp\/v2\/pages\/16486","targetHints":{"allow":["GET"]}}],"collection":[{"href":"https:\/\/wearesi.se\/en\/wp-json\/wp\/v2\/pages"}],"about":[{"href":"https:\/\/wearesi.se\/en\/wp-json\/wp\/v2\/types\/page"}],"author":[{"embeddable":true,"href":"https:\/\/wearesi.se\/en\/wp-json\/wp\/v2\/users\/9"}],"replies":[{"embeddable":true,"href":"https:\/\/wearesi.se\/en\/wp-json\/wp\/v2\/comments?post=16486"}],"version-history":[{"count":82,"href":"https:\/\/wearesi.se\/en\/wp-json\/wp\/v2\/pages\/16486\/revisions"}],"predecessor-version":[{"id":23178,"href":"https:\/\/wearesi.se\/en\/wp-json\/wp\/v2\/pages\/16486\/revisions\/23178"}],"up":[{"embeddable":true,"href":"https:\/\/wearesi.se\/en\/wp-json\/wp\/v2\/pages\/16405"}],"wp:attachment":[{"href":"https:\/\/wearesi.se\/en\/wp-json\/wp\/v2\/media?parent=16486"}],"curies":[{"name":"wp","href":"https:\/\/api.w.org\/{rel}","templated":true}]}}