{"id":16484,"date":"2025-09-29T16:18:40","date_gmt":"2025-09-29T14:18:40","guid":{"rendered":"https:\/\/wearesi.se\/?page_id=16484"},"modified":"2026-04-14T13:15:48","modified_gmt":"2026-04-14T11:15:48","slug":"fastighetsagare","status":"publish","type":"page","link":"https:\/\/wearesi.se\/en\/losningar\/fastighetsagare","title":{"rendered":"SI &#8211; Fastighets\u00e4gare"},"content":{"rendered":"\t\t<div data-elementor-type=\"wp-page\" data-elementor-id=\"16484\" class=\"elementor elementor-16484\" data-elementor-post-type=\"page\">\n\t\t\t\t<div class=\"elementor-element elementor-element-e41bb04 e-flex e-con-boxed e-con e-parent\" data-id=\"e41bb04\" data-element_type=\"container\" data-e-type=\"container\" data-settings=\"{&quot;background_background&quot;:&quot;classic&quot;}\">\n\t\t\t\t\t<div class=\"e-con-inner\">\n\t\t<div class=\"elementor-element elementor-element-5f5cac3 e-con-full e-grid e-con e-child\" data-id=\"5f5cac3\" data-element_type=\"container\" data-e-type=\"container\" data-settings=\"{&quot;motion_fx_motion_fx_scrolling&quot;:&quot;yes&quot;,&quot;motion_fx_translateY_effect&quot;:&quot;yes&quot;,&quot;motion_fx_translateY_speed&quot;:{&quot;unit&quot;:&quot;px&quot;,&quot;size&quot;:2,&quot;sizes&quot;:[]},&quot;motion_fx_translateY_affectedRange&quot;:{&quot;unit&quot;:&quot;%&quot;,&quot;size&quot;:&quot;&quot;,&quot;sizes&quot;:{&quot;start&quot;:0,&quot;end&quot;:100}},&quot;motion_fx_devices&quot;:[&quot;desktop&quot;,&quot;tablet&quot;,&quot;mobile&quot;]}\">\n\t\t<div class=\"elementor-element elementor-element-b765c41 e-con-full e-flex e-con e-child\" data-id=\"b765c41\" data-element_type=\"container\" data-e-type=\"container\">\n\t\t\t\t<div class=\"elementor-element elementor-element-8ad1cac elementor-widget elementor-widget-heading\" data-id=\"8ad1cac\" data-element_type=\"widget\" data-e-type=\"widget\" data-widget_type=\"heading.default\">\n\t\t\t\t<div class=\"elementor-widget-container\">\n\t\t\t\t\t<span class=\"elementor-heading-title elementor-size-default\">Fastighets\u00e4gare<\/span>\t\t\t\t<\/div>\n\t\t\t\t<\/div>\n\t\t\t\t<div class=\"elementor-element elementor-element-a186733 elementor-widget elementor-widget-heading\" data-id=\"a186733\" data-element_type=\"widget\" data-e-type=\"widget\" data-widget_type=\"heading.default\">\n\t\t\t\t<div class=\"elementor-widget-container\">\n\t\t\t\t\t<h1 class=\"elementor-heading-title elementor-size-default\">Maximera v\u00e4rdet <br>med smarta automationsl\u00f6sningar<\/h1>\t\t\t\t<\/div>\n\t\t\t\t<\/div>\n\t\t\t\t<div class=\"elementor-element elementor-element-00c4c85 elementor-widget elementor-widget-text-editor\" data-id=\"00c4c85\" data-element_type=\"widget\" data-e-type=\"widget\" data-widget_type=\"text-editor.default\">\n\t\t\t\t<div class=\"elementor-widget-container\">\n\t\t\t\t\t\t\t\t\t<p>F\u00f6r dig som sitter i ledningsgruppen f\u00f6r ett fastighetsbolag eller ansvarar f\u00f6r ekonomin i en eller flera fastigheter blir fastighetsautomation allt viktigare. Ofta finns betydande vinster att h\u00e4mta genom att se \u00f6ver befintliga system, tj\u00e4nster och arbetss\u00e4tt med m\u00e5let att st\u00e4rka de finansiella nyckeltalen och i f\u00f6rl\u00e4ngningen f\u00f6rb\u00e4ttra resultatet.<\/p>\t\t\t\t\t\t\t\t<\/div>\n\t\t\t\t<\/div>\n\t\t\t\t<\/div>\n\t\t\t\t<\/div>\n\t\t\t\t\t<\/div>\n\t\t\t\t<\/div>\n\t\t<div class=\"elementor-element elementor-element-53ef6a2 e-grid e-con-boxed e-con e-parent\" data-id=\"53ef6a2\" data-element_type=\"container\" data-e-type=\"container\" data-settings=\"{&quot;background_background&quot;:&quot;classic&quot;}\">\n\t\t\t\t\t<div class=\"e-con-inner\">\n\t\t\t\t<div class=\"elementor-element elementor-element-f0a88de elementor-widget elementor-widget-heading\" data-id=\"f0a88de\" data-element_type=\"widget\" data-e-type=\"widget\" data-widget_type=\"heading.default\">\n\t\t\t\t<div class=\"elementor-widget-container\">\n\t\t\t\t\t<h2 class=\"elementor-heading-title elementor-size-default\">Investeringar som har stor p\u00e5verkan p\u00e5 viktiga nyckeltal<\/h2>\t\t\t\t<\/div>\n\t\t\t\t<\/div>\n\t\t\t\t<div class=\"elementor-element elementor-element-8ba7165 elementor-widget elementor-widget-text-editor\" data-id=\"8ba7165\" data-element_type=\"widget\" data-e-type=\"widget\" data-widget_type=\"text-editor.default\">\n\t\t\t\t<div class=\"elementor-widget-container\">\n\t\t\t\t\t\t\t\t\t<p>Fastighetsautomation \u00e4r en strategisk investering som h\u00f6jer drifts\u00e4kerheten, minskar energikostnaderna och st\u00e4rker fastighetens l\u00e5ngsiktiga v\u00e4rde. Genom smart styrning, kontinuerlig \u00f6vervakning och datadrivna justeringar s\u00e4kerst\u00e4ller vi r\u00e4tt funktion och ett stabilt inomhusklimat.<\/p><div><p>Resultatet \u00e4r h\u00f6gre driftnetto, b\u00e4ttre energiklass och en mer h\u00e5llbar fastighet. SI \u00e4r din strategiska partner som tar ansvar hela v\u00e4gen \u2013 fr\u00e5n funktion till l\u00e5ngsiktigt v\u00e4rdeskapande.<\/p><\/div>\t\t\t\t\t\t\t\t<\/div>\n\t\t\t\t<\/div>\n\t\t\t\t\t<\/div>\n\t\t\t\t<\/div>\n\t\t<div class=\"elementor-element elementor-element-0423605 e-grid e-con-boxed e-con e-parent\" data-id=\"0423605\" data-element_type=\"container\" data-e-type=\"container\" data-settings=\"{&quot;background_background&quot;:&quot;classic&quot;}\">\n\t\t\t\t\t<div class=\"e-con-inner\">\n\t\t<div class=\"elementor-element elementor-element-aa82b69 e-con-full e-flex e-con e-child\" data-id=\"aa82b69\" data-element_type=\"container\" data-e-type=\"container\">\n\t\t\t\t<div class=\"elementor-element elementor-element-082d474 elementor-view-default elementor-widget elementor-widget-icon\" data-id=\"082d474\" data-element_type=\"widget\" data-e-type=\"widget\" data-widget_type=\"icon.default\">\n\t\t\t\t<div class=\"elementor-widget-container\">\n\t\t\t\t\t\t\t<div class=\"elementor-icon-wrapper\">\n\t\t\t<div class=\"elementor-icon\">\n\t\t\t<svg xmlns=\"http:\/\/www.w3.org\/2000\/svg\" height=\"24px\" viewBox=\"0 -960 960 960\" width=\"24px\" fill=\"#e3e3e3\"><path d=\"M200-280v-280h80v280h-80Zm240 0v-280h80v280h-80ZM80-640v-80l400-200 400 200v80H80Zm179-80h442L480-830 259-720ZM80-120v-80h482q2 21 5 40.5t9 39.5H80Zm600-310v-130h80v90l-80 40ZM800 0q-69-17-114.5-79.5T640-218v-102l160-80 160 80v102q0 76-45.5 138.5T800 0Zm-29-120 139-138-42-42-97 95-39-39-42 43 81 81ZM259-720h442-442Z\"><\/path><\/svg>\t\t\t<\/div>\n\t\t<\/div>\n\t\t\t\t\t\t<\/div>\n\t\t\t\t<\/div>\n\t\t\t\t<div class=\"elementor-element elementor-element-f90aeeb elementor-widget elementor-widget-heading\" data-id=\"f90aeeb\" data-element_type=\"widget\" data-e-type=\"widget\" data-widget_type=\"heading.default\">\n\t\t\t\t<div class=\"elementor-widget-container\">\n\t\t\t\t\t<h2 class=\"elementor-heading-title elementor-size-default\">Ekonomisk effektivitet och ROI<\/h2>\t\t\t\t<\/div>\n\t\t\t\t<\/div>\n\t\t\t\t<div class=\"elementor-element elementor-element-2e0d51b elementor-widget elementor-widget-text-editor\" data-id=\"2e0d51b\" data-element_type=\"widget\" data-e-type=\"widget\" data-widget_type=\"text-editor.default\">\n\t\t\t\t<div class=\"elementor-widget-container\">\n\t\t\t\t\t\t\t\t\t<p>Genom v\u00e5r djupa f\u00f6rst\u00e5else f\u00f6r fastigheter och ett optimerat, v\u00e4l fungerande styrsystem kombinerat med kontinuerlig uppf\u00f6ljning av energianv\u00e4ndningen n\u00e5r v\u00e5ra kunder l\u00e4gre f\u00f6rbrukning \u00e4n genomsnittet i Sverige.<\/p><div><p>Detta skapar ocks\u00e5 b\u00e4ttre f\u00f6ruts\u00e4ttningar att uppn\u00e5 milj\u00f6certifieringar som Milj\u00f6byggnad, BREEAM eller LEED, vilket b\u00e5de h\u00f6jer fastighetsv\u00e4rdet och \u00f6ppnar d\u00f6rren f\u00f6r mer f\u00f6rdelaktig finansiering!<\/p><\/div>\t\t\t\t\t\t\t\t<\/div>\n\t\t\t\t<\/div>\n\t\t\t\t<\/div>\n\t\t<div class=\"elementor-element elementor-element-cf11d03 e-con-full e-flex e-con e-child\" data-id=\"cf11d03\" data-element_type=\"container\" data-e-type=\"container\">\n\t\t\t\t<div class=\"elementor-element elementor-element-2f3b039 elementor-view-default elementor-widget elementor-widget-icon\" data-id=\"2f3b039\" data-element_type=\"widget\" data-e-type=\"widget\" data-widget_type=\"icon.default\">\n\t\t\t\t<div class=\"elementor-widget-container\">\n\t\t\t\t\t\t\t<div class=\"elementor-icon-wrapper\">\n\t\t\t<div class=\"elementor-icon\">\n\t\t\t<svg xmlns=\"http:\/\/www.w3.org\/2000\/svg\" height=\"24px\" viewBox=\"0 -960 960 960\" width=\"24px\" fill=\"#e3e3e3\"><path d=\"M480-120q-88 0-168.5-33T169-249l57-57q51 51 117 78.5T481-200q72 0 137.5-27T735-305l56 56q-63 63-143 96t-168 33Zm0-160q-56 0-107-21t-91-61l56-56q29 29 65.5 43.5T480-360q40 0 76.5-14.5T622-418l56 56q-40 40-91 61t-107 21ZM200-760v40h560v-40H200Zm124 120 12 40h288l12-40H324Zm12 120q-26 0-47-15.5T260-576l-20-64h-40q-33 0-56.5-23.5T120-720v-120h720v120q0 33-23.5 56.5T760-640h-40l-26 68q-9 23-29 37.5T620-520H336ZM200-760v40-40Z\"><\/path><\/svg>\t\t\t<\/div>\n\t\t<\/div>\n\t\t\t\t\t\t<\/div>\n\t\t\t\t<\/div>\n\t\t\t\t<div class=\"elementor-element elementor-element-5066d96 elementor-widget elementor-widget-heading\" data-id=\"5066d96\" data-element_type=\"widget\" data-e-type=\"widget\" data-widget_type=\"heading.default\">\n\t\t\t\t<div class=\"elementor-widget-container\">\n\t\t\t\t\t<h2 class=\"elementor-heading-title elementor-size-default\">F\u00f6ruts\u00e4gbarhet och kontroll<\/h2>\t\t\t\t<\/div>\n\t\t\t\t<\/div>\n\t\t\t\t<div class=\"elementor-element elementor-element-b33de79 elementor-widget elementor-widget-text-editor\" data-id=\"b33de79\" data-element_type=\"widget\" data-e-type=\"widget\" data-widget_type=\"text-editor.default\">\n\t\t\t\t<div class=\"elementor-widget-container\">\n\t\t\t\t\t\t\t\t\t<p>F\u00e5 b\u00e4ttre kosntadskontroll genom tydlig m\u00e4tning, smart rapportering och effektiva larmfunktioner s\u00e5 att avvikelser uppt\u00e4cks i tid innan de hinner bli kostsamma.<\/p><div><p>Vi arbetar alltid med ett livscykelperspektiv. Som er partner levererar SI inte bara ett tekniskt system, utan hj\u00e4lper er \u00e4ven att planera, f\u00f6rutse och optimera drift- och underh\u00e5llskostnader \u00f6ver hela anl\u00e4ggningens livsl\u00e4ngd.<\/p><\/div>\t\t\t\t\t\t\t\t<\/div>\n\t\t\t\t<\/div>\n\t\t\t\t<\/div>\n\t\t<div class=\"elementor-element elementor-element-0605d5c e-con-full e-flex e-con e-child\" data-id=\"0605d5c\" data-element_type=\"container\" data-e-type=\"container\">\n\t\t\t\t<div class=\"elementor-element elementor-element-41cb79e elementor-view-default elementor-widget elementor-widget-icon\" data-id=\"41cb79e\" data-element_type=\"widget\" data-e-type=\"widget\" data-widget_type=\"icon.default\">\n\t\t\t\t<div class=\"elementor-widget-container\">\n\t\t\t\t\t\t\t<div class=\"elementor-icon-wrapper\">\n\t\t\t<div class=\"elementor-icon\">\n\t\t\t<svg xmlns=\"http:\/\/www.w3.org\/2000\/svg\" height=\"24px\" viewBox=\"0 -960 960 960\" width=\"24px\" fill=\"#e3e3e3\"><path d=\"M480-320q17 0 28.5-11.5T520-360q0-17-11.5-28.5T480-400q-17 0-28.5 11.5T440-360q0 17 11.5 28.5T480-320Zm-40-160h80v-200h-80v200Zm40 400q-139-35-229.5-159.5T160-516v-244l320-120 320 120v244q0 152-90.5 276.5T480-80Zm0-84q104-33 172-132t68-220v-189l-240-90-240 90v189q0 121 68 220t172 132Zm0-316Z\"><\/path><\/svg>\t\t\t<\/div>\n\t\t<\/div>\n\t\t\t\t\t\t<\/div>\n\t\t\t\t<\/div>\n\t\t\t\t<div class=\"elementor-element elementor-element-74721e6 elementor-widget elementor-widget-heading\" data-id=\"74721e6\" data-element_type=\"widget\" data-e-type=\"widget\" data-widget_type=\"heading.default\">\n\t\t\t\t<div class=\"elementor-widget-container\">\n\t\t\t\t\t<h2 class=\"elementor-heading-title elementor-size-default\">Riskminimering<\/h2>\t\t\t\t<\/div>\n\t\t\t\t<\/div>\n\t\t\t\t<div class=\"elementor-element elementor-element-d968edd elementor-widget elementor-widget-text-editor\" data-id=\"d968edd\" data-element_type=\"widget\" data-e-type=\"widget\" data-widget_type=\"text-editor.default\">\n\t\t\t\t<div class=\"elementor-widget-container\">\n\t\t\t\t\t\t\t\t\t<p>En uppkopplad och \u00f6vervakad byggnad har f\u00e4rre driftst\u00f6rningar. N\u00e4r systemen \u00e4r robusta och p\u00e5litliga minskar risken f\u00f6r kostsamma driftstopp och ov\u00e4ntade fel, n\u00e5got som direkt p\u00e5verkar b\u00e5de ekonomi och verksamhetskontinuitet.<\/p><div><p>Vi \u00e4r helt fabrikatsoberoende. V\u00e5ra l\u00f6sningar \u00e4r \u00f6ppna, skalbara och framtidss\u00e4krade, vilket minimerar risken f\u00f6r inl\u00e5sning och dyra uppgraderingar l\u00e4ngre fram. Som kund \u00e4ger du dessutom alltid all data \u2013 full kontroll, full transparens och full valfrihet.<\/p><\/div>\t\t\t\t\t\t\t\t<\/div>\n\t\t\t\t<\/div>\n\t\t\t\t<\/div>\n\t\t<div class=\"elementor-element elementor-element-dafa38e e-con-full e-flex e-con e-child\" data-id=\"dafa38e\" data-element_type=\"container\" data-e-type=\"container\">\n\t\t\t\t<div class=\"elementor-element elementor-element-612d6cc elementor-view-default elementor-widget elementor-widget-icon\" data-id=\"612d6cc\" data-element_type=\"widget\" data-e-type=\"widget\" data-widget_type=\"icon.default\">\n\t\t\t\t<div class=\"elementor-widget-container\">\n\t\t\t\t\t\t\t<div class=\"elementor-icon-wrapper\">\n\t\t\t<div class=\"elementor-icon\">\n\t\t\t<svg xmlns=\"http:\/\/www.w3.org\/2000\/svg\" height=\"24px\" viewBox=\"0 -960 960 960\" width=\"24px\" fill=\"#e3e3e3\"><path d=\"M80-120v-720h400v160h400v560H80Zm80-80h80v-80h-80v80Zm0-160h80v-80h-80v80Zm0-160h80v-80h-80v80Zm0-160h80v-80h-80v80Zm160 480h80v-80h-80v80Zm0-160h80v-80h-80v80Zm0-160h80v-80h-80v80Zm0-160h80v-80h-80v80Zm160 480h320v-400H480v80h80v80h-80v80h80v80h-80v80Zm160-240v-80h80v80h-80Zm0 160v-80h80v80h-80Z\"><\/path><\/svg>\t\t\t<\/div>\n\t\t<\/div>\n\t\t\t\t\t\t<\/div>\n\t\t\t\t<\/div>\n\t\t\t\t<div class=\"elementor-element elementor-element-466ab7f elementor-widget elementor-widget-heading\" data-id=\"466ab7f\" data-element_type=\"widget\" data-e-type=\"widget\" data-widget_type=\"heading.default\">\n\t\t\t\t<div class=\"elementor-widget-container\">\n\t\t\t\t\t<h2 class=\"elementor-heading-title elementor-size-default\">Fastighetens v\u00e4rde och attraktivitet<\/h2>\t\t\t\t<\/div>\n\t\t\t\t<\/div>\n\t\t\t\t<div class=\"elementor-element elementor-element-86f07b4 elementor-widget elementor-widget-text-editor\" data-id=\"86f07b4\" data-element_type=\"widget\" data-e-type=\"widget\" data-widget_type=\"text-editor.default\">\n\t\t\t\t<div class=\"elementor-widget-container\">\n\t\t\t\t\t\t\t\t\t<p>Smarta fastigheter med god inomhusmilj\u00f6 och energieffektiv drift blir mer attraktiva f\u00f6r hyresg\u00e4ster, vilket skapar f\u00f6ruts\u00e4ttningar f\u00f6r b\u00e4ttre int\u00e4kter och ett stabilare v\u00e4rde \u00f6ver tid.<\/p><div><p>En f\u00f6rb\u00e4ttrad energiprestanda kan dessutom h\u00f6ja fastighetens energiklass, n\u00e5got som ofta leder till b\u00e5de h\u00f6gre v\u00e4rdering och b\u00e4ttre finansieringsvillkor.<\/p><\/div>\t\t\t\t\t\t\t\t<\/div>\n\t\t\t\t<\/div>\n\t\t\t\t<\/div>\n\t\t\t\t\t<\/div>\n\t\t\t\t<\/div>\n\t\t<div class=\"elementor-element elementor-element-722985db e-flex e-con-boxed e-con e-parent\" data-id=\"722985db\" data-element_type=\"container\" data-e-type=\"container\" data-settings=\"{&quot;background_background&quot;:&quot;classic&quot;}\">\n\t\t\t\t\t<div class=\"e-con-inner\">\n\t\t\t\t<div class=\"elementor-element elementor-element-4117c8f2 elementor-widget elementor-widget-heading\" data-id=\"4117c8f2\" data-element_type=\"widget\" data-e-type=\"widget\" data-widget_type=\"heading.default\">\n\t\t\t\t<div class=\"elementor-widget-container\">\n\t\t\t\t\t<h2 class=\"elementor-heading-title elementor-size-default\">Jag vill veta mer om l\u00f6sningar f\u00f6r<\/h2>\t\t\t\t<\/div>\n\t\t\t\t<\/div>\n\t\t\t\t<div class=\"elementor-element elementor-element-6ba42ada elementor-widget__width-initial elementor-widget elementor-widget-heading\" data-id=\"6ba42ada\" data-element_type=\"widget\" data-e-type=\"widget\" data-widget_type=\"heading.default\">\n\t\t\t\t<div class=\"elementor-widget-container\">\n\t\t\t\t\t<h2 class=\"elementor-heading-title elementor-size-default\">Fastighets\u00e4gare<\/h2>\t\t\t\t<\/div>\n\t\t\t\t<\/div>\n\t\t\t\t<div class=\"elementor-element elementor-element-2216c1f1 elementor-widget elementor-widget-text-editor\" data-id=\"2216c1f1\" data-element_type=\"widget\" data-e-type=\"widget\" data-widget_type=\"text-editor.default\">\n\t\t\t\t<div class=\"elementor-widget-container\">\n\t\t\t\t\t\t\t\t\t<p>Inom SI finns b\u00e5de bred och djup kunskap. V\u00e5rt fokus \u00e4r alltid att lyssna p\u00e5 v\u00e5ra kunder f\u00f6r att tillsammans hitta den b\u00e4sta l\u00f6sningen. Varmt v\u00e4lkomna att h\u00f6ra av er!<\/p>\t\t\t\t\t\t\t\t<\/div>\n\t\t\t\t<\/div>\n\t\t\t\t<div class=\"elementor-element elementor-element-9803b83 elementor-align-left elementor-widget elementor-widget-button\" data-id=\"9803b83\" data-element_type=\"widget\" data-e-type=\"widget\" data-widget_type=\"button.default\">\n\t\t\t\t<div class=\"elementor-widget-container\">\n\t\t\t\t\t\t\t\t\t<div class=\"elementor-button-wrapper\">\n\t\t\t\t\t<a class=\"elementor-button elementor-button-link elementor-size-sm\" href=\"#elementor-action%3Aaction%3Dpopup%3Aopen%26settings%3DeyJpZCI6IjIyOTYzIiwidG9nZ2xlIjpmYWxzZX0%3D\">\n\t\t\t\t\t\t<span class=\"elementor-button-content-wrapper\">\n\t\t\t\t\t\t\t\t\t<span class=\"elementor-button-text\">ta f\u00f6rsta steget<\/span>\n\t\t\t\t\t<\/span>\n\t\t\t\t\t<\/a>\n\t\t\t\t<\/div>\n\t\t\t\t\t\t\t\t<\/div>\n\t\t\t\t<\/div>\n\t\t\t\t\t<\/div>\n\t\t\t\t<\/div>\n\t\t\t\t<\/div>\n\t\t","protected":false},"excerpt":{"rendered":"<p>Fastighets\u00e4gare Maximera v\u00e4rdet med smarta automationsl\u00f6sningar F\u00f6r dig som sitter i ledningsgruppen f\u00f6r ett fastighetsbolag eller ansvarar f\u00f6r ekonomin i en eller flera fastigheter blir fastighetsautomation allt viktigare. Ofta finns betydande vinster att h\u00e4mta genom att se \u00f6ver befintliga system, tj\u00e4nster och arbetss\u00e4tt med m\u00e5let att st\u00e4rka de finansiella nyckeltalen och i f\u00f6rl\u00e4ngningen f\u00f6rb\u00e4ttra resultatet. [&hellip;]<\/p>\n","protected":false},"author":9,"featured_media":0,"parent":16405,"menu_order":0,"comment_status":"closed","ping_status":"closed","template":"","meta":{"_acf_changed":false,"footnotes":""},"class_list":["post-16484","page","type-page","status-publish","hentry"],"acf":[],"_links":{"self":[{"href":"https:\/\/wearesi.se\/en\/wp-json\/wp\/v2\/pages\/16484","targetHints":{"allow":["GET"]}}],"collection":[{"href":"https:\/\/wearesi.se\/en\/wp-json\/wp\/v2\/pages"}],"about":[{"href":"https:\/\/wearesi.se\/en\/wp-json\/wp\/v2\/types\/page"}],"author":[{"embeddable":true,"href":"https:\/\/wearesi.se\/en\/wp-json\/wp\/v2\/users\/9"}],"replies":[{"embeddable":true,"href":"https:\/\/wearesi.se\/en\/wp-json\/wp\/v2\/comments?post=16484"}],"version-history":[{"count":55,"href":"https:\/\/wearesi.se\/en\/wp-json\/wp\/v2\/pages\/16484\/revisions"}],"predecessor-version":[{"id":23175,"href":"https:\/\/wearesi.se\/en\/wp-json\/wp\/v2\/pages\/16484\/revisions\/23175"}],"up":[{"embeddable":true,"href":"https:\/\/wearesi.se\/en\/wp-json\/wp\/v2\/pages\/16405"}],"wp:attachment":[{"href":"https:\/\/wearesi.se\/en\/wp-json\/wp\/v2\/media?parent=16484"}],"curies":[{"name":"wp","href":"https:\/\/api.w.org\/{rel}","templated":true}]}}