{"id":16480,"date":"2025-09-29T16:17:50","date_gmt":"2025-09-29T14:17:50","guid":{"rendered":"https:\/\/wearesi.se\/?page_id=16480"},"modified":"2026-04-14T21:06:32","modified_gmt":"2026-04-14T19:06:32","slug":"service-underhall","status":"publish","type":"page","link":"https:\/\/wearesi.se\/en\/losningar\/service-underhall","title":{"rendered":"SI &#8211; Service och underh\u00e5ll"},"content":{"rendered":"\t\t<div data-elementor-type=\"wp-page\" data-elementor-id=\"16480\" class=\"elementor elementor-16480\" data-elementor-post-type=\"page\">\n\t\t\t\t<div class=\"elementor-element elementor-element-e41bb04 e-flex e-con-boxed e-con e-parent\" data-id=\"e41bb04\" data-element_type=\"container\" data-e-type=\"container\" data-settings=\"{&quot;background_background&quot;:&quot;classic&quot;}\">\n\t\t\t\t\t<div class=\"e-con-inner\">\n\t\t<div class=\"elementor-element elementor-element-5f5cac3 e-con-full e-grid e-con e-child\" data-id=\"5f5cac3\" data-element_type=\"container\" data-e-type=\"container\" data-settings=\"{&quot;motion_fx_motion_fx_scrolling&quot;:&quot;yes&quot;,&quot;motion_fx_translateY_effect&quot;:&quot;yes&quot;,&quot;motion_fx_translateY_speed&quot;:{&quot;unit&quot;:&quot;px&quot;,&quot;size&quot;:2,&quot;sizes&quot;:[]},&quot;motion_fx_translateY_affectedRange&quot;:{&quot;unit&quot;:&quot;%&quot;,&quot;size&quot;:&quot;&quot;,&quot;sizes&quot;:{&quot;start&quot;:0,&quot;end&quot;:100}},&quot;motion_fx_devices&quot;:[&quot;desktop&quot;,&quot;tablet&quot;,&quot;mobile&quot;]}\">\n\t\t<div class=\"elementor-element elementor-element-b765c41 e-con-full e-flex e-con e-child\" data-id=\"b765c41\" data-element_type=\"container\" data-e-type=\"container\">\n\t\t\t\t<div class=\"elementor-element elementor-element-8ad1cac elementor-widget elementor-widget-heading\" data-id=\"8ad1cac\" data-element_type=\"widget\" data-e-type=\"widget\" data-widget_type=\"heading.default\">\n\t\t\t\t<div class=\"elementor-widget-container\">\n\t\t\t\t\t<span class=\"elementor-heading-title elementor-size-default\">Service &amp; underh\u00e5ll<\/span>\t\t\t\t<\/div>\n\t\t\t\t<\/div>\n\t\t\t\t<div class=\"elementor-element elementor-element-a186733 elementor-widget elementor-widget-heading\" data-id=\"a186733\" data-element_type=\"widget\" data-e-type=\"widget\" data-widget_type=\"heading.default\">\n\t\t\t\t<div class=\"elementor-widget-container\">\n\t\t\t\t\t<h1 class=\"elementor-heading-title elementor-size-default\">Garantera funktion, energieffektivitet, s\u00e4kerhet och livsl\u00e4ngd<\/h1>\t\t\t\t<\/div>\n\t\t\t\t<\/div>\n\t\t\t\t<div class=\"elementor-element elementor-element-00c4c85 elementor-widget elementor-widget-text-editor\" data-id=\"00c4c85\" data-element_type=\"widget\" data-e-type=\"widget\" data-widget_type=\"text-editor.default\">\n\t\t\t\t<div class=\"elementor-widget-container\">\n\t\t\t\t\t\t\t\t\t<p>En energieffektiv, drifts\u00e4ker och h\u00e5llbar fastighet kr\u00e4ver ett regelbundet och proaktivt underh\u00e5llsarbete.\u00a0<\/p><p>Med v\u00e5ra produkter och tj\u00e4nster inom service och underh\u00e5ll s\u00e4kerst\u00e4ller vi att fastighetens system och komponenter fungerar \u00f6ver tid f\u00f6r en bekymmersfri drift, n\u00f6jdare kunder och l\u00e4gre kostnader.\u00a0 \u00a0<\/p>\t\t\t\t\t\t\t\t<\/div>\n\t\t\t\t<\/div>\n\t\t\t\t<\/div>\n\t\t\t\t<\/div>\n\t\t\t\t\t<\/div>\n\t\t\t\t<\/div>\n\t\t<div class=\"elementor-element elementor-element-31f0678 e-grid e-con-full e-con e-parent\" data-id=\"31f0678\" data-element_type=\"container\" data-e-type=\"container\">\n\t\t<div class=\"elementor-element elementor-element-03dcceb e-flex e-con-boxed e-con e-child\" data-id=\"03dcceb\" data-element_type=\"container\" data-e-type=\"container\">\n\t\t\t\t\t<div class=\"e-con-inner\">\n\t\t<div class=\"elementor-element elementor-element-a290472 e-con-full e-flex e-con e-child\" data-id=\"a290472\" data-element_type=\"container\" data-e-type=\"container\">\n\t\t\t\t<div class=\"elementor-element elementor-element-06484b4 elementor-widget elementor-widget-heading\" data-id=\"06484b4\" data-element_type=\"widget\" data-e-type=\"widget\" data-widget_type=\"heading.default\">\n\t\t\t\t<div class=\"elementor-widget-container\">\n\t\t\t\t\t<span class=\"elementor-heading-title elementor-size-default\">Proaktivt underh\u00e5ll<\/span>\t\t\t\t<\/div>\n\t\t\t\t<\/div>\n\t\t\t\t<div class=\"elementor-element elementor-element-e17c728 elementor-widget elementor-widget-heading\" data-id=\"e17c728\" data-element_type=\"widget\" data-e-type=\"widget\" data-widget_type=\"heading.default\">\n\t\t\t\t<div class=\"elementor-widget-container\">\n\t\t\t\t\t<h2 class=\"elementor-heading-title elementor-size-default\">F\u00f6rebyggande underh\u00e5ll f\u00f6rl\u00e4nger livsl\u00e4ngden p\u00e5 system och komponenter<\/h2>\t\t\t\t<\/div>\n\t\t\t\t<\/div>\n\t\t\t\t<div class=\"elementor-element elementor-element-72f1232 elementor-widget elementor-widget-text-editor\" data-id=\"72f1232\" data-element_type=\"widget\" data-e-type=\"widget\" data-widget_type=\"text-editor.default\">\n\t\t\t\t<div class=\"elementor-widget-container\">\n\t\t\t\t\t\t\t\t\t<p>Genom att teckna serviceavtal s\u00e4kerst\u00e4ller vi att era system fungerar som de ska och att ni f\u00e5r snabb hj\u00e4lp om n\u00e5got h\u00e4nder. Genom ett proaktivt arbete kan vi minimera risken f\u00f6r att komponenter g\u00e5r s\u00f6nder och h\u00e5ller l\u00e4ngre. Detta ger en h\u00f6gre drifts\u00e4kerhet och maximerat v\u00e4rde av investeringen.<\/p>\t\t\t\t\t\t\t\t<\/div>\n\t\t\t\t<\/div>\n\t\t\t\t<\/div>\n\t\t\t\t\t<\/div>\n\t\t\t\t<\/div>\n\t\t\t\t<div class=\"elementor-element elementor-element-2089276 elementor-widget elementor-widget-image\" data-id=\"2089276\" data-element_type=\"widget\" data-e-type=\"widget\" data-widget_type=\"image.default\">\n\t\t\t\t<div class=\"elementor-widget-container\">\n\t\t\t\t\t\t\t\t\t\t\t\t\t\t\t<img fetchpriority=\"high\" decoding=\"async\" width=\"800\" height=\"534\" src=\"https:\/\/wearesi.se\/wp-content\/uploads\/2026\/03\/Facility_2-1-1024x683.webp\" class=\"attachment-large size-large wp-image-20555\" alt=\"\" srcset=\"https:\/\/wearesi.se\/wp-content\/uploads\/2026\/03\/Facility_2-1-1024x683.webp 1024w, https:\/\/wearesi.se\/wp-content\/uploads\/2026\/03\/Facility_2-1-300x200.webp 300w, https:\/\/wearesi.se\/wp-content\/uploads\/2026\/03\/Facility_2-1-768x512.webp 768w, https:\/\/wearesi.se\/wp-content\/uploads\/2026\/03\/Facility_2-1-1536x1024.webp 1536w, https:\/\/wearesi.se\/wp-content\/uploads\/2026\/03\/Facility_2-1-18x12.webp 18w, https:\/\/wearesi.se\/wp-content\/uploads\/2026\/03\/Facility_2-1.webp 1920w\" sizes=\"(max-width: 800px) 100vw, 800px\" \/>\t\t\t\t\t\t\t\t\t\t\t\t\t\t\t<\/div>\n\t\t\t\t<\/div>\n\t\t\t\t<\/div>\n\t\t<div class=\"elementor-element elementor-element-150e93b8 e-grid e-con-full e-con e-parent\" data-id=\"150e93b8\" data-element_type=\"container\" data-e-type=\"container\">\n\t\t\t\t<div class=\"elementor-element elementor-element-2226f3da elementor-widget elementor-widget-image\" data-id=\"2226f3da\" data-element_type=\"widget\" data-e-type=\"widget\" data-widget_type=\"image.default\">\n\t\t\t\t<div class=\"elementor-widget-container\">\n\t\t\t\t\t\t\t\t\t\t\t\t\t\t\t<img decoding=\"async\" width=\"800\" height=\"534\" src=\"https:\/\/wearesi.se\/wp-content\/uploads\/2026\/03\/Facility_1-1-1024x683.webp\" class=\"attachment-large size-large wp-image-19784\" alt=\"\" srcset=\"https:\/\/wearesi.se\/wp-content\/uploads\/2026\/03\/Facility_1-1-1024x683.webp 1024w, https:\/\/wearesi.se\/wp-content\/uploads\/2026\/03\/Facility_1-1-300x200.webp 300w, https:\/\/wearesi.se\/wp-content\/uploads\/2026\/03\/Facility_1-1-768x512.webp 768w, https:\/\/wearesi.se\/wp-content\/uploads\/2026\/03\/Facility_1-1-1536x1024.webp 1536w, https:\/\/wearesi.se\/wp-content\/uploads\/2026\/03\/Facility_1-1-2048x1365.webp 2048w, https:\/\/wearesi.se\/wp-content\/uploads\/2026\/03\/Facility_1-1-18x12.webp 18w\" sizes=\"(max-width: 800px) 100vw, 800px\" \/>\t\t\t\t\t\t\t\t\t\t\t\t\t\t\t<\/div>\n\t\t\t\t<\/div>\n\t\t<div class=\"elementor-element elementor-element-3ccc15a4 e-flex e-con-boxed e-con e-child\" data-id=\"3ccc15a4\" data-element_type=\"container\" data-e-type=\"container\">\n\t\t\t\t\t<div class=\"e-con-inner\">\n\t\t<div class=\"elementor-element elementor-element-2d4e2fdc e-con-full e-flex e-con e-child\" data-id=\"2d4e2fdc\" data-element_type=\"container\" data-e-type=\"container\">\n\t\t\t\t<div class=\"elementor-element elementor-element-21139090 elementor-widget elementor-widget-heading\" data-id=\"21139090\" data-element_type=\"widget\" data-e-type=\"widget\" data-widget_type=\"heading.default\">\n\t\t\t\t<div class=\"elementor-widget-container\">\n\t\t\t\t\t<span class=\"elementor-heading-title elementor-size-default\">Vi ser helheten<\/span>\t\t\t\t<\/div>\n\t\t\t\t<\/div>\n\t\t\t\t<div class=\"elementor-element elementor-element-583611bf elementor-widget elementor-widget-heading\" data-id=\"583611bf\" data-element_type=\"widget\" data-e-type=\"widget\" data-widget_type=\"heading.default\">\n\t\t\t\t<div class=\"elementor-widget-container\">\n\t\t\t\t\t<h2 class=\"elementor-heading-title elementor-size-default\">Helhetsansvar som skapar trygg och h\u00e5llbar drift<\/h2>\t\t\t\t<\/div>\n\t\t\t\t<\/div>\n\t\t\t\t<div class=\"elementor-element elementor-element-5fb390ac elementor-widget elementor-widget-text-editor\" data-id=\"5fb390ac\" data-element_type=\"widget\" data-e-type=\"widget\" data-widget_type=\"text-editor.default\">\n\t\t\t\t<div class=\"elementor-widget-container\">\n\t\t\t\t\t\t\t\t\t<p>N\u00e4r v\u00e5ra tekniker \u00e4r p\u00e5 plats f\u00e5r du mer \u00e4n en utf\u00f6rd arbetsorder. Vi arbetar alltid med ett helhetsperspektiv och noterar om vi uppt\u00e4cker n\u00e5got som kan p\u00e5verka fastighetens funktion eller drift.\u00a0<\/p><p>Med v\u00e5r breda kompetens och kontaktn\u00e4t av entrepren\u00f6rer kan vi snabbt samordna r\u00e4tt kompetenser och s\u00e4kerst\u00e4lla att \u00e5tg\u00e4rd \u00e4r snabbt p\u00e5 plats.<\/p>\t\t\t\t\t\t\t\t<\/div>\n\t\t\t\t<\/div>\n\t\t\t\t<\/div>\n\t\t\t\t\t<\/div>\n\t\t\t\t<\/div>\n\t\t\t\t<\/div>\n\t\t<div class=\"elementor-element elementor-element-3732042 e-grid e-con-boxed e-con e-parent\" data-id=\"3732042\" data-element_type=\"container\" data-e-type=\"container\" data-settings=\"{&quot;background_background&quot;:&quot;classic&quot;}\">\n\t\t\t\t\t<div class=\"e-con-inner\">\n\t\t<div class=\"elementor-element elementor-element-7108579 e-con-full e-flex e-con e-child\" data-id=\"7108579\" data-element_type=\"container\" data-e-type=\"container\">\n\t\t\t\t<div class=\"elementor-element elementor-element-42ac380 elementor-view-default elementor-widget elementor-widget-icon\" data-id=\"42ac380\" data-element_type=\"widget\" data-e-type=\"widget\" data-widget_type=\"icon.default\">\n\t\t\t\t<div class=\"elementor-widget-container\">\n\t\t\t\t\t\t\t<div class=\"elementor-icon-wrapper\">\n\t\t\t<div class=\"elementor-icon\">\n\t\t\t<svg xmlns=\"http:\/\/www.w3.org\/2000\/svg\" height=\"24px\" viewBox=\"0 -960 960 960\" width=\"24px\" fill=\"#e3e3e3\"><path d=\"m424-296 282-282-56-56-226 226-114-114-56 56 170 170Zm56 216q-83 0-156-31.5T197-197q-54-54-85.5-127T80-480q0-83 31.5-156T197-763q54-54 127-85.5T480-880q83 0 156 31.5T763-763q54 54 85.5 127T880-480q0 83-31.5 156T763-197q-54 54-127 85.5T480-80Zm0-80q134 0 227-93t93-227q0-134-93-227t-227-93q-134 0-227 93t-93 227q0 134 93 227t227 93Zm0-320Z\"><\/path><\/svg>\t\t\t<\/div>\n\t\t<\/div>\n\t\t\t\t\t\t<\/div>\n\t\t\t\t<\/div>\n\t\t\t\t<div class=\"elementor-element elementor-element-16ce924 elementor-widget elementor-widget-heading\" data-id=\"16ce924\" data-element_type=\"widget\" data-e-type=\"widget\" data-widget_type=\"heading.default\">\n\t\t\t\t<div class=\"elementor-widget-container\">\n\t\t\t\t\t<h2 class=\"elementor-heading-title elementor-size-default\">Service oavsett fabrikat<\/h2>\t\t\t\t<\/div>\n\t\t\t\t<\/div>\n\t\t\t\t<div class=\"elementor-element elementor-element-fd82e35 elementor-widget elementor-widget-text-editor\" data-id=\"fd82e35\" data-element_type=\"widget\" data-e-type=\"widget\" data-widget_type=\"text-editor.default\">\n\t\t\t\t<div class=\"elementor-widget-container\">\n\t\t\t\t\t\t\t\t\t<p>Serviceavdelningen \u00e4r navet som s\u00e4kerst\u00e4ller att fastighetssystem fungerar optimalt \u00f6ver<br \/>tid. SI erbjuder olika servicetj\u00e4nster och har l\u00e5ng erfarenhet av alla ledande fabrikat.\u00a0<\/p>\t\t\t\t\t\t\t\t<\/div>\n\t\t\t\t<\/div>\n\t\t\t\t<\/div>\n\t\t<div class=\"elementor-element elementor-element-0cbd3fc e-con-full e-flex e-con e-child\" data-id=\"0cbd3fc\" data-element_type=\"container\" data-e-type=\"container\">\n\t\t\t\t<div class=\"elementor-element elementor-element-23fe5ba elementor-view-default elementor-widget elementor-widget-icon\" data-id=\"23fe5ba\" data-element_type=\"widget\" data-e-type=\"widget\" data-widget_type=\"icon.default\">\n\t\t\t\t<div class=\"elementor-widget-container\">\n\t\t\t\t\t\t\t<div class=\"elementor-icon-wrapper\">\n\t\t\t<div class=\"elementor-icon\">\n\t\t\t<svg xmlns=\"http:\/\/www.w3.org\/2000\/svg\" height=\"24px\" viewBox=\"0 -960 960 960\" width=\"24px\" fill=\"#e3e3e3\"><path d=\"M480-400 40-640l440-240 440 240-440 240Zm0 160L63-467l84-46 333 182 333-182 84 46-417 227Zm0 160L63-307l84-46 333 182 333-182 84 46L480-80Zm0-411 273-149-273-149-273 149 273 149Zm0-149Z\"><\/path><\/svg>\t\t\t<\/div>\n\t\t<\/div>\n\t\t\t\t\t\t<\/div>\n\t\t\t\t<\/div>\n\t\t\t\t<div class=\"elementor-element elementor-element-65138c9 elementor-widget elementor-widget-heading\" data-id=\"65138c9\" data-element_type=\"widget\" data-e-type=\"widget\" data-widget_type=\"heading.default\">\n\t\t\t\t<div class=\"elementor-widget-container\">\n\t\t\t\t\t<h2 class=\"elementor-heading-title elementor-size-default\">Bred och djup kompetens<\/h2>\t\t\t\t<\/div>\n\t\t\t\t<\/div>\n\t\t\t\t<div class=\"elementor-element elementor-element-0a1d129 elementor-widget elementor-widget-text-editor\" data-id=\"0a1d129\" data-element_type=\"widget\" data-e-type=\"widget\" data-widget_type=\"text-editor.default\">\n\t\t\t\t<div class=\"elementor-widget-container\">\n\t\t\t\t\t\t\t\t\t<p>Med \u00f6ver 500 medarbetare f\u00f6rdelat p\u00e5 \u00f6ver 35 kontor i Norden finns vi n\u00e4ra dig f\u00f6r en h\u00f6g servicekvalitet. Med uppkopplade system finns v\u00e5ra tekniker tillg\u00e4ngliga f\u00f6r support och fels\u00f6kning \u00e4ven p\u00e5 distans.<\/p>\t\t\t\t\t\t\t\t<\/div>\n\t\t\t\t<\/div>\n\t\t\t\t<\/div>\n\t\t<div class=\"elementor-element elementor-element-58d2b06 e-con-full e-flex e-con e-child\" data-id=\"58d2b06\" data-element_type=\"container\" data-e-type=\"container\">\n\t\t\t\t<div class=\"elementor-element elementor-element-f2d9034 elementor-view-default elementor-widget elementor-widget-icon\" data-id=\"f2d9034\" data-element_type=\"widget\" data-e-type=\"widget\" data-widget_type=\"icon.default\">\n\t\t\t\t<div class=\"elementor-widget-container\">\n\t\t\t\t\t\t\t<div class=\"elementor-icon-wrapper\">\n\t\t\t<div class=\"elementor-icon\">\n\t\t\t<svg xmlns=\"http:\/\/www.w3.org\/2000\/svg\" height=\"24px\" viewBox=\"0 -960 960 960\" width=\"24px\" fill=\"#e3e3e3\"><path d=\"M280-80 120-240l160-160 56 58-62 62h406v-160h80v240H274l62 62-56 58Zm-80-440v-240h486l-62-62 56-58 160 160-160 160-56-58 62-62H280v160h-80Z\"><\/path><\/svg>\t\t\t<\/div>\n\t\t<\/div>\n\t\t\t\t\t\t<\/div>\n\t\t\t\t<\/div>\n\t\t\t\t<div class=\"elementor-element elementor-element-df3b12e elementor-widget elementor-widget-heading\" data-id=\"df3b12e\" data-element_type=\"widget\" data-e-type=\"widget\" data-widget_type=\"heading.default\">\n\t\t\t\t<div class=\"elementor-widget-container\">\n\t\t\t\t\t<h2 class=\"elementor-heading-title elementor-size-default\">Regelbunden kontroll<\/h2>\t\t\t\t<\/div>\n\t\t\t\t<\/div>\n\t\t\t\t<div class=\"elementor-element elementor-element-38af822 elementor-widget elementor-widget-text-editor\" data-id=\"38af822\" data-element_type=\"widget\" data-e-type=\"widget\" data-widget_type=\"text-editor.default\">\n\t\t\t\t<div class=\"elementor-widget-container\">\n\t\t\t\t\t\t\t\t\t<p>En viktig del av arbetet \u00e4r regelbunden kontroll och genomg\u00e5ng av system f\u00f6r att f\u00f6rebygga problem innan de uppst\u00e5r. Det kan handla om allt fr\u00e5n filterbyten till uppdateringar av mjukvaran i systemen.<\/p>\t\t\t\t\t\t\t\t<\/div>\n\t\t\t\t<\/div>\n\t\t\t\t<\/div>\n\t\t<div class=\"elementor-element elementor-element-aaf5317 e-con-full e-flex e-con e-child\" data-id=\"aaf5317\" data-element_type=\"container\" data-e-type=\"container\">\n\t\t\t\t<div class=\"elementor-element elementor-element-199e89d elementor-view-default elementor-widget elementor-widget-icon\" data-id=\"199e89d\" data-element_type=\"widget\" data-e-type=\"widget\" data-widget_type=\"icon.default\">\n\t\t\t\t<div class=\"elementor-widget-container\">\n\t\t\t\t\t\t\t<div class=\"elementor-icon-wrapper\">\n\t\t\t<div class=\"elementor-icon\">\n\t\t\t<svg xmlns=\"http:\/\/www.w3.org\/2000\/svg\" height=\"24px\" viewBox=\"0 -960 960 960\" width=\"24px\" fill=\"#9ACCCD\"><path d=\"M603.5-193.5Q560-237 560-300t43.5-106.5Q647-450 710-450t106.5 43.5Q860-363 860-300t-43.5 106.5Q773-150 710-150t-106.5-43.5Zm156-57Q780-271 780-300t-20.5-49.5Q739-370 710-370t-49.5 20.5Q640-329 640-300t20.5 49.5Q681-230 710-230t49.5-20.5ZM160-260v-80h320v80H160Zm-16.5-293.5Q100-597 100-660t43.5-106.5Q187-810 250-810t106.5 43.5Q400-723 400-660t-43.5 106.5Q313-510 250-510t-106.5-43.5Zm156-57Q320-631 320-660t-20.5-49.5Q279-730 250-730t-49.5 20.5Q180-689 180-660t20.5 49.5Q221-590 250-590t49.5-20.5ZM480-620v-80h320v80H480Zm230 320ZM250-660Z\"><\/path><\/svg>\t\t\t<\/div>\n\t\t<\/div>\n\t\t\t\t\t\t<\/div>\n\t\t\t\t<\/div>\n\t\t\t\t<div class=\"elementor-element elementor-element-490152b elementor-widget elementor-widget-heading\" data-id=\"490152b\" data-element_type=\"widget\" data-e-type=\"widget\" data-widget_type=\"heading.default\">\n\t\t\t\t<div class=\"elementor-widget-container\">\n\t\t\t\t\t<h2 class=\"elementor-heading-title elementor-size-default\">Systemoberoende<\/h2>\t\t\t\t<\/div>\n\t\t\t\t<\/div>\n\t\t\t\t<div class=\"elementor-element elementor-element-46f467e elementor-widget elementor-widget-text-editor\" data-id=\"46f467e\" data-element_type=\"widget\" data-e-type=\"widget\" data-widget_type=\"text-editor.default\">\n\t\t\t\t<div class=\"elementor-widget-container\">\n\t\t\t\t\t\t\t\t\t<p>Vi arbetar med alla ledande styr- och BMS-system och har helt\u00e4ckande partnerskap med leverant\u00f6rer inom styr- och regler.<\/p>\t\t\t\t\t\t\t\t<\/div>\n\t\t\t\t<\/div>\n\t\t\t\t<\/div>\n\t\t\t\t\t<\/div>\n\t\t\t\t<\/div>\n\t\t<div class=\"elementor-element elementor-element-51f0023e e-flex e-con-boxed e-con e-parent\" data-id=\"51f0023e\" data-element_type=\"container\" data-e-type=\"container\" data-settings=\"{&quot;background_background&quot;:&quot;classic&quot;}\">\n\t\t\t\t\t<div class=\"e-con-inner\">\n\t\t\t\t<div class=\"elementor-element elementor-element-708e23eb elementor-widget elementor-widget-heading\" data-id=\"708e23eb\" data-element_type=\"widget\" data-e-type=\"widget\" data-widget_type=\"heading.default\">\n\t\t\t\t<div class=\"elementor-widget-container\">\n\t\t\t\t\t<h2 class=\"elementor-heading-title elementor-size-default\">Jag vill veta mer om l\u00f6sningar f\u00f6r  <\/h2>\t\t\t\t<\/div>\n\t\t\t\t<\/div>\n\t\t\t\t<div class=\"elementor-element elementor-element-1d6389cf elementor-widget__width-initial elementor-widget elementor-widget-heading\" data-id=\"1d6389cf\" data-element_type=\"widget\" data-e-type=\"widget\" data-widget_type=\"heading.default\">\n\t\t\t\t<div class=\"elementor-widget-container\">\n\t\t\t\t\t<h2 class=\"elementor-heading-title elementor-size-default\">Service &amp; underh\u00e5ll<\/h2>\t\t\t\t<\/div>\n\t\t\t\t<\/div>\n\t\t\t\t<div class=\"elementor-element elementor-element-2f9610b7 elementor-widget elementor-widget-text-editor\" data-id=\"2f9610b7\" data-element_type=\"widget\" data-e-type=\"widget\" data-widget_type=\"text-editor.default\">\n\t\t\t\t<div class=\"elementor-widget-container\">\n\t\t\t\t\t\t\t\t\t<p>Inom SI finns b\u00e5de bred och djup kunskap. V\u00e5rt fokus \u00e4r alltid att lyssna p\u00e5 v\u00e5ra kunder f\u00f6r att tillsammans hitta den b\u00e4sta l\u00f6sningen. Varmt v\u00e4lkomna att h\u00f6ra av er!<\/p>\t\t\t\t\t\t\t\t<\/div>\n\t\t\t\t<\/div>\n\t\t\t\t<div class=\"elementor-element elementor-element-6a6d3883 elementor-align-left elementor-widget elementor-widget-button\" data-id=\"6a6d3883\" data-element_type=\"widget\" data-e-type=\"widget\" data-widget_type=\"button.default\">\n\t\t\t\t<div class=\"elementor-widget-container\">\n\t\t\t\t\t\t\t\t\t<div class=\"elementor-button-wrapper\">\n\t\t\t\t\t<a class=\"elementor-button elementor-button-link elementor-size-sm\" href=\"#elementor-action%3Aaction%3Dpopup%3Aopen%26settings%3DeyJpZCI6IjIyOTYzIiwidG9nZ2xlIjpmYWxzZX0%3D\">\n\t\t\t\t\t\t<span class=\"elementor-button-content-wrapper\">\n\t\t\t\t\t\t\t\t\t<span class=\"elementor-button-text\">ta f\u00f6rsta steget<\/span>\n\t\t\t\t\t<\/span>\n\t\t\t\t\t<\/a>\n\t\t\t\t<\/div>\n\t\t\t\t\t\t\t\t<\/div>\n\t\t\t\t<\/div>\n\t\t\t\t\t<\/div>\n\t\t\t\t<\/div>\n\t\t\t\t<\/div>\n\t\t","protected":false},"excerpt":{"rendered":"<p>Service &amp; underh\u00e5ll Garantera funktion, energieffektivitet, s\u00e4kerhet och livsl\u00e4ngd En energieffektiv, drifts\u00e4ker och h\u00e5llbar fastighet kr\u00e4ver ett regelbundet och proaktivt underh\u00e5llsarbete.\u00a0 Med v\u00e5ra produkter och tj\u00e4nster inom service och underh\u00e5ll s\u00e4kerst\u00e4ller vi att fastighetens system och komponenter fungerar \u00f6ver tid f\u00f6r en bekymmersfri drift, n\u00f6jdare kunder och l\u00e4gre kostnader.\u00a0 \u00a0 Proaktivt underh\u00e5ll F\u00f6rebyggande underh\u00e5ll f\u00f6rl\u00e4nger [&hellip;]<\/p>\n","protected":false},"author":9,"featured_media":0,"parent":16405,"menu_order":0,"comment_status":"closed","ping_status":"closed","template":"","meta":{"_acf_changed":false,"footnotes":""},"class_list":["post-16480","page","type-page","status-publish","hentry"],"acf":[],"_links":{"self":[{"href":"https:\/\/wearesi.se\/en\/wp-json\/wp\/v2\/pages\/16480","targetHints":{"allow":["GET"]}}],"collection":[{"href":"https:\/\/wearesi.se\/en\/wp-json\/wp\/v2\/pages"}],"about":[{"href":"https:\/\/wearesi.se\/en\/wp-json\/wp\/v2\/types\/page"}],"author":[{"embeddable":true,"href":"https:\/\/wearesi.se\/en\/wp-json\/wp\/v2\/users\/9"}],"replies":[{"embeddable":true,"href":"https:\/\/wearesi.se\/en\/wp-json\/wp\/v2\/comments?post=16480"}],"version-history":[{"count":64,"href":"https:\/\/wearesi.se\/en\/wp-json\/wp\/v2\/pages\/16480\/revisions"}],"predecessor-version":[{"id":23302,"href":"https:\/\/wearesi.se\/en\/wp-json\/wp\/v2\/pages\/16480\/revisions\/23302"}],"up":[{"embeddable":true,"href":"https:\/\/wearesi.se\/en\/wp-json\/wp\/v2\/pages\/16405"}],"wp:attachment":[{"href":"https:\/\/wearesi.se\/en\/wp-json\/wp\/v2\/media?parent=16480"}],"curies":[{"name":"wp","href":"https:\/\/api.w.org\/{rel}","templated":true}]}}