{"id":16469,"date":"2025-09-29T16:13:08","date_gmt":"2025-09-29T14:13:08","guid":{"rendered":"https:\/\/wearesi.se\/?page_id=16469"},"modified":"2026-04-14T12:39:39","modified_gmt":"2026-04-14T10:39:39","slug":"industri","status":"publish","type":"page","link":"https:\/\/wearesi.se\/en\/losningar\/industri","title":{"rendered":"SI &#8211; Industri"},"content":{"rendered":"\t\t<div data-elementor-type=\"wp-page\" data-elementor-id=\"16469\" class=\"elementor elementor-16469\" data-elementor-post-type=\"page\">\n\t\t\t\t<div class=\"elementor-element elementor-element-e41bb04 e-flex e-con-boxed e-con e-parent\" data-id=\"e41bb04\" data-element_type=\"container\" data-e-type=\"container\" data-settings=\"{&quot;background_background&quot;:&quot;classic&quot;}\">\n\t\t\t\t\t<div class=\"e-con-inner\">\n\t\t<div class=\"elementor-element elementor-element-5f5cac3 e-con-full e-grid e-con e-child\" data-id=\"5f5cac3\" data-element_type=\"container\" data-e-type=\"container\" data-settings=\"{&quot;motion_fx_motion_fx_scrolling&quot;:&quot;yes&quot;,&quot;motion_fx_translateY_effect&quot;:&quot;yes&quot;,&quot;motion_fx_translateY_speed&quot;:{&quot;unit&quot;:&quot;px&quot;,&quot;size&quot;:2,&quot;sizes&quot;:[]},&quot;motion_fx_translateY_affectedRange&quot;:{&quot;unit&quot;:&quot;%&quot;,&quot;size&quot;:&quot;&quot;,&quot;sizes&quot;:{&quot;start&quot;:0,&quot;end&quot;:100}},&quot;motion_fx_devices&quot;:[&quot;desktop&quot;,&quot;tablet&quot;,&quot;mobile&quot;]}\">\n\t\t<div class=\"elementor-element elementor-element-b765c41 e-con-full e-flex e-con e-child\" data-id=\"b765c41\" data-element_type=\"container\" data-e-type=\"container\">\n\t\t\t\t<div class=\"elementor-element elementor-element-8ad1cac elementor-widget elementor-widget-heading\" data-id=\"8ad1cac\" data-element_type=\"widget\" data-e-type=\"widget\" data-widget_type=\"heading.default\">\n\t\t\t\t<div class=\"elementor-widget-container\">\n\t\t\t\t\t<span class=\"elementor-heading-title elementor-size-default\">Industri<\/span>\t\t\t\t<\/div>\n\t\t\t\t<\/div>\n\t\t\t\t<div class=\"elementor-element elementor-element-a186733 elementor-widget elementor-widget-heading\" data-id=\"a186733\" data-element_type=\"widget\" data-e-type=\"widget\" data-widget_type=\"heading.default\">\n\t\t\t\t<div class=\"elementor-widget-container\">\n\t\t\t\t\t<h1 class=\"elementor-heading-title elementor-size-default\">R\u00e4tt l\u00f6sningar f\u00f6r verksamheter som kr\u00e4ver mer<\/h1>\t\t\t\t<\/div>\n\t\t\t\t<\/div>\n\t\t\t\t<div class=\"elementor-element elementor-element-00c4c85 elementor-widget elementor-widget-text-editor\" data-id=\"00c4c85\" data-element_type=\"widget\" data-e-type=\"widget\" data-widget_type=\"text-editor.default\">\n\t\t\t\t<div class=\"elementor-widget-container\">\n\t\t\t\t\t\t\t\t\t<p>Vi \u00e4r mitt i en extremt snabb utveckling av digitala l\u00f6sningar f\u00f6r energieffektiva fastigheter. Det h\u00e4r \u00f6ppnar upp nya och stora m\u00f6jligheter f\u00f6r tillverkningsindustrin oavsett bransch. N\u00e4r kraven p\u00e5 h\u00e5llbarhet h\u00f6js \u00e4r anpassad fastighetsautomation en central del i jakten p\u00e5 minskad energianv\u00e4ndning. SI har l\u00e5ng erfarenhet av integrera smarta l\u00f6sningar som g\u00f6r skillnad snabbt.\u00a0<\/p>\t\t\t\t\t\t\t\t<\/div>\n\t\t\t\t<\/div>\n\t\t\t\t<\/div>\n\t\t\t\t<\/div>\n\t\t\t\t\t<\/div>\n\t\t\t\t<\/div>\n\t\t<div class=\"elementor-element elementor-element-92bcea2 e-grid e-con-full e-con e-parent\" data-id=\"92bcea2\" data-element_type=\"container\" data-e-type=\"container\">\n\t\t<div class=\"elementor-element elementor-element-c96fe8c e-flex e-con-boxed e-con e-child\" data-id=\"c96fe8c\" data-element_type=\"container\" data-e-type=\"container\">\n\t\t\t\t\t<div class=\"e-con-inner\">\n\t\t<div class=\"elementor-element elementor-element-0fef78a e-con-full e-flex e-con e-child\" data-id=\"0fef78a\" data-element_type=\"container\" data-e-type=\"container\">\n\t\t\t\t<div class=\"elementor-element elementor-element-7afa641 elementor-widget elementor-widget-heading\" data-id=\"7afa641\" data-element_type=\"widget\" data-e-type=\"widget\" data-widget_type=\"heading.default\">\n\t\t\t\t<div class=\"elementor-widget-container\">\n\t\t\t\t\t<h2 class=\"elementor-heading-title elementor-size-default\">Attraktiv, effektiv och trygg arbetsplats<\/h2>\t\t\t\t<\/div>\n\t\t\t\t<\/div>\n\t\t\t\t<div class=\"elementor-element elementor-element-064a380 elementor-widget elementor-widget-text-editor\" data-id=\"064a380\" data-element_type=\"widget\" data-e-type=\"widget\" data-widget_type=\"text-editor.default\">\n\t\t\t\t<div class=\"elementor-widget-container\">\n\t\t\t\t\t\t\t\t\t<p>Ett j\u00e4mnare inomhusklimat, f\u00e4rre driftst\u00f6rningar och en trygg arbetsmilj\u00f6 st\u00e4rker b\u00e5de produktivitet hos medarbetarna och attraktivitet som arbetsgivare. Genom att optimera ventilation, v\u00e4rme, kyla och \u00e5tervinning fr\u00e5n process skapar vi anl\u00e4ggningar som fungerar b\u00e4ttre varje dag, samtidigt som energikostnader och klimatp\u00e5verkan minskar.<\/p>\t\t\t\t\t\t\t\t<\/div>\n\t\t\t\t<\/div>\n\t\t\t\t<\/div>\n\t\t\t\t\t<\/div>\n\t\t\t\t<\/div>\n\t\t\t\t<div class=\"elementor-element elementor-element-971d4dd elementor-widget elementor-widget-image\" data-id=\"971d4dd\" data-element_type=\"widget\" data-e-type=\"widget\" data-widget_type=\"image.default\">\n\t\t\t\t<div class=\"elementor-widget-container\">\n\t\t\t\t\t\t\t\t\t\t\t\t\t\t\t<img fetchpriority=\"high\" decoding=\"async\" width=\"800\" height=\"534\" src=\"https:\/\/wearesi.se\/wp-content\/uploads\/2026\/03\/IL_6763-1024x683.webp\" class=\"attachment-large size-large wp-image-21644\" alt=\"\" srcset=\"https:\/\/wearesi.se\/wp-content\/uploads\/2026\/03\/IL_6763-1024x683.webp 1024w, https:\/\/wearesi.se\/wp-content\/uploads\/2026\/03\/IL_6763-300x200.webp 300w, https:\/\/wearesi.se\/wp-content\/uploads\/2026\/03\/IL_6763-768x512.webp 768w, https:\/\/wearesi.se\/wp-content\/uploads\/2026\/03\/IL_6763-1536x1024.webp 1536w, https:\/\/wearesi.se\/wp-content\/uploads\/2026\/03\/IL_6763-2048x1366.webp 2048w, https:\/\/wearesi.se\/wp-content\/uploads\/2026\/03\/IL_6763-18x12.webp 18w\" sizes=\"(max-width: 800px) 100vw, 800px\" \/>\t\t\t\t\t\t\t\t\t\t\t\t\t\t\t<\/div>\n\t\t\t\t<\/div>\n\t\t\t\t<\/div>\n\t\t<div class=\"elementor-element elementor-element-29b86efc e-grid e-con-full e-con e-parent\" data-id=\"29b86efc\" data-element_type=\"container\" data-e-type=\"container\">\n\t\t\t\t<div class=\"elementor-element elementor-element-2d494a86 elementor-widget elementor-widget-image\" data-id=\"2d494a86\" data-element_type=\"widget\" data-e-type=\"widget\" data-widget_type=\"image.default\">\n\t\t\t\t<div class=\"elementor-widget-container\">\n\t\t\t\t\t\t\t\t\t\t\t\t\t\t\t<img decoding=\"async\" width=\"800\" height=\"533\" src=\"https:\/\/wearesi.se\/wp-content\/uploads\/2026\/03\/Industri_1.avif\" class=\"attachment-large size-large wp-image-19611\" alt=\"\" \/>\t\t\t\t\t\t\t\t\t\t\t\t\t\t\t<\/div>\n\t\t\t\t<\/div>\n\t\t<div class=\"elementor-element elementor-element-dc0319e e-flex e-con-boxed e-con e-child\" data-id=\"dc0319e\" data-element_type=\"container\" data-e-type=\"container\">\n\t\t\t\t\t<div class=\"e-con-inner\">\n\t\t<div class=\"elementor-element elementor-element-4e368120 e-con-full e-flex e-con e-child\" data-id=\"4e368120\" data-element_type=\"container\" data-e-type=\"container\">\n\t\t\t\t<div class=\"elementor-element elementor-element-e9fb94a elementor-widget elementor-widget-heading\" data-id=\"e9fb94a\" data-element_type=\"widget\" data-e-type=\"widget\" data-widget_type=\"heading.default\">\n\t\t\t\t<div class=\"elementor-widget-container\">\n\t\t\t\t\t<h2 class=\"elementor-heading-title elementor-size-default\">Analys och r\u00e5dgivning som g\u00f6r skillnad<\/h2>\t\t\t\t<\/div>\n\t\t\t\t<\/div>\n\t\t\t\t<div class=\"elementor-element elementor-element-65582bee elementor-widget elementor-widget-text-editor\" data-id=\"65582bee\" data-element_type=\"widget\" data-e-type=\"widget\" data-widget_type=\"text-editor.default\">\n\t\t\t\t<div class=\"elementor-widget-container\">\n\t\t\t\t\t\t\t\t\t<p>Industriella fastigheter konsumerar mycket energi och har d\u00e4rmed en stor potential att g\u00f6ra stora besparingar b\u00e5de i kostnader och klimatp\u00e5verkan. En energikartl\u00e4ggning (EKL) kan b\u00e5de vara ett lagkrav men \u00e4ven en bra utg\u00e5ngspunkt f\u00f6r att f\u00e5 kontroll \u00f6ver hur anl\u00e4ggningen ser ut och vart energin tar v\u00e4gen.\u00a0<\/p><div><p>Som strategisk partner och helhetsleverant\u00f6r kan vi ta de f\u00f6rb\u00e4ttrings\u00e5tg\u00e4rder som identifieras hela v\u00e4gen fr\u00e5n investeringsunderlag till implementerad l\u00f6sning. M\u00e5let \u00e4r en stabilare drift, en s\u00e4krare arbetsmilj\u00f6 och l\u00e5ngsiktigt l\u00e4gre energikostnader.\u00a0<\/p><\/div>\t\t\t\t\t\t\t\t<\/div>\n\t\t\t\t<\/div>\n\t\t\t\t<\/div>\n\t\t\t\t\t<\/div>\n\t\t\t\t<\/div>\n\t\t\t\t<\/div>\n\t\t<div class=\"elementor-element elementor-element-860f4bd e-grid e-con-boxed e-con e-parent\" data-id=\"860f4bd\" data-element_type=\"container\" data-e-type=\"container\" data-settings=\"{&quot;background_background&quot;:&quot;classic&quot;}\">\n\t\t\t\t\t<div class=\"e-con-inner\">\n\t\t<div class=\"elementor-element elementor-element-f2ce08d e-con-full e-flex e-con e-child\" data-id=\"f2ce08d\" data-element_type=\"container\" data-e-type=\"container\">\n\t\t\t\t<div class=\"elementor-element elementor-element-3015048 elementor-view-default elementor-widget elementor-widget-icon\" data-id=\"3015048\" data-element_type=\"widget\" data-e-type=\"widget\" data-widget_type=\"icon.default\">\n\t\t\t\t<div class=\"elementor-widget-container\">\n\t\t\t\t\t\t\t<div class=\"elementor-icon-wrapper\">\n\t\t\t<div class=\"elementor-icon\">\n\t\t\t<svg xmlns=\"http:\/\/www.w3.org\/2000\/svg\" height=\"24px\" viewBox=\"0 -960 960 960\" width=\"24px\" fill=\"#e3e3e3\"><path d=\"M560-80v-123l221-220q9-9 20-13t22-4q12 0 23 4.5t20 13.5l37 37q8 9 12.5 20t4.5 22q0 11-4 22.5T903-300L683-80H560Zm300-263-37-37 37 37ZM620-140h38l121-122-18-19-19-18-122 121v38ZM240-80q-33 0-56.5-23.5T160-160v-640q0-33 23.5-56.5T240-880h320l240 240v120h-80v-80H520v-200H240v640h240v80H240Zm280-400Zm241 199-19-18 37 37-18-19Z\"><\/path><\/svg>\t\t\t<\/div>\n\t\t<\/div>\n\t\t\t\t\t\t<\/div>\n\t\t\t\t<\/div>\n\t\t\t\t<div class=\"elementor-element elementor-element-bce324f elementor-widget elementor-widget-heading\" data-id=\"bce324f\" data-element_type=\"widget\" data-e-type=\"widget\" data-widget_type=\"heading.default\">\n\t\t\t\t<div class=\"elementor-widget-container\">\n\t\t\t\t\t<h2 class=\"elementor-heading-title elementor-size-default\">Anpassningsbara l\u00f6sningar<\/h2>\t\t\t\t<\/div>\n\t\t\t\t<\/div>\n\t\t\t\t<div class=\"elementor-element elementor-element-e371bed elementor-widget elementor-widget-text-editor\" data-id=\"e371bed\" data-element_type=\"widget\" data-e-type=\"widget\" data-widget_type=\"text-editor.default\">\n\t\t\t\t<div class=\"elementor-widget-container\">\n\t\t\t\t\t\t\t\t\t<p>Digitaliseringen driver en h\u00f6g f\u00f6r\u00e4ndringstakt med nya behov och krav p\u00e5 fastigheternas funktion. Vi tar alltid den specifika verksamheten som utg\u00e5ngspunkt och bygger en anpassad och h\u00e5llbar l\u00f6sning \u00f6ver tid.<\/p>\t\t\t\t\t\t\t\t<\/div>\n\t\t\t\t<\/div>\n\t\t\t\t<\/div>\n\t\t<div class=\"elementor-element elementor-element-9fb7278 e-con-full e-flex e-con e-child\" data-id=\"9fb7278\" data-element_type=\"container\" data-e-type=\"container\">\n\t\t\t\t<div class=\"elementor-element elementor-element-a0520fb elementor-view-default elementor-widget elementor-widget-icon\" data-id=\"a0520fb\" data-element_type=\"widget\" data-e-type=\"widget\" data-widget_type=\"icon.default\">\n\t\t\t\t<div class=\"elementor-widget-container\">\n\t\t\t\t\t\t\t<div class=\"elementor-icon-wrapper\">\n\t\t\t<div class=\"elementor-icon\">\n\t\t\t<svg xmlns=\"http:\/\/www.w3.org\/2000\/svg\" height=\"24px\" viewBox=\"0 -960 960 960\" width=\"24px\" fill=\"#e3e3e3\"><path d=\"m360-160-56-56 70-72q-128-17-211-70T80-480q0-83 115.5-141.5T480-680q169 0 284.5 58.5T880-480q0 62-66.5 111T640-296v-82q77-20 118.5-49.5T800-480q0-32-85.5-76T480-600q-149 0-234.5 44T160-480q0 24 51 57.5T356-372l-52-52 56-56 160 160-160 160Z\"><\/path><\/svg>\t\t\t<\/div>\n\t\t<\/div>\n\t\t\t\t\t\t<\/div>\n\t\t\t\t<\/div>\n\t\t\t\t<div class=\"elementor-element elementor-element-3011741 elementor-widget elementor-widget-heading\" data-id=\"3011741\" data-element_type=\"widget\" data-e-type=\"widget\" data-widget_type=\"heading.default\">\n\t\t\t\t<div class=\"elementor-widget-container\">\n\t\t\t\t\t<h2 class=\"elementor-heading-title elementor-size-default\">Helhetsleverant\u00f6r<\/h2>\t\t\t\t<\/div>\n\t\t\t\t<\/div>\n\t\t\t\t<div class=\"elementor-element elementor-element-d0f1548 elementor-widget elementor-widget-text-editor\" data-id=\"d0f1548\" data-element_type=\"widget\" data-e-type=\"widget\" data-widget_type=\"text-editor.default\">\n\t\t\t\t<div class=\"elementor-widget-container\">\n\t\t\t\t\t\t\t\t\t<p>Vi tar ansvar f\u00f6r helheten, fr\u00e5n analys och design till projektering, installation, drifts\u00e4ttning och support. Med v\u00e5ra tj\u00e4nster f\u00f6r drift\u00f6vervakning, driftoptimering och uppf\u00f6ljning ser vi till att investeringen skapar v\u00e4rde \u00f6ver tid.<\/p>\t\t\t\t\t\t\t\t<\/div>\n\t\t\t\t<\/div>\n\t\t\t\t<\/div>\n\t\t\t\t\t<\/div>\n\t\t\t\t<\/div>\n\t\t<div class=\"elementor-element elementor-element-1ed78829 e-flex e-con-boxed e-con e-parent\" data-id=\"1ed78829\" data-element_type=\"container\" data-e-type=\"container\" data-settings=\"{&quot;background_background&quot;:&quot;classic&quot;}\">\n\t\t\t\t\t<div class=\"e-con-inner\">\n\t\t\t\t<div class=\"elementor-element elementor-element-1d8c1526 elementor-widget elementor-widget-heading\" data-id=\"1d8c1526\" data-element_type=\"widget\" data-e-type=\"widget\" data-widget_type=\"heading.default\">\n\t\t\t\t<div class=\"elementor-widget-container\">\n\t\t\t\t\t<h2 class=\"elementor-heading-title elementor-size-default\">Jag vill veta mer om l\u00f6sningar inom <\/h2>\t\t\t\t<\/div>\n\t\t\t\t<\/div>\n\t\t\t\t<div class=\"elementor-element elementor-element-7070a3c1 elementor-widget__width-initial elementor-widget elementor-widget-heading\" data-id=\"7070a3c1\" data-element_type=\"widget\" data-e-type=\"widget\" data-widget_type=\"heading.default\">\n\t\t\t\t<div class=\"elementor-widget-container\">\n\t\t\t\t\t<h2 class=\"elementor-heading-title elementor-size-default\">Industri<\/h2>\t\t\t\t<\/div>\n\t\t\t\t<\/div>\n\t\t\t\t<div class=\"elementor-element elementor-element-67ab8764 elementor-widget elementor-widget-text-editor\" data-id=\"67ab8764\" data-element_type=\"widget\" data-e-type=\"widget\" data-widget_type=\"text-editor.default\">\n\t\t\t\t<div class=\"elementor-widget-container\">\n\t\t\t\t\t\t\t\t\t<p>Inom SI finns b\u00e5de bred och djup kunskap. V\u00e5rt fokus \u00e4r alltid att lyssna p\u00e5 v\u00e5ra kunder f\u00f6r att tillsammans hitta den b\u00e4sta l\u00f6sningen. Varmt v\u00e4lkomna att h\u00f6ra av er!<\/p>\t\t\t\t\t\t\t\t<\/div>\n\t\t\t\t<\/div>\n\t\t\t\t<div class=\"elementor-element elementor-element-50a5ae20 elementor-align-left elementor-widget elementor-widget-button\" data-id=\"50a5ae20\" data-element_type=\"widget\" data-e-type=\"widget\" data-widget_type=\"button.default\">\n\t\t\t\t<div class=\"elementor-widget-container\">\n\t\t\t\t\t\t\t\t\t<div class=\"elementor-button-wrapper\">\n\t\t\t\t\t<a class=\"elementor-button elementor-button-link elementor-size-sm\" href=\"#elementor-action%3Aaction%3Dpopup%3Aopen%26settings%3DeyJpZCI6IjIyOTYzIiwidG9nZ2xlIjpmYWxzZX0%3D\">\n\t\t\t\t\t\t<span class=\"elementor-button-content-wrapper\">\n\t\t\t\t\t\t\t\t\t<span class=\"elementor-button-text\">ta f\u00f6rsta steget<\/span>\n\t\t\t\t\t<\/span>\n\t\t\t\t\t<\/a>\n\t\t\t\t<\/div>\n\t\t\t\t\t\t\t\t<\/div>\n\t\t\t\t<\/div>\n\t\t\t\t\t<\/div>\n\t\t\t\t<\/div>\n\t\t\t\t<\/div>\n\t\t","protected":false},"excerpt":{"rendered":"<p>Industri R\u00e4tt l\u00f6sningar f\u00f6r verksamheter som kr\u00e4ver mer Vi \u00e4r mitt i en extremt snabb utveckling av digitala l\u00f6sningar f\u00f6r energieffektiva fastigheter. Det h\u00e4r \u00f6ppnar upp nya och stora m\u00f6jligheter f\u00f6r tillverkningsindustrin oavsett bransch. N\u00e4r kraven p\u00e5 h\u00e5llbarhet h\u00f6js \u00e4r anpassad fastighetsautomation en central del i jakten p\u00e5 minskad energianv\u00e4ndning. SI har l\u00e5ng erfarenhet av [&hellip;]<\/p>\n","protected":false},"author":9,"featured_media":0,"parent":16405,"menu_order":0,"comment_status":"closed","ping_status":"closed","template":"","meta":{"_acf_changed":false,"footnotes":""},"class_list":["post-16469","page","type-page","status-publish","hentry"],"acf":[],"_links":{"self":[{"href":"https:\/\/wearesi.se\/en\/wp-json\/wp\/v2\/pages\/16469","targetHints":{"allow":["GET"]}}],"collection":[{"href":"https:\/\/wearesi.se\/en\/wp-json\/wp\/v2\/pages"}],"about":[{"href":"https:\/\/wearesi.se\/en\/wp-json\/wp\/v2\/types\/page"}],"author":[{"embeddable":true,"href":"https:\/\/wearesi.se\/en\/wp-json\/wp\/v2\/users\/9"}],"replies":[{"embeddable":true,"href":"https:\/\/wearesi.se\/en\/wp-json\/wp\/v2\/comments?post=16469"}],"version-history":[{"count":83,"href":"https:\/\/wearesi.se\/en\/wp-json\/wp\/v2\/pages\/16469\/revisions"}],"predecessor-version":[{"id":23140,"href":"https:\/\/wearesi.se\/en\/wp-json\/wp\/v2\/pages\/16469\/revisions\/23140"}],"up":[{"embeddable":true,"href":"https:\/\/wearesi.se\/en\/wp-json\/wp\/v2\/pages\/16405"}],"wp:attachment":[{"href":"https:\/\/wearesi.se\/en\/wp-json\/wp\/v2\/media?parent=16469"}],"curies":[{"name":"wp","href":"https:\/\/api.w.org\/{rel}","templated":true}]}}