{"id":16454,"date":"2025-09-29T16:03:27","date_gmt":"2025-09-29T14:03:27","guid":{"rendered":"https:\/\/wearesi.se\/?page_id=16454"},"modified":"2026-04-14T12:48:21","modified_gmt":"2026-04-14T10:48:21","slug":"kontor","status":"publish","type":"page","link":"https:\/\/wearesi.se\/en\/losningar\/kontor","title":{"rendered":"SI &#8211; Kontor"},"content":{"rendered":"\t\t<div data-elementor-type=\"wp-page\" data-elementor-id=\"16454\" class=\"elementor elementor-16454\" data-elementor-post-type=\"page\">\n\t\t\t\t<div class=\"elementor-element elementor-element-e41bb04 e-flex e-con-boxed e-con e-parent\" data-id=\"e41bb04\" data-element_type=\"container\" data-e-type=\"container\" data-settings=\"{&quot;background_background&quot;:&quot;classic&quot;}\">\n\t\t\t\t\t<div class=\"e-con-inner\">\n\t\t<div class=\"elementor-element elementor-element-5f5cac3 e-con-full e-grid e-con e-child\" data-id=\"5f5cac3\" data-element_type=\"container\" data-e-type=\"container\" data-settings=\"{&quot;motion_fx_motion_fx_scrolling&quot;:&quot;yes&quot;,&quot;motion_fx_translateY_effect&quot;:&quot;yes&quot;,&quot;motion_fx_translateY_speed&quot;:{&quot;unit&quot;:&quot;px&quot;,&quot;size&quot;:2,&quot;sizes&quot;:[]},&quot;motion_fx_translateY_affectedRange&quot;:{&quot;unit&quot;:&quot;%&quot;,&quot;size&quot;:&quot;&quot;,&quot;sizes&quot;:{&quot;start&quot;:0,&quot;end&quot;:100}},&quot;motion_fx_devices&quot;:[&quot;desktop&quot;,&quot;tablet&quot;,&quot;mobile&quot;]}\">\n\t\t<div class=\"elementor-element elementor-element-b765c41 e-con-full e-flex e-con e-child\" data-id=\"b765c41\" data-element_type=\"container\" data-e-type=\"container\">\n\t\t\t\t<div class=\"elementor-element elementor-element-8ad1cac elementor-widget elementor-widget-heading\" data-id=\"8ad1cac\" data-element_type=\"widget\" data-e-type=\"widget\" data-widget_type=\"heading.default\">\n\t\t\t\t<div class=\"elementor-widget-container\">\n\t\t\t\t\t<span class=\"elementor-heading-title elementor-size-default\">Kontor<\/span>\t\t\t\t<\/div>\n\t\t\t\t<\/div>\n\t\t\t\t<div class=\"elementor-element elementor-element-a186733 elementor-widget elementor-widget-heading\" data-id=\"a186733\" data-element_type=\"widget\" data-e-type=\"widget\" data-widget_type=\"heading.default\">\n\t\t\t\t<div class=\"elementor-widget-container\">\n\t\t\t\t\t<h1 class=\"elementor-heading-title elementor-size-default\">Arbetsplatser som \u00f6kar kreativiteten<\/h1>\t\t\t\t<\/div>\n\t\t\t\t<\/div>\n\t\t\t\t<div class=\"elementor-element elementor-element-00c4c85 elementor-widget elementor-widget-text-editor\" data-id=\"00c4c85\" data-element_type=\"widget\" data-e-type=\"widget\" data-widget_type=\"text-editor.default\">\n\t\t\t\t<div class=\"elementor-widget-container\">\n\t\t\t\t\t\t\t\t\t<p>Fastighetsautomation \u00e4r grunden f\u00f6r ett kontorsklimat som b\u00e5de k\u00e4nns och presterar b\u00e4ttre. N\u00e4r ventilation, v\u00e4rme, kyla och belysning samverkar p\u00e5 ett smart s\u00e4tt skapas v\u00e4lm\u00e5ende milj\u00f6er d\u00e4r \u00f6kad produktivitet g\u00e5r hand i hand med energieffektivare lokaler som h\u00e5ller \u00f6ver tid.<\/p>\t\t\t\t\t\t\t\t<\/div>\n\t\t\t\t<\/div>\n\t\t\t\t<\/div>\n\t\t\t\t<\/div>\n\t\t\t\t\t<\/div>\n\t\t\t\t<\/div>\n\t\t<div class=\"elementor-element elementor-element-eb66225 e-grid e-con-full e-con e-parent\" data-id=\"eb66225\" data-element_type=\"container\" data-e-type=\"container\">\n\t\t<div class=\"elementor-element elementor-element-2be8f06 e-flex e-con-boxed e-con e-child\" data-id=\"2be8f06\" data-element_type=\"container\" data-e-type=\"container\">\n\t\t\t\t\t<div class=\"e-con-inner\">\n\t\t<div class=\"elementor-element elementor-element-cf9caa1 e-con-full e-flex e-con e-child\" data-id=\"cf9caa1\" data-element_type=\"container\" data-e-type=\"container\">\n\t\t\t\t<div class=\"elementor-element elementor-element-5fd920b elementor-widget elementor-widget-heading\" data-id=\"5fd920b\" data-element_type=\"widget\" data-e-type=\"widget\" data-widget_type=\"heading.default\">\n\t\t\t\t<div class=\"elementor-widget-container\">\n\t\t\t\t\t<h2 class=\"elementor-heading-title elementor-size-default\">Komfort, funktion och energi  i balans<\/h2>\t\t\t\t<\/div>\n\t\t\t\t<\/div>\n\t\t\t\t<div class=\"elementor-element elementor-element-9f668c1 elementor-widget elementor-widget-text-editor\" data-id=\"9f668c1\" data-element_type=\"widget\" data-e-type=\"widget\" data-widget_type=\"text-editor.default\">\n\t\t\t\t<div class=\"elementor-widget-container\">\n\t\t\t\t\t\t\t\t\t<p>Ett kontor ska inte bara fungera, det ska k\u00e4nnas r\u00e4tt och vara en plats f\u00f6r kreativitet. Vi utg\u00e5r fr\u00e5n era specifika krav, f\u00f6ruts\u00e4ttningar och behov med l\u00f6sningar som ger b\u00e4st balans mellan komfort, funktion och energianv\u00e4ndning. Resultatet \u00e4r en arbetsplats d\u00e4r tekniken arbetar i bakgrunden och m\u00e4nniskor f\u00e5r utrymme att trivas, prestera och m\u00e5 bra samtidigt som kostnaderna minimeras.<\/p><p>Vi \u00e4r vana att arbeta med s\u00e5v\u00e4l nyproduktion som hyresg\u00e4stanpassningar i befintliga fastigheter och tar ansvar f\u00f6r helheten, fr\u00e5n analys och r\u00e5dgivning till design, installation och support.<\/p><div>\u00a0<\/div>\t\t\t\t\t\t\t\t<\/div>\n\t\t\t\t<\/div>\n\t\t\t\t<\/div>\n\t\t\t\t\t<\/div>\n\t\t\t\t<\/div>\n\t\t\t\t<div class=\"elementor-element elementor-element-517e452 elementor-widget elementor-widget-image\" data-id=\"517e452\" data-element_type=\"widget\" data-e-type=\"widget\" data-widget_type=\"image.default\">\n\t\t\t\t<div class=\"elementor-widget-container\">\n\t\t\t\t\t\t\t\t\t\t\t\t\t\t\t<img fetchpriority=\"high\" decoding=\"async\" width=\"800\" height=\"534\" src=\"https:\/\/wearesi.se\/wp-content\/uploads\/2026\/03\/Varbergs-Sparbank-1024x683.webp\" class=\"attachment-large size-large wp-image-19510\" alt=\"\" srcset=\"https:\/\/wearesi.se\/wp-content\/uploads\/2026\/03\/Varbergs-Sparbank-1024x683.webp 1024w, https:\/\/wearesi.se\/wp-content\/uploads\/2026\/03\/Varbergs-Sparbank-300x200.webp 300w, https:\/\/wearesi.se\/wp-content\/uploads\/2026\/03\/Varbergs-Sparbank-768x512.webp 768w, https:\/\/wearesi.se\/wp-content\/uploads\/2026\/03\/Varbergs-Sparbank-1536x1024.webp 1536w, https:\/\/wearesi.se\/wp-content\/uploads\/2026\/03\/Varbergs-Sparbank-2048x1365.webp 2048w, https:\/\/wearesi.se\/wp-content\/uploads\/2026\/03\/Varbergs-Sparbank-18x12.webp 18w\" sizes=\"(max-width: 800px) 100vw, 800px\" \/>\t\t\t\t\t\t\t\t\t\t\t\t\t\t\t<\/div>\n\t\t\t\t<\/div>\n\t\t\t\t<\/div>\n\t\t<div class=\"elementor-element elementor-element-20a62d55 e-grid e-con-full e-con e-parent\" data-id=\"20a62d55\" data-element_type=\"container\" data-e-type=\"container\">\n\t\t\t\t<div class=\"elementor-element elementor-element-4083395a elementor-widget elementor-widget-image\" data-id=\"4083395a\" data-element_type=\"widget\" data-e-type=\"widget\" data-widget_type=\"image.default\">\n\t\t\t\t<div class=\"elementor-widget-container\">\n\t\t\t\t\t\t\t\t\t\t\t\t\t\t\t<img decoding=\"async\" width=\"800\" height=\"534\" src=\"https:\/\/wearesi.se\/wp-content\/uploads\/2026\/03\/Kontor_1-1024x683.webp\" class=\"attachment-large size-large wp-image-20537\" alt=\"\" srcset=\"https:\/\/wearesi.se\/wp-content\/uploads\/2026\/03\/Kontor_1-1024x683.webp 1024w, https:\/\/wearesi.se\/wp-content\/uploads\/2026\/03\/Kontor_1-300x200.webp 300w, https:\/\/wearesi.se\/wp-content\/uploads\/2026\/03\/Kontor_1-768x512.webp 768w, https:\/\/wearesi.se\/wp-content\/uploads\/2026\/03\/Kontor_1-1536x1024.webp 1536w, https:\/\/wearesi.se\/wp-content\/uploads\/2026\/03\/Kontor_1-18x12.webp 18w, https:\/\/wearesi.se\/wp-content\/uploads\/2026\/03\/Kontor_1.webp 1920w\" sizes=\"(max-width: 800px) 100vw, 800px\" \/>\t\t\t\t\t\t\t\t\t\t\t\t\t\t\t<\/div>\n\t\t\t\t<\/div>\n\t\t<div class=\"elementor-element elementor-element-58e1ddfa e-flex e-con-boxed e-con e-child\" data-id=\"58e1ddfa\" data-element_type=\"container\" data-e-type=\"container\">\n\t\t\t\t\t<div class=\"e-con-inner\">\n\t\t<div class=\"elementor-element elementor-element-546e31b4 e-con-full e-flex e-con e-child\" data-id=\"546e31b4\" data-element_type=\"container\" data-e-type=\"container\">\n\t\t\t\t<div class=\"elementor-element elementor-element-754742e4 elementor-widget elementor-widget-heading\" data-id=\"754742e4\" data-element_type=\"widget\" data-e-type=\"widget\" data-widget_type=\"heading.default\">\n\t\t\t\t<div class=\"elementor-widget-container\">\n\t\t\t\t\t<h2 class=\"elementor-heading-title elementor-size-default\">Smart styrning efter  lokalens anv\u00e4ndning<\/h2>\t\t\t\t<\/div>\n\t\t\t\t<\/div>\n\t\t\t\t<div class=\"elementor-element elementor-element-15110c00 elementor-widget elementor-widget-text-editor\" data-id=\"15110c00\" data-element_type=\"widget\" data-e-type=\"widget\" data-widget_type=\"text-editor.default\">\n\t\t\t\t<div class=\"elementor-widget-container\">\n\t\t\t\t\t\t\t\t\t<p>N\u00e4rvarostyrda och behovsbaserade system g\u00f6r att v\u00e4rme, ventilation, kyla och&nbsp; belysning automatiskt anpassas efter hur lokalen anv\u00e4nds.&nbsp;<\/p>\n<div>\n<p>Resultatet \u00e4r l\u00e4gre kostnader, mindre slitage och ett j\u00e4mnare mer h\u00e4lsosamt inomhusklimat d\u00e4r b\u00e5de komfort och arbetsmilj\u00f6 optimeras helt automatiskt.<\/p>\n<\/div>\t\t\t\t\t\t\t\t<\/div>\n\t\t\t\t<\/div>\n\t\t\t\t<\/div>\n\t\t\t\t\t<\/div>\n\t\t\t\t<\/div>\n\t\t\t\t<\/div>\n\t\t<div class=\"elementor-element elementor-element-374d65f7 e-flex e-con-boxed e-con e-parent\" data-id=\"374d65f7\" data-element_type=\"container\" data-e-type=\"container\" data-settings=\"{&quot;background_background&quot;:&quot;classic&quot;}\">\n\t\t\t\t\t<div class=\"e-con-inner\">\n\t\t\t\t<div class=\"elementor-element elementor-element-7a1be629 elementor-widget elementor-widget-heading\" data-id=\"7a1be629\" data-element_type=\"widget\" data-e-type=\"widget\" data-widget_type=\"heading.default\">\n\t\t\t\t<div class=\"elementor-widget-container\">\n\t\t\t\t\t<h2 class=\"elementor-heading-title elementor-size-default\">Jag vill veta mer om l\u00f6sningar f\u00f6r <\/h2>\t\t\t\t<\/div>\n\t\t\t\t<\/div>\n\t\t\t\t<div class=\"elementor-element elementor-element-6d588d52 elementor-widget__width-initial elementor-widget elementor-widget-heading\" data-id=\"6d588d52\" data-element_type=\"widget\" data-e-type=\"widget\" data-widget_type=\"heading.default\">\n\t\t\t\t<div class=\"elementor-widget-container\">\n\t\t\t\t\t<h2 class=\"elementor-heading-title elementor-size-default\">Kontor<\/h2>\t\t\t\t<\/div>\n\t\t\t\t<\/div>\n\t\t\t\t<div class=\"elementor-element elementor-element-470c5193 elementor-widget elementor-widget-text-editor\" data-id=\"470c5193\" data-element_type=\"widget\" data-e-type=\"widget\" data-widget_type=\"text-editor.default\">\n\t\t\t\t<div class=\"elementor-widget-container\">\n\t\t\t\t\t\t\t\t\t<p>Inom SI finns b\u00e5de bred och djup kunskap. V\u00e5rt fokus \u00e4r alltid att lyssna p\u00e5 v\u00e5ra kunder f\u00f6r att tillsammans hitta den b\u00e4sta l\u00f6sningen. Varmt v\u00e4lkomna att h\u00f6ra av er!<\/p>\t\t\t\t\t\t\t\t<\/div>\n\t\t\t\t<\/div>\n\t\t\t\t<div class=\"elementor-element elementor-element-49b5a4f4 elementor-align-left elementor-widget elementor-widget-button\" data-id=\"49b5a4f4\" data-element_type=\"widget\" data-e-type=\"widget\" data-widget_type=\"button.default\">\n\t\t\t\t<div class=\"elementor-widget-container\">\n\t\t\t\t\t\t\t\t\t<div class=\"elementor-button-wrapper\">\n\t\t\t\t\t<a class=\"elementor-button elementor-button-link elementor-size-sm\" href=\"#elementor-action%3Aaction%3Dpopup%3Aopen%26settings%3DeyJpZCI6IjIyOTYzIiwidG9nZ2xlIjpmYWxzZX0%3D\">\n\t\t\t\t\t\t<span class=\"elementor-button-content-wrapper\">\n\t\t\t\t\t\t\t\t\t<span class=\"elementor-button-text\">Kontakta oss<\/span>\n\t\t\t\t\t<\/span>\n\t\t\t\t\t<\/a>\n\t\t\t\t<\/div>\n\t\t\t\t\t\t\t\t<\/div>\n\t\t\t\t<\/div>\n\t\t\t\t\t<\/div>\n\t\t\t\t<\/div>\n\t\t\t\t<\/div>\n\t\t","protected":false},"excerpt":{"rendered":"<p>Kontor Arbetsplatser som \u00f6kar kreativiteten Fastighetsautomation \u00e4r grunden f\u00f6r ett kontorsklimat som b\u00e5de k\u00e4nns och presterar b\u00e4ttre. N\u00e4r ventilation, v\u00e4rme, kyla och belysning samverkar p\u00e5 ett smart s\u00e4tt skapas v\u00e4lm\u00e5ende milj\u00f6er d\u00e4r \u00f6kad produktivitet g\u00e5r hand i hand med energieffektivare lokaler som h\u00e5ller \u00f6ver tid. Komfort, funktion och energi i balans Ett kontor ska inte [&hellip;]<\/p>\n","protected":false},"author":9,"featured_media":0,"parent":16405,"menu_order":0,"comment_status":"closed","ping_status":"closed","template":"","meta":{"_acf_changed":false,"footnotes":""},"class_list":["post-16454","page","type-page","status-publish","hentry"],"acf":[],"_links":{"self":[{"href":"https:\/\/wearesi.se\/en\/wp-json\/wp\/v2\/pages\/16454","targetHints":{"allow":["GET"]}}],"collection":[{"href":"https:\/\/wearesi.se\/en\/wp-json\/wp\/v2\/pages"}],"about":[{"href":"https:\/\/wearesi.se\/en\/wp-json\/wp\/v2\/types\/page"}],"author":[{"embeddable":true,"href":"https:\/\/wearesi.se\/en\/wp-json\/wp\/v2\/users\/9"}],"replies":[{"embeddable":true,"href":"https:\/\/wearesi.se\/en\/wp-json\/wp\/v2\/comments?post=16454"}],"version-history":[{"count":56,"href":"https:\/\/wearesi.se\/en\/wp-json\/wp\/v2\/pages\/16454\/revisions"}],"predecessor-version":[{"id":23143,"href":"https:\/\/wearesi.se\/en\/wp-json\/wp\/v2\/pages\/16454\/revisions\/23143"}],"up":[{"embeddable":true,"href":"https:\/\/wearesi.se\/en\/wp-json\/wp\/v2\/pages\/16405"}],"wp:attachment":[{"href":"https:\/\/wearesi.se\/en\/wp-json\/wp\/v2\/media?parent=16454"}],"curies":[{"name":"wp","href":"https:\/\/api.w.org\/{rel}","templated":true}]}}