{"id":15126,"date":"2025-02-18T15:26:46","date_gmt":"2025-02-18T14:26:46","guid":{"rendered":"https:\/\/wearesi.se\/?page_id=15126"},"modified":"2026-04-17T10:13:35","modified_gmt":"2026-04-17T08:13:35","slug":"sustainable","status":"publish","type":"page","link":"https:\/\/wearesi.se\/en\/sustainable","title":{"rendered":"Sustainable"},"content":{"rendered":"\t\t<div data-elementor-type=\"wp-page\" data-elementor-id=\"15126\" class=\"elementor elementor-15126\" data-elementor-post-type=\"page\">\n\t\t\t\t<div class=\"elementor-element elementor-element-6bd70af e-flex e-con-boxed e-con e-parent\" data-id=\"6bd70af\" data-element_type=\"container\" data-e-type=\"container\" data-settings=\"{&quot;background_background&quot;:&quot;classic&quot;}\">\n\t\t\t\t\t<div class=\"e-con-inner\">\n\t\t<div class=\"elementor-element elementor-element-b072ccf e-con-full e-flex e-con e-child\" data-id=\"b072ccf\" data-element_type=\"container\" data-e-type=\"container\" data-settings=\"{&quot;motion_fx_motion_fx_scrolling&quot;:&quot;yes&quot;,&quot;motion_fx_translateY_effect&quot;:&quot;yes&quot;,&quot;motion_fx_translateY_speed&quot;:{&quot;unit&quot;:&quot;px&quot;,&quot;size&quot;:2,&quot;sizes&quot;:[]},&quot;motion_fx_translateY_affectedRange&quot;:{&quot;unit&quot;:&quot;%&quot;,&quot;size&quot;:&quot;&quot;,&quot;sizes&quot;:{&quot;start&quot;:0,&quot;end&quot;:100}},&quot;motion_fx_devices&quot;:[&quot;desktop&quot;,&quot;tablet&quot;,&quot;mobile&quot;]}\">\n\t\t\t\t<div class=\"elementor-element elementor-element-5ec83fb elementor-widget elementor-widget-heading\" data-id=\"5ec83fb\" data-element_type=\"widget\" data-e-type=\"widget\" data-widget_type=\"heading.default\">\n\t\t\t\t<div class=\"elementor-widget-container\">\n\t\t\t\t\t<h2 class=\"elementor-heading-title elementor-size-default\">H\u00e5llbarhetsarbete<\/h2>\t\t\t\t<\/div>\n\t\t\t\t<\/div>\n\t\t\t\t<div class=\"elementor-element elementor-element-0e9ac93 e-transform elementor-invisible elementor-widget elementor-widget-heading\" data-id=\"0e9ac93\" data-element_type=\"widget\" data-e-type=\"widget\" data-settings=\"{&quot;_animation&quot;:&quot;fadeInUp&quot;,&quot;_transform_translateX_effect&quot;:{&quot;unit&quot;:&quot;px&quot;,&quot;size&quot;:&quot;&quot;,&quot;sizes&quot;:[]},&quot;_transform_translateX_effect_tablet&quot;:{&quot;unit&quot;:&quot;px&quot;,&quot;size&quot;:&quot;&quot;,&quot;sizes&quot;:[]},&quot;_transform_translateX_effect_mobile&quot;:{&quot;unit&quot;:&quot;px&quot;,&quot;size&quot;:&quot;&quot;,&quot;sizes&quot;:[]},&quot;_transform_translateY_effect&quot;:{&quot;unit&quot;:&quot;px&quot;,&quot;size&quot;:&quot;&quot;,&quot;sizes&quot;:[]},&quot;_transform_translateY_effect_tablet&quot;:{&quot;unit&quot;:&quot;px&quot;,&quot;size&quot;:&quot;&quot;,&quot;sizes&quot;:[]},&quot;_transform_translateY_effect_mobile&quot;:{&quot;unit&quot;:&quot;px&quot;,&quot;size&quot;:&quot;&quot;,&quot;sizes&quot;:[]}}\" data-widget_type=\"heading.default\">\n\t\t\t\t<div class=\"elementor-widget-container\">\n\t\t\t\t\t<h1 class=\"elementor-heading-title elementor-size-default\">Sustainable<\/h1>\t\t\t\t<\/div>\n\t\t\t\t<\/div>\n\t\t\t\t<div class=\"elementor-element elementor-element-8e5f5ce elementor-invisible elementor-widget elementor-widget-text-editor\" data-id=\"8e5f5ce\" data-element_type=\"widget\" data-e-type=\"widget\" data-settings=\"{&quot;_animation&quot;:&quot;fadeInUp&quot;}\" data-widget_type=\"text-editor.default\">\n\t\t\t\t<div class=\"elementor-widget-container\">\n\t\t\t\t\t\t\t\t\t<p>Med h\u00e5llbarhet i centrum<\/p>\t\t\t\t\t\t\t\t<\/div>\n\t\t\t\t<\/div>\n\t\t\t\t<\/div>\n\t\t\t\t\t<\/div>\n\t\t\t\t<\/div>\n\t\t<div class=\"elementor-element elementor-element-cf9f944 e-con-full elementor-hidden-tablet elementor-hidden-mobile e-flex e-con e-parent\" data-id=\"cf9f944\" data-element_type=\"container\" data-e-type=\"container\" id=\"pagemenu\" data-settings=\"{&quot;background_background&quot;:&quot;classic&quot;,&quot;sticky&quot;:&quot;top&quot;,&quot;sticky_offset&quot;:70,&quot;sticky_on&quot;:[&quot;desktop&quot;,&quot;tablet&quot;,&quot;mobile&quot;],&quot;sticky_effects_offset&quot;:0,&quot;sticky_anchor_link_offset&quot;:0}\">\n\t\t\t\t<div class=\"elementor-element elementor-element-3c166d9 elementor-icon-list--layout-inline elementor-align-end elementor-list-item-link-full_width elementor-widget elementor-widget-icon-list\" data-id=\"3c166d9\" data-element_type=\"widget\" data-e-type=\"widget\" data-widget_type=\"icon-list.default\">\n\t\t\t\t<div class=\"elementor-widget-container\">\n\t\t\t\t\t\t\t<ul class=\"elementor-icon-list-items elementor-inline-items\">\n\t\t\t\t\t\t\t<li class=\"elementor-icon-list-item elementor-inline-item\">\n\t\t\t\t\t\t\t\t\t\t\t<a href=\"https:\/\/wearesi.se\/en\/vart-hallbarhetsarbete\">\n\n\t\t\t\t\t\t\t\t\t\t\t<span class=\"elementor-icon-list-text\">V\u00e5rt h\u00e5llbarhetsarbete<\/span>\n\t\t\t\t\t\t\t\t\t\t\t<\/a>\n\t\t\t\t\t\t\t\t\t<\/li>\n\t\t\t\t\t\t\t\t<li class=\"elementor-icon-list-item elementor-inline-item\">\n\t\t\t\t\t\t\t\t\t\t\t<a href=\"https:\/\/wearesi.se\/en\/we-are-si\">\n\n\t\t\t\t\t\t\t\t\t\t\t<span class=\"elementor-icon-list-text\">We are SI<\/span>\n\t\t\t\t\t\t\t\t\t\t\t<\/a>\n\t\t\t\t\t\t\t\t\t<\/li>\n\t\t\t\t\t\t\t\t<li class=\"elementor-icon-list-item elementor-inline-item\">\n\t\t\t\t\t\t\t\t\t\t\t<a href=\"https:\/\/wearesi.se\/en\/sustainable\">\n\n\t\t\t\t\t\t\t\t\t\t\t<span class=\"elementor-icon-list-text\">Sustainable<\/span>\n\t\t\t\t\t\t\t\t\t\t\t<\/a>\n\t\t\t\t\t\t\t\t\t<\/li>\n\t\t\t\t\t\t\t\t<li class=\"elementor-icon-list-item elementor-inline-item\">\n\t\t\t\t\t\t\t\t\t\t\t<a href=\"https:\/\/wearesi.se\/en\/intelligence\">\n\n\t\t\t\t\t\t\t\t\t\t\t<span class=\"elementor-icon-list-text\">Intelligence<\/span>\n\t\t\t\t\t\t\t\t\t\t\t<\/a>\n\t\t\t\t\t\t\t\t\t<\/li>\n\t\t\t\t\t\t\t\t<li class=\"elementor-icon-list-item elementor-inline-item\">\n\t\t\t\t\t\t\t\t\t\t\t<a href=\"https:\/\/wearesi.se\/wp-content\/uploads\/2025\/05\/SI_Hallbarhetsredovisning_2024.pdf\">\n\n\t\t\t\t\t\t\t\t\t\t\t<span class=\"elementor-icon-list-text\">H\u00e5llbarhetsredovisning 2025<\/span>\n\t\t\t\t\t\t\t\t\t\t\t<\/a>\n\t\t\t\t\t\t\t\t\t<\/li>\n\t\t\t\t\t\t<\/ul>\n\t\t\t\t\t\t<\/div>\n\t\t\t\t<\/div>\n\t\t\t\t<\/div>\n\t\t<div class=\"elementor-element elementor-element-76111a6 e-flex e-con-boxed e-con e-parent\" data-id=\"76111a6\" data-element_type=\"container\" data-e-type=\"container\" data-settings=\"{&quot;background_background&quot;:&quot;classic&quot;}\">\n\t\t\t\t\t<div class=\"e-con-inner\">\n\t\t<div class=\"elementor-element elementor-element-48daee9 e-con-full animated-slow e-flex elementor-invisible e-con e-child\" data-id=\"48daee9\" data-element_type=\"container\" data-e-type=\"container\" data-settings=\"{&quot;motion_fx_motion_fx_scrolling&quot;:&quot;yes&quot;,&quot;motion_fx_translateY_effect&quot;:&quot;yes&quot;,&quot;motion_fx_translateY_speed&quot;:{&quot;unit&quot;:&quot;px&quot;,&quot;size&quot;:0.5,&quot;sizes&quot;:[]},&quot;animation&quot;:&quot;fadeIn&quot;,&quot;motion_fx_translateY_affectedRange&quot;:{&quot;unit&quot;:&quot;%&quot;,&quot;size&quot;:&quot;&quot;,&quot;sizes&quot;:{&quot;start&quot;:0,&quot;end&quot;:100}},&quot;motion_fx_devices&quot;:[&quot;desktop&quot;,&quot;tablet&quot;,&quot;mobile&quot;]}\">\n\t\t\t\t<div class=\"elementor-element elementor-element-e964952 elementor-widget elementor-widget-heading\" data-id=\"e964952\" data-element_type=\"widget\" data-e-type=\"widget\" data-widget_type=\"heading.default\">\n\t\t\t\t<div class=\"elementor-widget-container\">\n\t\t\t\t\t<h2 class=\"elementor-heading-title elementor-size-default\">Fr\u00e5n handprint till footprint, v\u00e5rt arbete f\u00f6r en h\u00e5llbar framtid<\/h2>\t\t\t\t<\/div>\n\t\t\t\t<\/div>\n\t\t\t\t<div class=\"elementor-element elementor-element-689e2b6 elementor-widget__width-initial elementor-widget elementor-widget-text-editor\" data-id=\"689e2b6\" data-element_type=\"widget\" data-e-type=\"widget\" data-widget_type=\"text-editor.default\">\n\t\t\t\t<div class=\"elementor-widget-container\">\n\t\t\t\t\t\t\t\t\t<p>V\u00e5rt fokusomr\u00e5de Sustainable handlar om v\u00e5rt ansvar att p\u00e5verka omv\u00e4rlden p\u00e5 ett h\u00e5llbart s\u00e4tt. H\u00e4r m\u00e4ter vi b\u00e5de v\u00e5rt handprint, vilket inneb\u00e4r de positiva milj\u00f6effekterna av v\u00e5r verksamhet, samt v\u00e5rt footprint, som handlar om det negativa avtryck som v\u00e5r verksamhet orsakar.<\/p>\t\t\t\t\t\t\t\t<\/div>\n\t\t\t\t<\/div>\n\t\t\t\t<\/div>\n\t\t\t\t\t<\/div>\n\t\t\t\t<\/div>\n\t\t<div class=\"elementor-element elementor-element-450b39f e-flex e-con-boxed e-con e-parent\" data-id=\"450b39f\" data-element_type=\"container\" data-e-type=\"container\" data-settings=\"{&quot;background_background&quot;:&quot;classic&quot;}\">\n\t\t\t\t\t<div class=\"e-con-inner\">\n\t\t<div class=\"elementor-element elementor-element-7ebf3b1 e-con-full e-grid e-con e-child\" data-id=\"7ebf3b1\" data-element_type=\"container\" data-e-type=\"container\">\n\t\t\t\t<div class=\"elementor-element elementor-element-33106e0 elementor-widget elementor-widget-image\" data-id=\"33106e0\" data-element_type=\"widget\" data-e-type=\"widget\" data-widget_type=\"image.default\">\n\t\t\t\t<div class=\"elementor-widget-container\">\n\t\t\t\t\t\t\t\t\t\t\t\t\t\t\t<img fetchpriority=\"high\" decoding=\"async\" width=\"500\" height=\"499\" src=\"https:\/\/wearesi.se\/wp-content\/uploads\/2025\/02\/opt-sus2.png\" class=\"attachment-large size-large wp-image-15230\" alt=\"\" srcset=\"https:\/\/wearesi.se\/wp-content\/uploads\/2025\/02\/opt-sus2.png 500w, https:\/\/wearesi.se\/wp-content\/uploads\/2025\/02\/opt-sus2-300x300.png 300w, https:\/\/wearesi.se\/wp-content\/uploads\/2025\/02\/opt-sus2-150x150.png 150w\" sizes=\"(max-width: 500px) 100vw, 500px\" \/>\t\t\t\t\t\t\t\t\t\t\t\t\t\t\t<\/div>\n\t\t\t\t<\/div>\n\t\t<div class=\"elementor-element elementor-element-4821b60 e-con-full e-grid e-con e-child\" data-id=\"4821b60\" data-element_type=\"container\" data-e-type=\"container\">\n\t\t\t\t<div class=\"elementor-element elementor-element-f193091 elementor-widget elementor-widget-text-editor\" data-id=\"f193091\" data-element_type=\"widget\" data-e-type=\"widget\" data-widget_type=\"text-editor.default\">\n\t\t\t\t<div class=\"elementor-widget-container\">\n\t\t\t\t\t\t\t\t\t<p><strong>Handprint (Positiv milj\u00f6p\u00e5verkan)<\/strong><br \/>Genom att m\u00e4ta handprint f\u00e5r vi en tydlig bild av hur v\u00e5r verksamhet bidrar positivt. Genom uppf\u00f6ljning av detta s\u00e4kerst\u00e4ller vi att v\u00e5ra l\u00f6sningar skapar konkret v\u00e4rde f\u00f6r b\u00e5de v\u00e5ra kunder och milj\u00f6n.<\/p>\t\t\t\t\t\t\t\t<\/div>\n\t\t\t\t<\/div>\n\t\t<div class=\"elementor-element elementor-element-13be155 e-con-full e-flex e-con e-child\" data-id=\"13be155\" data-element_type=\"container\" data-e-type=\"container\">\n\t\t\t\t<div class=\"elementor-element elementor-element-63d9a10 elementor-widget elementor-widget-text-editor\" data-id=\"63d9a10\" data-element_type=\"widget\" data-e-type=\"widget\" data-widget_type=\"text-editor.default\">\n\t\t\t\t<div class=\"elementor-widget-container\">\n\t\t\t\t\t\t\t\t\t<strong>Nyckeltal<\/strong>\n<ul>\n \t<li>Minskat koldioxidavtryck (CO<sub>2<\/sub>-utsl\u00e4pp) f\u00f6r kunder.<\/li>\n<\/ul>\t\t\t\t\t\t\t\t<\/div>\n\t\t\t\t<\/div>\n\t\t\t\t<\/div>\n\t\t\t\t<\/div>\n\t\t\t\t<\/div>\n\t\t\t\t\t<\/div>\n\t\t\t\t<\/div>\n\t\t<div class=\"elementor-element elementor-element-32875b5 e-flex e-con-boxed e-con e-parent\" data-id=\"32875b5\" data-element_type=\"container\" data-e-type=\"container\">\n\t\t\t\t\t<div class=\"e-con-inner\">\n\t\t<div class=\"elementor-element elementor-element-025a6ce e-con-full e-grid e-con e-child\" data-id=\"025a6ce\" data-element_type=\"container\" data-e-type=\"container\">\n\t\t\t\t<div class=\"elementor-element elementor-element-ea18f9f elementor-widget elementor-widget-image\" data-id=\"ea18f9f\" data-element_type=\"widget\" data-e-type=\"widget\" data-widget_type=\"image.default\">\n\t\t\t\t<div class=\"elementor-widget-container\">\n\t\t\t\t\t\t\t\t\t\t\t\t\t\t\t<img decoding=\"async\" width=\"500\" height=\"500\" src=\"https:\/\/wearesi.se\/wp-content\/uploads\/2025\/02\/opt-sus1.png\" class=\"attachment-large size-large wp-image-15228\" alt=\"\" srcset=\"https:\/\/wearesi.se\/wp-content\/uploads\/2025\/02\/opt-sus1.png 500w, https:\/\/wearesi.se\/wp-content\/uploads\/2025\/02\/opt-sus1-300x300.png 300w, https:\/\/wearesi.se\/wp-content\/uploads\/2025\/02\/opt-sus1-150x150.png 150w\" sizes=\"(max-width: 500px) 100vw, 500px\" \/>\t\t\t\t\t\t\t\t\t\t\t\t\t\t\t<\/div>\n\t\t\t\t<\/div>\n\t\t<div class=\"elementor-element elementor-element-a593a47 e-con-full e-grid e-con e-child\" data-id=\"a593a47\" data-element_type=\"container\" data-e-type=\"container\">\n\t\t\t\t<div class=\"elementor-element elementor-element-ed4ee85 elementor-widget elementor-widget-text-editor\" data-id=\"ed4ee85\" data-element_type=\"widget\" data-e-type=\"widget\" data-widget_type=\"text-editor.default\">\n\t\t\t\t<div class=\"elementor-widget-container\">\n\t\t\t\t\t\t\t\t\t<p><strong>Footprint (Milj\u00f6avtryck)<\/strong><br \/>Minska den negativa milj\u00f6p\u00e5verkan fr\u00e5n v\u00e5r verksamhet genom att m\u00e4ta och reducera v\u00e5rt utsl\u00e4pp s\u00e5 som energif\u00f6rbrukning och avfall.<\/p>\t\t\t\t\t\t\t\t<\/div>\n\t\t\t\t<\/div>\n\t\t<div class=\"elementor-element elementor-element-af86728 e-con-full e-flex e-con e-child\" data-id=\"af86728\" data-element_type=\"container\" data-e-type=\"container\">\n\t\t\t\t<div class=\"elementor-element elementor-element-f7c924d elementor-widget elementor-widget-text-editor\" data-id=\"f7c924d\" data-element_type=\"widget\" data-e-type=\"widget\" data-widget_type=\"text-editor.default\">\n\t\t\t\t<div class=\"elementor-widget-container\">\n\t\t\t\t\t\t\t\t\t<strong>Nyckeltal<\/strong>\n<ul>\n \t<li>CO<sub>2<\/sub>-utsl\u00e4pp enligt GHG-protokollet.<\/li>\n<\/ul>\t\t\t\t\t\t\t\t<\/div>\n\t\t\t\t<\/div>\n\t\t\t\t<\/div>\n\t\t\t\t<\/div>\n\t\t\t\t<\/div>\n\t\t\t\t\t<\/div>\n\t\t\t\t<\/div>\n\t\t<div class=\"elementor-element elementor-element-d2fbc69 e-flex e-con-boxed e-con e-parent\" data-id=\"d2fbc69\" data-element_type=\"container\" data-e-type=\"container\" data-settings=\"{&quot;background_background&quot;:&quot;classic&quot;}\">\n\t\t\t\t\t<div class=\"e-con-inner\">\n\t\t<div class=\"elementor-element elementor-element-3bbff04 e-con-full e-grid e-con e-child\" data-id=\"3bbff04\" data-element_type=\"container\" data-e-type=\"container\">\n\t\t<div class=\"elementor-element elementor-element-7f87d49 e-con-full e-flex e-con e-child\" data-id=\"7f87d49\" data-element_type=\"container\" data-e-type=\"container\">\n\t\t\t\t<div class=\"elementor-element elementor-element-0f8670b elementor-widget elementor-widget-image\" data-id=\"0f8670b\" data-element_type=\"widget\" data-e-type=\"widget\" data-widget_type=\"image.default\">\n\t\t\t\t<div class=\"elementor-widget-container\">\n\t\t\t\t\t\t\t\t\t\t\t\t\t\t\t<img decoding=\"async\" width=\"56\" height=\"46\" src=\"https:\/\/wearesi.se\/wp-content\/uploads\/2025\/02\/quote-icon.svg\" class=\"attachment-large size-large wp-image-15113\" alt=\"\" \/>\t\t\t\t\t\t\t\t\t\t\t\t\t\t\t<\/div>\n\t\t\t\t<\/div>\n\t\t\t\t<div class=\"elementor-element elementor-element-e9c6f0b elementor-widget__width-initial elementor-widget elementor-widget-text-editor\" data-id=\"e9c6f0b\" data-element_type=\"widget\" data-e-type=\"widget\" data-widget_type=\"text-editor.default\">\n\t\t\t\t<div class=\"elementor-widget-container\">\n\t\t\t\t\t\t\t\t\t<p>Vi tar dubbelt ansvar i v\u00e5rt h\u00e5llbarhetsarbete. Genom att m\u00e4ta b\u00e5de v\u00e5r footprint och handprint kan vi s\u00e4kerst\u00e4lla att vi inte bara reducerar v\u00e5r egen milj\u00f6p\u00e5verkan utan att vi ocks\u00e5 hj\u00e4lper v\u00e5ra kunder att n\u00e5 sina h\u00e5llbarhetsm\u00e5l. Det \u00e4r v\u00e5rt s\u00e4tt att bidra till en gr\u00f6nare framtid.<\/p><p><strong style=\"font-weight: 900;\">Malin Nordin<\/strong><br \/>H\u00e5llbarhetsansvarig f\u00f6r SI-gruppen<\/p>\t\t\t\t\t\t\t\t<\/div>\n\t\t\t\t<\/div>\n\t\t\t\t<\/div>\n\t\t\t\t<div class=\"elementor-element elementor-element-e34a993 elementor-widget elementor-widget-image\" data-id=\"e34a993\" data-element_type=\"widget\" data-e-type=\"widget\" data-widget_type=\"image.default\">\n\t\t\t\t<div class=\"elementor-widget-container\">\n\t\t\t\t\t\t\t\t\t\t\t\t\t\t\t<img loading=\"lazy\" decoding=\"async\" width=\"600\" height=\"600\" src=\"https:\/\/wearesi.se\/wp-content\/uploads\/2025\/02\/opt-MalinNilsson_rund-2.png\" class=\"attachment-large size-large wp-image-15232\" alt=\"\" srcset=\"https:\/\/wearesi.se\/wp-content\/uploads\/2025\/02\/opt-MalinNilsson_rund-2.png 600w, https:\/\/wearesi.se\/wp-content\/uploads\/2025\/02\/opt-MalinNilsson_rund-2-300x300.png 300w, https:\/\/wearesi.se\/wp-content\/uploads\/2025\/02\/opt-MalinNilsson_rund-2-150x150.png 150w\" sizes=\"(max-width: 600px) 100vw, 600px\" \/>\t\t\t\t\t\t\t\t\t\t\t\t\t\t\t<\/div>\n\t\t\t\t<\/div>\n\t\t\t\t<\/div>\n\t\t\t\t\t<\/div>\n\t\t\t\t<\/div>\n\t\t<div class=\"elementor-element elementor-element-f002be0 e-flex e-con-boxed e-con e-parent\" data-id=\"f002be0\" data-element_type=\"container\" data-e-type=\"container\" data-settings=\"{&quot;background_background&quot;:&quot;classic&quot;}\">\n\t\t\t\t\t<div class=\"e-con-inner\">\n\t\t<div class=\"elementor-element elementor-element-cde178d e-con-full e-flex e-con e-child\" data-id=\"cde178d\" data-element_type=\"container\" data-e-type=\"container\" data-settings=\"{&quot;background_background&quot;:&quot;gradient&quot;}\">\n\t\t\t\t<div class=\"elementor-element elementor-element-600a6fc elementor-widget elementor-widget-heading\" data-id=\"600a6fc\" data-element_type=\"widget\" data-e-type=\"widget\" data-widget_type=\"heading.default\">\n\t\t\t\t<div class=\"elementor-widget-container\">\n\t\t\t\t\t<h2 class=\"elementor-heading-title elementor-size-default\">VI \u00c4R SI - TILLSAMMANS TAR VI ANSVAR<\/h2>\t\t\t\t<\/div>\n\t\t\t\t<\/div>\n\t\t\t\t<\/div>\n\t\t\t\t\t<\/div>\n\t\t\t\t<\/div>\n\t\t\t\t<\/div>\n\t\t","protected":false},"excerpt":{"rendered":"<p>H\u00e5llbarhetsarbete Sustainable Med h\u00e5llbarhet i centrum V\u00e5rt h\u00e5llbarhetsarbete We are SI Sustainable Intelligence H\u00e5llbarhetsredovisning 2025 Fr\u00e5n handprint till footprint, v\u00e5rt arbete f\u00f6r en h\u00e5llbar framtid V\u00e5rt fokusomr\u00e5de Sustainable handlar om v\u00e5rt ansvar att p\u00e5verka omv\u00e4rlden p\u00e5 ett h\u00e5llbart s\u00e4tt. H\u00e4r m\u00e4ter vi b\u00e5de v\u00e5rt handprint, vilket inneb\u00e4r de positiva milj\u00f6effekterna av v\u00e5r verksamhet, samt v\u00e5rt [&hellip;]<\/p>\n","protected":false},"author":9,"featured_media":0,"parent":0,"menu_order":0,"comment_status":"closed","ping_status":"closed","template":"","meta":{"_acf_changed":false,"footnotes":""},"class_list":["post-15126","page","type-page","status-publish","hentry"],"acf":[],"_links":{"self":[{"href":"https:\/\/wearesi.se\/en\/wp-json\/wp\/v2\/pages\/15126","targetHints":{"allow":["GET"]}}],"collection":[{"href":"https:\/\/wearesi.se\/en\/wp-json\/wp\/v2\/pages"}],"about":[{"href":"https:\/\/wearesi.se\/en\/wp-json\/wp\/v2\/types\/page"}],"author":[{"embeddable":true,"href":"https:\/\/wearesi.se\/en\/wp-json\/wp\/v2\/users\/9"}],"replies":[{"embeddable":true,"href":"https:\/\/wearesi.se\/en\/wp-json\/wp\/v2\/comments?post=15126"}],"version-history":[{"count":40,"href":"https:\/\/wearesi.se\/en\/wp-json\/wp\/v2\/pages\/15126\/revisions"}],"predecessor-version":[{"id":23534,"href":"https:\/\/wearesi.se\/en\/wp-json\/wp\/v2\/pages\/15126\/revisions\/23534"}],"wp:attachment":[{"href":"https:\/\/wearesi.se\/en\/wp-json\/wp\/v2\/media?parent=15126"}],"curies":[{"name":"wp","href":"https:\/\/api.w.org\/{rel}","templated":true}]}}